{"id":102,"date":"2025-10-23T11:37:06","date_gmt":"2025-10-23T09:37:06","guid":{"rendered":"https:\/\/khaki-mantis-131414.hostingersite.com\/?page_id=102"},"modified":"2026-03-06T22:44:23","modified_gmt":"2026-03-06T21:44:23","slug":"legal-notice","status":"publish","type":"page","link":"https:\/\/ektennsa.net\/de\/legal-terms\/","title":{"rendered":"Rechtlicher Hinweis"},"content":{"rendered":"<section data-etch-element=\"section\" class=\"legal-page\"><div data-etch-element=\"container\" class=\"legal-page__container\"><article class=\"legal-content\"><h1 class=\"legal-page__title\">Rechtlicher Hinweis<\/h1><h2>Informationen zum Unternehmen<\/h2><p> Ektennsa GmbH<br \/> Blumenthaler Str. 36<br \/> 13156 Berlin<br \/> Deutschland <\/p><h2>Umsatzsteuer-Identifikationsnummer<\/h2><p>Umsatzsteuer-Identifikationsnummer gem\u00e4\u00df \u00a727 a Umsatzsteuergesetz: DE262802030<\/p><h2>Kontakt<\/h2><p> E-Mail: <a href=\"mailto:info@ektennsa.net\">info@ektennsa.net<\/a><br \/> Website: <a href=\"https:\/\/ektennsa.net\/de\/\">www.ektennsa.net<\/a><\/p><h2>Telefon<\/h2><ul><li>+49 30 364 37 209<\/li><li>+49 163 458 53 17 (mobil)<\/li><li>+49 151 258 48 599 (mobil)<\/li><\/ul><h2>Fax<\/h2><p>+49 30 364 371 - 53<\/p><h2>Haftung f\u00fcr Inhalte<\/h2><p> Die Inhalte unserer Seiten wurden mit gr\u00f6\u00dfter Sorgfalt erstellt. F\u00fcr die Richtigkeit, Vollst\u00e4ndigkeit und Aktualit\u00e4t der Inhalte k\u00f6nnen wir jedoch keine Gew\u00e4hr \u00fcbernehmen. Gem\u00e4\u00df den gesetzlichen Bestimmungen sind wir dar\u00fcber hinaus f\u00fcr eigene Inhalte auf diesen Seiten verantwortlich. Wir weisen in diesem Zusammenhang darauf hin, dass wir demnach nicht verpflichtet sind, lediglich die \u00fcbermittelten oder gespeicherten Informationen Dritter zu \u00fcberwachen oder nach Umst\u00e4nden zu forschen, die auf eine rechtswidrige T\u00e4tigkeit hinweisen. Verpflichtungen zur Entfernung oder Sperrung der Nutzung von Informationen nach den allgemeinen Gesetzen bleiben hiervon unber\u00fchrt, vgl. \u00a7\u00a7 8 bis 10 TMG. <\/p><h2>Haftung f\u00fcr Links<\/h2><p> F\u00fcr den Inhalt externer Links (zu Webseiten Dritter) sind ausschlie\u00dflich deren Betreiber verantwortlich. Zum Zeitpunkt der Verlinkung waren f\u00fcr uns keine Rechtsverst\u00f6\u00dfe ersichtlich. Bei Bekanntwerden von Rechtsverst\u00f6\u00dfen werden wir den entsprechenden Link umgehend entfernen. <\/p><h2>Urheberrecht<\/h2><p> Unsere Webseiten und deren Inhalte unterliegen dem deutschen Urheberrecht. Jede Form der Verwertung, Vervielf\u00e4ltigung oder Bearbeitung von urheberrechtlich gesch\u00fctzten Werken auf unseren Webseiten bedarf, soweit nicht ausdr\u00fccklich gesetzlich erlaubt, der vorherigen Zustimmung des jeweiligen Rechteinhabers. Einzelne Vervielf\u00e4ltigungen eines Werkes sind nur f\u00fcr den privaten Gebrauch gestattet. Die Materialien auf diesen Seiten sind urheberrechtlich gesch\u00fctzt und jede unerlaubte Nutzung kann gegen das Urheberrecht versto\u00dfen. <\/p><h2>WEbdesign<\/h2><p>Diese Website wurde realisiert von <a href=\"https:\/\/apollo-webdesign.de\" taget=\"_blank\" target=\"_blank\" rel=\"noopener\">Apollo Webdesign<\/a>.<\/p><\/article><\/div><\/section>","protected":false},"excerpt":{"rendered":"","protected":false},"author":3,"featured_media":0,"parent":0,"menu_order":0,"comment_status":"closed","ping_status":"closed","template":"","meta":{"_acf_changed":false,"footnotes":""},"class_list":["post-102","page","type-page","status-publish","hentry"],"acf":[],"_links":{"self":[{"href":"https:\/\/ektennsa.net\/de\/wp-json\/wp\/v2\/pages\/102","targetHints":{"allow":["GET"]}}],"collection":[{"href":"https:\/\/ektennsa.net\/de\/wp-json\/wp\/v2\/pages"}],"about":[{"href":"https:\/\/ektennsa.net\/de\/wp-json\/wp\/v2\/types\/page"}],"author":[{"embeddable":true,"href":"https:\/\/ektennsa.net\/de\/wp-json\/wp\/v2\/users\/3"}],"replies":[{"embeddable":true,"href":"https:\/\/ektennsa.net\/de\/wp-json\/wp\/v2\/comments?post=102"}],"version-history":[{"count":11,"href":"https:\/\/ektennsa.net\/de\/wp-json\/wp\/v2\/pages\/102\/revisions"}],"predecessor-version":[{"id":2972,"href":"https:\/\/ektennsa.net\/de\/wp-json\/wp\/v2\/pages\/102\/revisions\/2972"}],"wp:attachment":[{"href":"https:\/\/ektennsa.net\/de\/wp-json\/wp\/v2\/media?parent=102"}],"curies":[{"name":"wp","href":"https:\/\/api.w.org\/{rel}","templated":true}]}}