{"id":104,"date":"2025-10-23T11:39:08","date_gmt":"2025-10-23T09:39:08","guid":{"rendered":"https:\/\/khaki-mantis-131414.hostingersite.com\/datenschutzerklaerung\/"},"modified":"2026-03-06T22:44:24","modified_gmt":"2026-03-06T21:44:24","slug":"datenschutzbestimmungen","status":"publish","type":"page","link":"https:\/\/ektennsa.net\/de\/privacy-policy\/","title":{"rendered":"Datenschutzbestimmungen"},"content":{"rendered":"<section data-etch-element=\"section\" class=\"legal-page\"><div data-etch-element=\"container\" class=\"legal-page__container\"><article class=\"legal-content smart-spacing\"><h1 class=\"legal-page__title\">Datenschutzbestimmungen<\/h1><h2>Politik zum Datenschutz<\/h2><p>Unsere Website kann ohne Eingabe pers\u00f6nlicher Daten genutzt werden. F\u00fcr bestimmte Dienste auf unserer Seite k\u00f6nnen jedoch abweichende Regelungen gelten, die im Folgenden gesondert erl\u00e4utert werden. Personenbezogene Daten (z.B. Name, Anschrift, E-Mail-Adresse, Telefonnummer etc.) erheben wir von Ihnen gem\u00e4\u00df den Bestimmungen des deutschen Datenschutzrechts. Informationen gelten als personenbezogen, wenn sie ausschlie\u00dflich einer bestimmten nat\u00fcrlichen Person zugeordnet werden k\u00f6nnen. Die rechtlichen Rahmenbedingungen f\u00fcr den Datenschutz finden sich im Bundesdatenschutzgesetz (BDSG) und im Telemediengesetz (TMG). Die nachfolgenden Vorschriften informieren Sie \u00fcber Art, Umfang und Zweck der Erhebung, Nutzung und Verarbeitung personenbezogener Daten durch den Anbieter.<\/p><p><strong> EKTENNSA GMBH<br \/> Blumenthaler Str. 36<br \/> 13156 Berlin<br \/> DEUTSCHLAND <\/strong><\/p><p><strong> Telefon: 0049 30 364 37 209<br \/> E-Mail: info@ektennsa.net <\/strong><\/p><p>Wir weisen darauf hin, dass die Daten\u00fcbertragung im Internet Sicherheitsl\u00fccken aufweisen kann und daher ein l\u00fcckenloser Schutz der \u00fcbertragenen Daten vor dem Zugriff durch Dritte nicht gew\u00e4hrleistet ist.<\/p><h2>Cookies<\/h2><p>Unsere Website verwendet so genannte Cookies, um eine wiederholte Nutzung unserer Website durch denselben Nutzer\/Internetanschlussinhaber erkennen zu k\u00f6nnen. Cookies sind kleine Textdateien, die Ihr Internet-Browser herunterl\u00e4dt und auf Ihrem Computer speichert.<\/p><p>Sie k\u00f6nnen die Installation der Cookies durch eine entsprechende Einstellung Ihrer Browser Software verhindern. Sie sollten sich jedoch dar\u00fcber im Klaren sein, dass Sie dann m\u00f6glicherweise nicht alle Funktionen unserer Website in vollem Umfang nutzen k\u00f6nnen.<\/p><h2>Server-Daten<\/h2><p>Aus technischen Gr\u00fcnden werden Daten wie die folgenden erhoben:<\/p><ul><li>Browsertyp und -version<\/li><li>Das Betriebssystem<\/li><li>Referrer URL<\/li><li>Besuchte Seiten<\/li><li>Datum und Uhrzeit des Besuchs<\/li><li>IP-Adresse<\/li><\/ul><p>Diese anonymen Daten werden getrennt von personenbezogenen Daten gespeichert und f\u00fcr statistische Zwecke verwendet.<\/p><h2>Kontaktieren Sie uns<\/h2><p>Wenn Sie per E-Mail oder Kontaktformular Kontakt mit uns aufnehmen, werden die von Ihnen gemachten Angaben zur Bearbeitung der Anfrage gespeichert. Es werden keine Daten an Dritte weitergegeben.<\/p><h2>Verwendung von Google Web Fonts<\/h2><p>Diese Website verwendet von Google bereitgestellte Web Fonts, um eine einheitliche Darstellung der Schriftarten zu gew\u00e4hrleisten. Wenn Sie eine Seite aufrufen, l\u00e4dt Ihr Browser die erforderlichen Web Fonts in Ihren Cache.<\/p><p> Weitere Informationen:<br \/><a href=\"https:\/\/developers.google.com\/fonts\/faq\" target=\"_blank\" rel=\"noopener\">Google-Schriftarten FAQ<\/a><br \/><a href=\"https:\/\/www.google.com\/policies\/privacy\/\" target=\"_blank\" rel=\"noopener\">Google-Datenschutzbestimmungen<\/a><\/p><h2>Verwendung von Google Maps<\/h2><p>Wir verwenden den Dienst Google Maps, der von Google Inc. 1600 Amphitheatre Parkway, Mountain View, CA 94043, USA, bereitgestellt wird.<\/p><p> Bedingungen f\u00fcr die Nutzung:<br \/><a href=\"http:\/\/www.google.de\/intl\/de\/policies\/terms\/regional.html\" target=\"_blank\" rel=\"nofollow noopener\">Google-Bedingungen<\/a><br \/><a href=\"https:\/\/www.google.com\/intl\/de_de\/help\/terms_maps.html\" target=\"_blank\" rel=\"nofollow noopener\">Google Maps-Bedingungen<\/a><\/p><h2>Nutzung von YouTube<\/h2><p>Auf dieser Website sind Komponenten von YouTube (YouTube, LLC, 901 Cherry Ave., San Bruno, CA 94066, USA) integriert.<\/p><p> Informationen zum Datenschutz:<br \/><a href=\"https:\/\/www.google.com\/intl\/en\/policies\/privacy\/\" target=\"_blank\" rel=\"noopener\">YouTube \/ Google Datenschutzbestimmungen<\/a><\/p><h2>Information \/ Stornierung \/ L\u00f6schung<\/h2><p>Bei Fragen zur Erhebung, Verarbeitung oder Nutzung Ihrer personenbezogenen Daten, bei Ausk\u00fcnften, Berichtigung, Sperrung oder L\u00f6schung von Daten sowie bei Widerruf einer erteilten Einwilligung k\u00f6nnen Sie sich jederzeit an uns wenden.<\/p><p><a href=\"https:\/\/www.ratgeberrecht.eu\/leistungen\/muster-datenschutzerklaerung.html\" target=\"_blank\" rel=\"noopener\"> Muster f\u00fcr eine Erkl\u00e4rung zum Datenschutz <\/a> zur Verf\u00fcgung gestellt von <a href=\"https:\/\/www.ratgeberrecht.eu\/\" target=\"_blank\" rel=\"noopener\"> Anwaltskanzlei Wei\u00df &amp; Partner <\/a><\/p><\/article><\/div><\/section>","protected":false},"excerpt":{"rendered":"","protected":false},"author":3,"featured_media":0,"parent":0,"menu_order":0,"comment_status":"closed","ping_status":"closed","template":"","meta":{"_acf_changed":false,"footnotes":""},"class_list":["post-104","page","type-page","status-publish","hentry"],"acf":[],"_links":{"self":[{"href":"https:\/\/ektennsa.net\/de\/wp-json\/wp\/v2\/pages\/104","targetHints":{"allow":["GET"]}}],"collection":[{"href":"https:\/\/ektennsa.net\/de\/wp-json\/wp\/v2\/pages"}],"about":[{"href":"https:\/\/ektennsa.net\/de\/wp-json\/wp\/v2\/types\/page"}],"author":[{"embeddable":true,"href":"https:\/\/ektennsa.net\/de\/wp-json\/wp\/v2\/users\/3"}],"replies":[{"embeddable":true,"href":"https:\/\/ektennsa.net\/de\/wp-json\/wp\/v2\/comments?post=104"}],"version-history":[{"count":10,"href":"https:\/\/ektennsa.net\/de\/wp-json\/wp\/v2\/pages\/104\/revisions"}],"predecessor-version":[{"id":2963,"href":"https:\/\/ektennsa.net\/de\/wp-json\/wp\/v2\/pages\/104\/revisions\/2963"}],"wp:attachment":[{"href":"https:\/\/ektennsa.net\/de\/wp-json\/wp\/v2\/media?parent=104"}],"curies":[{"name":"wp","href":"https:\/\/api.w.org\/{rel}","templated":true}]}}