{"id":1402,"date":"2025-11-17T13:39:44","date_gmt":"2025-11-17T12:39:44","guid":{"rendered":"https:\/\/darkcyan-ape-107410.hostingersite.com\/offer-of-the-month\/"},"modified":"2026-03-06T22:44:24","modified_gmt":"2026-03-06T21:44:24","slug":"angebot-des-monats","status":"publish","type":"page","link":"https:\/\/ektennsa.net\/de\/offer-of-the-month\/","title":{"rendered":"Angebot des Monats"},"content":{"rendered":"<section data-etch-element=\"section\" class=\"page-title\"><div data-etch-element=\"container\" class=\"page-title__container\"><div data-etch-element=\"flex-div\" class=\"page-title__heading-wrapper\"><h1 class=\"page-title__heading\">Angebot des Monats<\/h1><\/div><div data-etch-element=\"flex-div\" class=\"page-title__breadcrumb-wrapper\"><nav aria-label=\"Brotkr\u00fcmel\" class=\"breadcrumb-alpha\"><ol><li><a href=\"\/de\/\">Startseite<\/a><\/li><li aria-current=\"page\">Angebot des Monats<\/li><\/ol><\/nav><\/div><\/div><\/section><section data-etch-element=\"section\" class=\"spare-part-section\"><ul data-etch-element=\"container\" class=\"spare-part-section__liste\"><li class=\"spare-part-section__list-item\"><article data-hintergrund=\"bg--white\" class=\"horizontal-card\"><div data-etch-element=\"flex-div\" class=\"horizontal-card__content-wrapper bg--white\"><h2 class=\"horizontal-card__heading\">Bosch Rexroth Hydraulikpumpen<\/h2><p class=\"horizontal-card__text\">Bosch Rexroth Hydraulikpumpen f\u00fcr Gro\u00dfbagger im Bergbau. Erh\u00e4ltlich als \u00fcberholte oder neue OEM-Einheiten.<\/p><a href=\"\/de\/spare-parts\/bosch-rexroth-hydraulic-pumps\/\" class=\"horizontal-card__cta\">Mehr Informationen<\/a><div class=\"horizontal-card__badge-wrapper\"><div class=\"stock-badge\">Vorr\u00e4tig\n<\/div><\/div><\/div><figure data-etch-element=\"flex-div\" class=\"horizontal-card__image-wrapper\"><img loading=\"lazy\" decoding=\"async\"  sizes=\"auto, (max-width: 768px) 100vw, 768px\" srcset=\"https:\/\/ektennsa.net\/wp-content\/uploads\/Boschrexroth-Hydraulic-pump-Cat-468-8909-480x480.jpeg 480w, https:\/\/ektennsa.net\/wp-content\/uploads\/Boschrexroth-Hydraulic-pump-Cat-468-8909-768x432.jpeg 768w\" src=\"https:\/\/ektennsa.net\/wp-content\/uploads\/Boschrexroth-Hydraulic-pump-Cat-468-8909-768x432.jpeg\" alt=\"Bosch Rexroth-Hydraulikpumpe in Verpackung f\u00fcr den OEM-Einsatz.\" width=\"768\" height=\"432\" class=\"horizontal-card__image\" \/><\/figure><\/article><\/li><li class=\"spare-part-section__list-item\"><article data-hintergrund=\"bg--white\" class=\"horizontal-card\"><div data-etch-element=\"flex-div\" class=\"horizontal-card__content-wrapper bg--white\"><h2 class=\"horizontal-card__heading\">Drehlager (Hydraulische Drehdurchf\u00fchrung)<\/h2><p class=\"horizontal-card__text\">Hydraulische Drehdurchf\u00fchrung f\u00fcr schwere Bergbaumaschinen. Entwickelt f\u00fcr die zuverl\u00e4ssige Hochdruck-\u00d6l\u00fcbertragung zwischen station\u00e4ren und rotierenden Komponenten.<\/p><a href=\"\/de\/spare-parts\/slewing-bearing\/\" class=\"horizontal-card__cta\">Mehr Informationen<\/a><div class=\"horizontal-card__badge-wrapper\"><div class=\"stock-badge\">Vorr\u00e4tig\n<\/div><\/div><\/div><figure data-etch-element=\"flex-div\" class=\"horizontal-card__image-wrapper\"><img loading=\"lazy\" decoding=\"async\"  sizes=\"auto, (max-width: 768px) 100vw, 768px\" srcset=\"https:\/\/ektennsa.net\/wp-content\/uploads\/ektennsa-slew-ring-480x480.jpg 480w, https:\/\/ektennsa.net\/wp-content\/uploads\/ektennsa-slew-ring-768x434.jpg 768w\" src=\"https:\/\/ektennsa.net\/wp-content\/uploads\/ektennsa-slew-ring-768x434.jpg\" alt=\"Hochpr\u00e4zises Industriegetriebe mit vorinstallierten Z\u00e4hnen f\u00fcr schwere Maschinen.\" width=\"768\" height=\"434\" class=\"horizontal-card__image\" \/><\/figure><\/article><\/li><li class=\"spare-part-section__list-item\"><article data-hintergrund=\"bg--white\" class=\"horizontal-card\"><div data-etch-element=\"flex-div\" class=\"horizontal-card__content-wrapper bg--white\"><h2 class=\"horizontal-card__heading\">Kettengruppe f\u00fcr CAT D9T Bulldozer<\/h2><p class=\"horizontal-card__text\">Kettengruppe f\u00fcr CAT D9T Bulldozer, hergestellt von BERCO. Verf\u00fcgbar auf Lager f\u00fcr sofortige Lieferung.<\/p><a href=\"\/de\/spare-parts\/track-group-for-cat-d9t-bulldozer\/\" class=\"horizontal-card__cta\">Mehr Informationen<\/a><div class=\"horizontal-card__badge-wrapper\"><div class=\"stock-badge\">Vorr\u00e4tig\n<\/div><\/div><\/div><figure data-etch-element=\"flex-div\" class=\"horizontal-card__image-wrapper\"><img loading=\"lazy\" decoding=\"async\"  sizes=\"auto, (max-width: 768px) 100vw, 768px\" srcset=\"https:\/\/ektennsa.net\/wp-content\/uploads\/BERCO-Track-Group-480x360.jpeg 480w, https:\/\/ektennsa.net\/wp-content\/uploads\/BERCO-Track-Group-768x576.jpeg 768w\" src=\"https:\/\/ektennsa.net\/wp-content\/uploads\/BERCO-Track-Group-768x576.jpeg\" alt=\"Aufgerollte Kettenglieder f\u00fcr CAT D9T Bulldozer, fertig zur Montage oder Reparatur.\" width=\"768\" height=\"576\" class=\"horizontal-card__image\" \/><\/figure><\/article><\/li><li class=\"spare-part-section__list-item\"><article data-hintergrund=\"bg--white\" class=\"horizontal-card\"><div data-etch-element=\"flex-div\" class=\"horizontal-card__content-wrapper bg--white\"><h2 class=\"horizontal-card__heading\">Ritzel - O&amp;K RH40 - PN 2102521<\/h2><p class=\"horizontal-card__text\">6 Kettenr\u00e4der f\u00fcr O&amp;K RH40 Bergbaubagger ab Lager verf\u00fcgbar. Passend f\u00fcr die Teilenummern O&amp;K 2102521 \/ 1456682 und CAT Referenz 443-5942.<\/p><a href=\"\/de\/spare-parts\/sprockets-ok-rh40-pn-2102521\/\" class=\"horizontal-card__cta\">Mehr Informationen<\/a><div class=\"horizontal-card__badge-wrapper\"><div class=\"stock-badge\">Vorr\u00e4tig\n<\/div><\/div><\/div><figure data-etch-element=\"flex-div\" class=\"horizontal-card__image-wrapper\"><img loading=\"lazy\" decoding=\"async\"  sizes=\"auto, (max-width: 768px) 100vw, 768px\" srcset=\"https:\/\/ektennsa.net\/wp-content\/uploads\/6-sprockets-480x270.jpeg 480w, https:\/\/ektennsa.net\/wp-content\/uploads\/6-sprockets-768x432.jpeg 768w\" src=\"https:\/\/ektennsa.net\/wp-content\/uploads\/6-sprockets-768x432.jpeg\" alt=\"Sechs Kettenr\u00e4der f\u00fcr O&amp;K RH40 Bagger, montiert auf Holzpaletten.\" width=\"768\" height=\"432\" class=\"horizontal-card__image\" \/><\/figure><\/article><\/li><li class=\"spare-part-section__list-item\"><article data-hintergrund=\"bg--white\" class=\"horizontal-card\"><div data-etch-element=\"flex-div\" class=\"horizontal-card__content-wrapper bg--white\"><h2 class=\"horizontal-card__heading\">Stift - O&amp;K 1929537<\/h2><p class=\"horizontal-card__text\">4 St\u00fcck ab Lager lieferbar - Pin O&amp;K 1929537 passend f\u00fcr Terex RH200, O&amp;K RH340, Caterpillar 6050 und 6060 Mining Bagger.<\/p><a href=\"\/de\/spare-parts\/pin-ok-1929537\/\" class=\"horizontal-card__cta\">Mehr Informationen<\/a><div class=\"horizontal-card__badge-wrapper\"><div class=\"stock-badge\">Vorr\u00e4tig\n<\/div><\/div><\/div><figure data-etch-element=\"flex-div\" class=\"horizontal-card__image-wrapper\"><img loading=\"lazy\" decoding=\"async\"  sizes=\"auto, (max-width: 768px) 100vw, 768px\" srcset=\"https:\/\/ektennsa.net\/wp-content\/uploads\/pin-close-720x960.jpeg 720w, https:\/\/ektennsa.net\/wp-content\/uploads\/pin-close-360x480.jpeg 360w, https:\/\/ektennsa.net\/wp-content\/uploads\/pin-close-768x1024.jpeg 768w\" src=\"https:\/\/ektennsa.net\/wp-content\/uploads\/pin-close-768x1024.jpeg\" alt=\"Qualit\u00e4tshydraulikzylinder f\u00fcr Baumaschinen.\" width=\"768\" height=\"1024\" class=\"horizontal-card__image\" \/><\/figure><\/article><\/li><li class=\"spare-part-section__list-item\"><article data-hintergrund=\"bg--white\" class=\"horizontal-card\"><div data-etch-element=\"flex-div\" class=\"horizontal-card__content-wrapper bg--white\"><h2 class=\"horizontal-card__heading\">Stock - O&amp;K RH90<\/h2><p class=\"horizontal-card__text\">\u00dcberholte Stangenbaugruppe f\u00fcr O&amp;K RH90 Bergbaubagger, Teilenummer 2270894.<\/p><a href=\"\/de\/spare-parts\/stick-ok-rh90\/\" class=\"horizontal-card__cta\">Mehr Informationen<\/a><div class=\"horizontal-card__badge-wrapper\"><div class=\"stock-badge\">Vorr\u00e4tig\n<\/div><\/div><\/div><figure data-etch-element=\"flex-div\" class=\"horizontal-card__image-wrapper\"><img loading=\"lazy\" decoding=\"async\"  sizes=\"auto, (max-width: 768px) 100vw, 768px\" srcset=\"https:\/\/ektennsa.net\/wp-content\/uploads\/stick-ok-rh90-480x222.jpeg 480w, https:\/\/ektennsa.net\/wp-content\/uploads\/stick-ok-rh90-768x355.jpeg 768w\" src=\"https:\/\/ektennsa.net\/wp-content\/uploads\/stick-ok-rh90-768x355.jpeg\" alt=\"Schweres O&amp;K RH90 Baggerteil auf der Baustelle.\" width=\"768\" height=\"355\" class=\"horizontal-card__image\" \/><\/figure><\/article><\/li><\/ul><\/section><section data-etch-element=\"section\" class=\"form-section\" id=\"offer-of-the-month-form\"><div data-etch-element=\"container\" class=\"form-section__container\"><h2 class=\"form-section__heading\">Kontakt aufnehmen<\/h2><form action=\"https:\/\/ektennsa.net\/de\/wp-json\/ws-form\/v1\/submit\" class=\"wsf-form wsf-form-canvas\" id=\"ws-form-1\" data-id=\"5\" method=\"POST\" data-instance-id=\"1\" data-wsf-style-id=\"1\" data-trp-original-action=\"https:\/\/ektennsa.net\/de\/wp-json\/ws-form\/v1\/submit\"><input type=\"hidden\" name=\"trp-form-language\" value=\"de\"\/><\/form><\/div><\/section>","protected":false},"excerpt":{"rendered":"","protected":false},"author":3,"featured_media":0,"parent":0,"menu_order":0,"comment_status":"closed","ping_status":"closed","template":"","meta":{"_acf_changed":false,"footnotes":""},"class_list":["post-1402","page","type-page","status-publish","hentry"],"acf":[],"_links":{"self":[{"href":"https:\/\/ektennsa.net\/de\/wp-json\/wp\/v2\/pages\/1402","targetHints":{"allow":["GET"]}}],"collection":[{"href":"https:\/\/ektennsa.net\/de\/wp-json\/wp\/v2\/pages"}],"about":[{"href":"https:\/\/ektennsa.net\/de\/wp-json\/wp\/v2\/types\/page"}],"author":[{"embeddable":true,"href":"https:\/\/ektennsa.net\/de\/wp-json\/wp\/v2\/users\/3"}],"replies":[{"embeddable":true,"href":"https:\/\/ektennsa.net\/de\/wp-json\/wp\/v2\/comments?post=1402"}],"version-history":[{"count":31,"href":"https:\/\/ektennsa.net\/de\/wp-json\/wp\/v2\/pages\/1402\/revisions"}],"predecessor-version":[{"id":2692,"href":"https:\/\/ektennsa.net\/de\/wp-json\/wp\/v2\/pages\/1402\/revisions\/2692"}],"wp:attachment":[{"href":"https:\/\/ektennsa.net\/de\/wp-json\/wp\/v2\/media?parent=1402"}],"curies":[{"name":"wp","href":"https:\/\/api.w.org\/{rel}","templated":true}]}}