{"id":1499,"date":"2025-12-02T14:02:09","date_gmt":"2025-12-02T13:02:09","guid":{"rendered":"https:\/\/darkcyan-ape-107410.hostingersite.com\/services\/"},"modified":"2026-03-06T22:44:24","modified_gmt":"2026-03-06T21:44:24","slug":"dienstleistungen","status":"publish","type":"page","link":"https:\/\/ektennsa.net\/de\/services\/","title":{"rendered":"Dienstleistungen"},"content":{"rendered":"<section data-etch-element=\"section\" class=\"page-title\"><div data-etch-element=\"container\" class=\"page-title__container\"><div data-etch-element=\"flex-div\" class=\"page-title__heading-wrapper\"><h1 class=\"page-title__heading\">Dienstleistungen<\/h1><\/div><div data-etch-element=\"flex-div\" class=\"page-title__breadcrumb-wrapper\"><nav aria-label=\"Brotkr\u00fcmel\" class=\"breadcrumb-alpha\"><ol><li><a href=\"\/de\/\">Startseite<\/a><\/li><li aria-current=\"page\">Dienstleistungen<\/li><\/ol><\/nav><\/div><\/div><\/section><section data-etch-element=\"section\" class=\"services-list-section\"><ul class=\"services-section-list\"><li><article data-etch-element=\"section\" class=\"services-section\" data-bg-reverse=\"false\" id=\"\"><div data-etch-element=\"container\" class=\"services-section__container\"><div data-etch-element=\"flex-div\" class=\"services-section__content-wrapper\"><div data-etch-element=\"flex-div\" data-intro-style=\"Left\" data-show-divider=\"true\" class=\"section-intro\"><div class=\"section-intro__heading-wrapper\"><h2 class=\"section-intro__heading\">Ersatzteile und Komponenten<\/h2><\/div><div class=\"intro-section__body\"><p class=\"section-intro__lede\">Unser Ersatzteilportfolio unterst\u00fctzt Bergbau- und Baumaschinen der wichtigsten internationalen Marken. Wir liefern Erstausr\u00fcster- und hochwertige Ersatzteilkomponenten, einschlie\u00dflich schwer zu beschaffender Teile f\u00fcr \u00e4ltere und nicht mehr produzierte Plattformen.\r\n\r\nDurch eine Kombination aus direkter Lagerverf\u00fcgbarkeit und strukturierter internationaler Beschaffung stellen wir einen zuverl\u00e4ssigen Zugang zu kritischen Komponenten sicher, die f\u00fcr Wartung, Aufarbeitung und Betriebskontinuit\u00e4t ben\u00f6tigt werden.<\/p><div class=\"section-intro__cta-wrapper\"><a href=\"https:\/\/ektennsa.net\/de\/services\/spare-parts-and-components\/\" class=\"section-intro__cta-primary btn--primary\">Mehr Informationen<\/a><\/div><\/div><\/div><\/div><div data-etch-element=\"flex-div\" class=\"services-section__media-wrapper\"><figure data-etch-element=\"flex-div\" class=\"services-section__image-wrapper\"><img loading=\"lazy\" decoding=\"async\"  sizes=\"auto, (max-width: 768px) 100vw, 768px\" srcset=\"https:\/\/ektennsa.net\/wp-content\/uploads\/PIN-OK-Part-number-2417805-for-OK-RH-170-\u2013-Cat-6040-720x960.jpeg 720w, https:\/\/ektennsa.net\/wp-content\/uploads\/PIN-OK-Part-number-2417805-for-OK-RH-170-\u2013-Cat-6040-480x480.jpeg 480w, https:\/\/ektennsa.net\/wp-content\/uploads\/PIN-OK-Part-number-2417805-for-OK-RH-170-\u2013-Cat-6040-768x1024.jpeg 768w\" src=\"https:\/\/ektennsa.net\/wp-content\/uploads\/PIN-OK-Part-number-2417805-for-OK-RH-170-\u2013-Cat-6040-768x1024.jpeg\" alt=\"PIN-OK-Part-number-2417805-for-OK-RH-170-\u2013-Cat-6040\" width=\"768\" height=\"1024\" class=\"services-section__image\" \/><\/figure><figure data-etch-element=\"flex-div\" class=\"services-section__image-wrapper\"><img loading=\"lazy\" decoding=\"async\"  sizes=\"auto, (max-width: 768px) 100vw, 768px\" srcset=\"https:\/\/ektennsa.net\/wp-content\/uploads\/ektennsa_mining-480x175.jpg 480w, https:\/\/ektennsa.net\/wp-content\/uploads\/ektennsa_mining-768x280.jpg 768w\" src=\"https:\/\/ektennsa.net\/wp-content\/uploads\/ektennsa_mining-768x280.jpg\" alt=\"Ersatzteile f\u00fcr Bergbaumaschinen und Komponenten f\u00fcr Schwermaschinen.\" width=\"768\" height=\"280\" class=\"services-section__image\" \/><\/figure><figure data-etch-element=\"flex-div\" class=\"services-section__image-wrapper\"><img loading=\"lazy\" decoding=\"async\"  sizes=\"auto, (max-width: 768px) 100vw, 768px\" srcset=\"https:\/\/ektennsa.net\/wp-content\/uploads\/ektennsa-dumper-480x480.jpg 480w, https:\/\/ektennsa.net\/wp-content\/uploads\/ektennsa-dumper-768x308.jpg 768w\" src=\"https:\/\/ektennsa.net\/wp-content\/uploads\/ektennsa-dumper-768x308.jpg\" alt=\"Gelber Bagger mit gro\u00dfen R\u00e4dern und Sicherheitsgel\u00e4ndern auf einer Baustelle.\" width=\"768\" height=\"308\" class=\"services-section__image\" \/><\/figure><\/div><\/div><\/article><\/li><li><article data-etch-element=\"section\" class=\"services-section\" data-bg-reverse=\"false\" id=\"\"><div data-etch-element=\"container\" class=\"services-section__container\"><div data-etch-element=\"flex-div\" class=\"services-section__content-wrapper\"><div data-etch-element=\"flex-div\" data-intro-style=\"Left\" data-show-divider=\"true\" class=\"section-intro\"><div class=\"section-intro__heading-wrapper\"><h2 class=\"section-intro__heading\">Hydraulik und Energiesysteme<\/h2><\/div><div class=\"intro-section__body\"><p class=\"section-intro__lede\">Hydrauliksysteme sind von grundlegender Bedeutung f\u00fcr die Leistung von schweren Maschinen. Wir liefern Bosch Rexroth-Pumpen und -Motoren und bieten professionellen Reparaturservice, um die Betriebsstabilit\u00e4t im Bergbau, im Baugewerbe und bei industriellen Anwendungen zu gew\u00e4hrleisten.<\/p><div class=\"section-intro__cta-wrapper\"><a href=\"https:\/\/ektennsa.net\/de\/services\/hydraulics-power-systems\/\" class=\"section-intro__cta-primary btn--primary\">Mehr Informationen<\/a><\/div><\/div><\/div><\/div><div data-etch-element=\"flex-div\" class=\"services-section__media-wrapper\"><figure data-etch-element=\"flex-div\" class=\"services-section__image-wrapper\"><img loading=\"lazy\" decoding=\"async\"  sizes=\"auto, (max-width: 768px) 100vw, 768px\" srcset=\"https:\/\/ektennsa.net\/wp-content\/uploads\/ektennsa-boschrexroth-pumps-and-motors-480x480.jpg 480w, https:\/\/ektennsa.net\/wp-content\/uploads\/ektennsa-boschrexroth-pumps-and-motors-768x434.jpg 768w\" src=\"https:\/\/ektennsa.net\/wp-content\/uploads\/ektennsa-boschrexroth-pumps-and-motors-768x434.jpg\" alt=\"Motoren und Antriebskomponenten auf Paletten in Werkstattumgebung.\" width=\"768\" height=\"434\" class=\"services-section__image\" \/><\/figure><figure data-etch-element=\"flex-div\" class=\"services-section__image-wrapper\"><img loading=\"lazy\" decoding=\"async\"  sizes=\"auto, (max-width: 768px) 100vw, 768px\" srcset=\"https:\/\/ektennsa.net\/wp-content\/uploads\/ektennsa-dumper-480x480.jpg 480w, https:\/\/ektennsa.net\/wp-content\/uploads\/ektennsa-dumper-768x308.jpg 768w\" src=\"https:\/\/ektennsa.net\/wp-content\/uploads\/ektennsa-dumper-768x308.jpg\" alt=\"Gelber Bagger mit gro\u00dfen R\u00e4dern und Sicherheitsgel\u00e4ndern auf einer Baustelle.\" width=\"768\" height=\"308\" class=\"services-section__image\" \/><\/figure><figure data-etch-element=\"flex-div\" class=\"services-section__image-wrapper\"><img loading=\"lazy\" decoding=\"async\"  sizes=\"auto, (max-width: 768px) 100vw, 768px\" srcset=\"https:\/\/ektennsa.net\/wp-content\/uploads\/ektennsa-valves-e1770294783774-480x480.jpg 480w, https:\/\/ektennsa.net\/wp-content\/uploads\/ektennsa-valves-e1770294783774-768x502.jpg 768w\" src=\"https:\/\/ektennsa.net\/wp-content\/uploads\/ektennsa-valves-e1770294783774-768x502.jpg\" alt=\"Steuerkomponente mit technischem Aufdruck, Nahaufnahme eines Pneumatik- oder Hydraulikventils.\" width=\"768\" height=\"502\" class=\"services-section__image\" \/><\/figure><\/div><\/div><\/article><\/li><li><article data-etch-element=\"section\" class=\"services-section\" data-bg-reverse=\"false\" id=\"\"><div data-etch-element=\"container\" class=\"services-section__container\"><div data-etch-element=\"flex-div\" class=\"services-section__content-wrapper\"><div data-etch-element=\"flex-div\" data-intro-style=\"Left\" data-show-divider=\"true\" class=\"section-intro\"><div class=\"section-intro__heading-wrapper\"><h2 class=\"section-intro__heading\">Anbauger\u00e4te &amp; Sonderanfertigungen<\/h2><\/div><div class=\"intro-section__body\"><p class=\"section-intro__lede\">Die Ektennsa GmbH liefert hochbelastbare Anbauger\u00e4te und Strukturkomponenten f\u00fcr Bergbau- und Baumaschinen. Das Portfolio umfasst Schaufeln, Unterwagenbaugruppen und systembezogene Komponenten, die f\u00fcr anspruchsvolle Einsatzbedingungen konzipiert sind.\r\n\r\nNeben standardisierten L\u00f6sungen bieten wir bei Bedarf auch markenspezifische Fertigung und ma\u00dfgeschneiderte Komponentenl\u00f6sungen. Bei der Auswahl und Lieferung aller Systeme stehen Haltbarkeit, Kompatibilit\u00e4t und langfristige Betriebsleistung im Vordergrund.<\/p><div class=\"section-intro__cta-wrapper\"><a href=\"https:\/\/ektennsa.net\/de\/services\/attachments-custom-manufacturing\/\" class=\"section-intro__cta-primary btn--primary\">Mehr Informationen<\/a><\/div><\/div><\/div><\/div><div data-etch-element=\"flex-div\" class=\"services-section__media-wrapper\"><figure data-etch-element=\"flex-div\" class=\"services-section__image-wrapper\"><img loading=\"lazy\" decoding=\"async\"  sizes=\"auto, (max-width: 768px) 100vw, 768px\" srcset=\"https:\/\/ektennsa.net\/wp-content\/uploads\/ektennsa-radling-bucket-480x480.jpg 480w, https:\/\/ektennsa.net\/wp-content\/uploads\/ektennsa-radling-bucket-768x634.jpg 768w\" src=\"https:\/\/ektennsa.net\/wp-content\/uploads\/ektennsa-radling-bucket-768x634.jpg\" alt=\"Sch\u00e4dlingsbek\u00e4mpfung Ger\u00e4t mit Metalldeckel und gr\u00fcner Basis, technische Details im Diagramm.\" width=\"768\" height=\"634\" class=\"services-section__image\" \/><\/figure><figure data-etch-element=\"flex-div\" class=\"services-section__image-wrapper\"><img loading=\"lazy\" decoding=\"async\"  sizes=\"auto, (max-width: 600px) 100vw, 600px\" srcset=\"https:\/\/ektennsa.net\/wp-content\/uploads\/Bucket-for-an-OK-RH-90-excavator.jpeg 600w, https:\/\/ektennsa.net\/wp-content\/uploads\/Bucket-for-an-OK-RH-90-excavator-480x480.jpeg 480w\" src=\"https:\/\/ektennsa.net\/wp-content\/uploads\/Bucket-for-an-OK-RH-90-excavator.jpeg\" alt=\"Robuste Baggerschaufel mit Schneidkante und Verschlei\u00dfplatten.\" width=\"600\" height=\"495\" class=\"services-section__image\" \/><\/figure><figure data-etch-element=\"flex-div\" class=\"services-section__image-wrapper\"><img loading=\"lazy\" decoding=\"async\"  sizes=\"auto, (max-width: 200px) 100vw, 200px\" srcset=\"https:\/\/ektennsa.net\/wp-content\/uploads\/ektennsa_Shovel-for-a-OK-RH-90.jpg.jpeg 200w\" src=\"https:\/\/ektennsa.net\/wp-content\/uploads\/ektennsa_Shovel-for-a-OK-RH-90.jpg.jpeg\" alt=\"Gro\u00dfer Industrieeimer mit drei M\u00e4nnern davor als Ma\u00dfstab.\" width=\"200\" height=\"200\" class=\"services-section__image\" \/><\/figure><\/div><\/div><\/article><\/li><li><article data-etch-element=\"section\" class=\"services-section\" data-bg-reverse=\"false\" id=\"\"><div data-etch-element=\"container\" class=\"services-section__container\"><div data-etch-element=\"flex-div\" class=\"services-section__content-wrapper\"><div data-etch-element=\"flex-div\" data-intro-style=\"Left\" data-show-divider=\"true\" class=\"section-intro\"><div class=\"section-intro__heading-wrapper\"><h2 class=\"section-intro__heading\">Industrielle Asset-L\u00f6sungen<\/h2><\/div><div class=\"intro-section__body\"><p class=\"section-intro__lede\">Internationaler Handel und strukturierte Vermittlung von \u00fcbersch\u00fcssigen Industriekomponenten f\u00fcr den Bergbau, das Baugewerbe und den Schwermaschinensektor. Wir bringen ungenutzte Best\u00e4nde mit qualifizierten K\u00e4ufern auf den globalen M\u00e4rkten zusammen und unterst\u00fctzen die Bewertung, Koordination und Logistik.<\/p><div class=\"section-intro__cta-wrapper\"><a href=\"https:\/\/ektennsa.net\/de\/services\/industrial-asset-solutions\/\" class=\"section-intro__cta-primary btn--primary\">Mehr Informationen<\/a><\/div><\/div><\/div><\/div><div data-etch-element=\"flex-div\" class=\"services-section__media-wrapper\"><figure data-etch-element=\"flex-div\" class=\"services-section__image-wrapper\"><img loading=\"lazy\" decoding=\"async\"  sizes=\"auto, (max-width: 768px) 100vw, 768px\" srcset=\"https:\/\/ektennsa.net\/wp-content\/uploads\/industry-trading-540x960.jpg 540w, https:\/\/ektennsa.net\/wp-content\/uploads\/industry-trading-270x480.jpg 270w, https:\/\/ektennsa.net\/wp-content\/uploads\/industry-trading-768x1365.jpg 768w\" src=\"https:\/\/ektennsa.net\/wp-content\/uploads\/industry-trading-768x1365.jpg\" alt=\"Im Hafen angedocktes Frachtschiff mit gestapelten Containern und Ladekr\u00e4nen.\" width=\"768\" height=\"1365\" class=\"services-section__image\" \/><\/figure><\/div><\/div><\/article><\/li><li><article data-etch-element=\"section\" class=\"services-section\" data-bg-reverse=\"false\" id=\"\"><div data-etch-element=\"container\" class=\"services-section__container\"><div data-etch-element=\"flex-div\" class=\"services-section__content-wrapper\"><div data-etch-element=\"flex-div\" data-intro-style=\"Left\" data-show-divider=\"true\" class=\"section-intro\"><div class=\"section-intro__heading-wrapper\"><h2 class=\"section-intro__heading\">Logistik und Repr\u00e4sentation<\/h2><\/div><div class=\"intro-section__body\"><p class=\"section-intro__lede\">Zu einer zuverl\u00e4ssigen Versorgung geh\u00f6rt auch eine schnelle und sichere Lieferung. Wir organisieren Luft- und Seefracht direkt von Deutschland aus zu Kunden in aller Welt und sorgen daf\u00fcr, dass auch gro\u00dfe oder eilige Sendungen p\u00fcnktlich ankommen. Dar\u00fcber hinaus agieren wir als vertrauensw\u00fcrdiger Repr\u00e4sentant f\u00fcr internationale Unternehmen im deutschen Maschinenbausektor.<\/p><div class=\"section-intro__cta-wrapper\"><a href=\"https:\/\/ektennsa.net\/de\/services\/logistics-representation\/\" class=\"section-intro__cta-primary btn--primary\">Mehr Informationen<\/a><\/div><\/div><\/div><\/div><div data-etch-element=\"flex-div\" class=\"services-section__media-wrapper\"><figure data-etch-element=\"flex-div\" class=\"services-section__image-wrapper\"><img loading=\"lazy\" decoding=\"async\"  sizes=\"auto, (max-width: 768px) 100vw, 768px\" srcset=\"https:\/\/ektennsa.net\/wp-content\/uploads\/ektennsa-logistics-480x480.jpg 480w, https:\/\/ektennsa.net\/wp-content\/uploads\/ektennsa-logistics-768x403.jpg 768w\" src=\"https:\/\/ektennsa.net\/wp-content\/uploads\/ektennsa-logistics-768x403.jpg\" alt=\"Fl\u00fcgel einer Passagiermaschine \u00fcber Wolkenhimmel, Flugreise, Himmel, Luftfahrt, wei\u00dfe Wolken.\" width=\"768\" height=\"403\" class=\"services-section__image\" \/><\/figure><\/div><\/div><\/article><\/li><\/ul><\/section><section data-etch-element=\"section\" class=\"cta-section bg--white\"><div data-etch-element=\"container\" class=\"cta-section__container\"><div data-etch-element=\"flex-div\" class=\"cta-section__content-wrapper\"><h2 class=\"cta-section__heading\">Zuverl\u00e4ssiger Support und wettbewerbsf\u00e4hige Angebote<\/h2><p class=\"cta-section__text\">Setzen Sie sich mit der Ektennsa GmbH in Verbindung, um Ihre Einkaufsm\u00f6glichkeiten auszuloten und zuverl\u00e4ssige, wettbewerbsf\u00e4hige Angebote von unserem Team in Deutschland zu erhalten.<\/p><\/div><div data-etch-element=\"flex-div\" class=\"cta-section__cta-wrapper\"><a href=\"\/de\/kontaktieren-sie-uns\/\" class=\"btn--primary cta-section__cta\">Kontakt Ektennsa<\/a><\/div><\/div><\/section>","protected":false},"excerpt":{"rendered":"","protected":false},"author":3,"featured_media":0,"parent":0,"menu_order":0,"comment_status":"closed","ping_status":"closed","template":"","meta":{"_acf_changed":false,"footnotes":""},"class_list":["post-1499","page","type-page","status-publish","hentry"],"acf":[],"_links":{"self":[{"href":"https:\/\/ektennsa.net\/de\/wp-json\/wp\/v2\/pages\/1499","targetHints":{"allow":["GET"]}}],"collection":[{"href":"https:\/\/ektennsa.net\/de\/wp-json\/wp\/v2\/pages"}],"about":[{"href":"https:\/\/ektennsa.net\/de\/wp-json\/wp\/v2\/types\/page"}],"author":[{"embeddable":true,"href":"https:\/\/ektennsa.net\/de\/wp-json\/wp\/v2\/users\/3"}],"replies":[{"embeddable":true,"href":"https:\/\/ektennsa.net\/de\/wp-json\/wp\/v2\/comments?post=1499"}],"version-history":[{"count":5,"href":"https:\/\/ektennsa.net\/de\/wp-json\/wp\/v2\/pages\/1499\/revisions"}],"predecessor-version":[{"id":1753,"href":"https:\/\/ektennsa.net\/de\/wp-json\/wp\/v2\/pages\/1499\/revisions\/1753"}],"wp:attachment":[{"href":"https:\/\/ektennsa.net\/de\/wp-json\/wp\/v2\/media?parent=1499"}],"curies":[{"name":"wp","href":"https:\/\/api.w.org\/{rel}","templated":true}]}}