{"id":899,"date":"2025-11-13T11:28:42","date_gmt":"2025-11-13T10:28:42","guid":{"rendered":"https:\/\/darkcyan-ape-107410.hostingersite.com\/about\/"},"modified":"2026-03-06T22:44:21","modified_gmt":"2026-03-06T21:44:21","slug":"uber","status":"publish","type":"page","link":"https:\/\/ektennsa.net\/de\/about\/","title":{"rendered":"\u00dcber"},"content":{"rendered":"<section data-etch-element=\"section\" class=\"page-title\"><div data-etch-element=\"container\" class=\"page-title__container\"><div data-etch-element=\"flex-div\" class=\"page-title__heading-wrapper\"><h1 class=\"page-title__heading\">\u00dcber uns<\/h1><\/div><div data-etch-element=\"flex-div\" class=\"page-title__breadcrumb-wrapper\"><nav aria-label=\"Brotkr\u00fcmel\" class=\"breadcrumb-alpha\"><ol><li><a href=\"\/de\/\">Startseite<\/a><\/li><li aria-current=\"page\">\u00dcber<\/li><\/ol><\/nav><\/div><\/div><\/section><section data-etch-element=\"section\" class=\"content-section bg--white\" data-order-desktop=\"false\" data-order-mobile=\"false\" data-layout=\"3-2\"><div data-etch-element=\"container\" class=\"content-section__container\"><div data-etch-element=\"flex-div\" class=\"content-section__content-wrapper\"><div data-etch-element=\"flex-div\" data-intro-style=\"Left\" data-show-divider=\"true\" class=\"section-intro\"><div class=\"section-intro__heading-wrapper\"><h2 class=\"section-intro__heading\">Ektennsa GmbH<\/h2><\/div><\/div><p>Die Ektennsa GmbH ist ein deutsches Unternehmen mit Sitz in Berlin, das sich auf die Lieferung von OEM- und Ersatzteilkomponenten f\u00fcr schwere Maschinen spezialisiert hat. Wir liefern hochwertige Teile f\u00fcr den Bergbau, das Baugewerbe und den Erdbewegungssektor, mit einem starken Fokus auf zuverl\u00e4ssige europ\u00e4ische Technik.<\/p><h2 class=\"content-heading\">Bergbau, Bauwesen und Schwermaschinen<\/h2><p>Wir liefern Erstausr\u00fcster-Ersatzteile und Komponenten f\u00fcr Dumper, Lkw, Bagger, Lader und \u00e4ltere Flotten.\nUnser Netzwerk deckt ein breites Spektrum an deutschen und europ\u00e4ischen Marken ab und erm\u00f6glicht es uns, kritische Komponenten, Auslaufmodelle und technische \u00c4quivalente direkt von zuverl\u00e4ssigen Herstellern zu beziehen.<\/p><h2 class=\"content-heading\">Kompetenz in Industrieausr\u00fcstung und Technik<\/h2><p>Ektennsa bietet auch Zugang zu einem breiten Portfolio an Industriemaschinen und technischen Produkten aus der deutschen Fertigungsindustrie. In Zusammenarbeit mit langj\u00e4hrigen Engineering-Partnern - viele mit \u00fcber 50 Jahren Erfahrung - unterst\u00fctzen wir Projekte bei der Konstruktion, Installation und Wartung von Brech- und Siebanlagen f\u00fcr die Stein-, Gesteins- und Mineralaufbereitung. Wir liefern auch hochwertige alternative Verschlei\u00dfteile made in Germany, darunter:<\/p><ul class=\"content-list\"><li>Feste und bewegliche Backen<\/li><li>Feste und bewegliche M\u00e4ntel<\/li><li>Buchsen und Verschlei\u00dfteile f\u00fcr verschiedene Brechermarken<\/li><\/ul><\/div><div data-etch-element=\"flex-div\" class=\"content-section__media-wrapper\"><div data-etch-element=\"flex-div\" class=\"image-group\"><figure data-etch-element=\"flex-div\" class=\"image-group__image-wrapper\"><img loading=\"lazy\" decoding=\"async\"  sizes=\"auto, (max-width: 768px) 100vw, 768px\" srcset=\"https:\/\/ektennsa.net\/wp-content\/uploads\/ektennsa-dumper-480x480.jpg 480w, https:\/\/ektennsa.net\/wp-content\/uploads\/ektennsa-dumper-768x308.jpg 768w\" src=\"https:\/\/ektennsa.net\/wp-content\/uploads\/ektennsa-dumper-768x308.jpg\" alt=\"Gelber Bagger mit gro\u00dfen R\u00e4dern und Sicherheitsgel\u00e4ndern auf einer Baustelle.\" width=\"768\" height=\"308\" class=\"image-group__image\" \/><\/figure><figure data-etch-element=\"flex-div\" class=\"image-group__image-wrapper\"><img loading=\"lazy\" decoding=\"async\"  sizes=\"auto, (max-width: 768px) 100vw, 768px\" srcset=\"https:\/\/ektennsa.net\/wp-content\/uploads\/ektennsa-Slewing-gear-for-OK-RH340-and-RH-170-480x480.jpg 480w, https:\/\/ektennsa.net\/wp-content\/uploads\/ektennsa-Slewing-gear-for-OK-RH340-and-RH-170-768x391.jpg 768w\" src=\"https:\/\/ektennsa.net\/wp-content\/uploads\/ektennsa-Slewing-gear-for-OK-RH340-and-RH-170-768x391.jpg\" alt=\"Hochpr\u00e4zises Maschinenteil, Industriekomponente, in Lagerung auf Holzpalette.\" width=\"768\" height=\"391\" class=\"image-group__image\" \/><\/figure><figure data-etch-element=\"flex-div\" class=\"image-group__image-wrapper\"><img loading=\"lazy\" decoding=\"async\"  sizes=\"auto, (max-width: 300px) 100vw, 300px\" srcset=\"https:\/\/ektennsa.net\/wp-content\/uploads\/Flange-Bushing-for-Industrial-Equipment-Engineering-Expertise.jpeg 300w\" src=\"https:\/\/ektennsa.net\/wp-content\/uploads\/Flange-Bushing-for-Industrial-Equipment-Engineering-Expertise.jpeg\" alt=\"Industrielle Metallteile auf einer Werkbank in einer Produktionsst\u00e4tte.\" width=\"300\" height=\"225\" class=\"image-group__image\" \/><\/figure><\/div><\/div><\/div><\/section><section data-etch-element=\"section\" class=\"content-section bg--ultra-light\" data-order-desktop=\"true\" data-order-mobile=\"false\" data-layout=\"2-3\"><div data-etch-element=\"container\" class=\"content-section__container\"><div data-etch-element=\"flex-div\" class=\"content-section__content-wrapper\"><div data-etch-element=\"flex-div\" data-intro-style=\"Left\" data-show-divider=\"true\" class=\"section-intro\"><div class=\"section-intro__heading-wrapper\"><h2 class=\"section-intro__heading\">Aktiv auf der ganzen Welt<\/h2><\/div><\/div><h2 class=\"content-heading\">Globales Versorgungsnetz<\/h2><p>Von Berlin aus liefern wir Komponenten an Kunden in S\u00fcdamerika, Afrika, Asien, Polynesien, Europa und dar\u00fcber hinaus. Wir liefern Erstausr\u00fcster-, Alternativ-, Neu- und \u00fcberholte Teile und sorgen daf\u00fcr, dass Betreiber \u00e4ltere Ger\u00e4te ebenso zuverl\u00e4ssig warten k\u00f6nnen wie moderne Flotten. Ektennsa fungiert als Br\u00fccke zwischen Deutschland, Europa und den internationalen M\u00e4rkten und bietet direkten Zugang zu den Herstellern und zu den neuesten technischen L\u00f6sungen.<\/p><h2 class=\"content-heading\">Partnerschaft und Repr\u00e4sentation<\/h2><p>\u00dcber unser europ\u00e4isches Partnernetz bieten wir unseren Kunden eine breite Palette an Ersatzteilen, Komponenten, Zubeh\u00f6r und Ausr\u00fcstung. Au\u00dferdem bieten wir Einblicke in die Fortschritte bei mechanischen, elektronischen und \u00f6kologischen Systemen f\u00fcr Bau-, Bergbau- und Materialverarbeitungsmaschinen.<\/p><\/div><div data-etch-element=\"flex-div\" class=\"content-section__media-wrapper\"><div data-etch-element=\"flex-div\" class=\"image-group\"><figure data-etch-element=\"flex-div\" class=\"image-group__image-wrapper\"><img loading=\"lazy\" decoding=\"async\"  sizes=\"auto, (max-width: 768px) 100vw, 768px\" srcset=\"https:\/\/ektennsa.net\/wp-content\/uploads\/ektennsa-slew-ring-480x480.jpg 480w, https:\/\/ektennsa.net\/wp-content\/uploads\/ektennsa-slew-ring-768x434.jpg 768w\" src=\"https:\/\/ektennsa.net\/wp-content\/uploads\/ektennsa-slew-ring-768x434.jpg\" alt=\"Hochpr\u00e4zises Industriegetriebe mit vorinstallierten Z\u00e4hnen f\u00fcr schwere Maschinen.\" width=\"768\" height=\"434\" class=\"image-group__image\" \/><\/figure><figure data-etch-element=\"flex-div\" class=\"image-group__image-wrapper\"><img loading=\"lazy\" decoding=\"async\"  sizes=\"auto, (max-width: 768px) 100vw, 768px\" srcset=\"https:\/\/ektennsa.net\/wp-content\/uploads\/ektennsa-valves-e1770294783774-480x480.jpg 480w, https:\/\/ektennsa.net\/wp-content\/uploads\/ektennsa-valves-e1770294783774-768x502.jpg 768w\" src=\"https:\/\/ektennsa.net\/wp-content\/uploads\/ektennsa-valves-e1770294783774-768x502.jpg\" alt=\"Steuerkomponente mit technischem Aufdruck, Nahaufnahme eines Pneumatik- oder Hydraulikventils.\" width=\"768\" height=\"502\" class=\"image-group__image\" \/><\/figure><figure data-etch-element=\"flex-div\" class=\"image-group__image-wrapper\"><img loading=\"lazy\" decoding=\"async\"  sizes=\"auto, (max-width: 768px) 100vw, 768px\" srcset=\"https:\/\/ektennsa.net\/wp-content\/uploads\/ektennsa-seats-for-mining-and-construction-machines-480x480.jpg 480w, https:\/\/ektennsa.net\/wp-content\/uploads\/ektennsa-seats-for-mining-and-construction-machines-768x692.jpg 768w\" src=\"https:\/\/ektennsa.net\/wp-content\/uploads\/ektennsa-seats-for-mining-and-construction-machines-768x692.jpg\" alt=\"Komfortabler Sitz mit verstellbarer R\u00fcckenlehne und Lendenst\u00fctze, ergonomisches Design f\u00fcr optimalen Sitzkomfort.\" width=\"768\" height=\"692\" class=\"image-group__image\" \/><\/figure><\/div><\/div><\/div><\/section><section data-etch-element=\"section\" class=\"cta-section bg--white\"><div data-etch-element=\"container\" class=\"cta-section__container\"><div data-etch-element=\"flex-div\" class=\"cta-section__content-wrapper\"><h2 class=\"cta-section__heading\">Zuverl\u00e4ssiger Support und wettbewerbsf\u00e4hige Angebote<\/h2><p class=\"cta-section__text\">Setzen Sie sich mit der Ektennsa GmbH in Verbindung, um Ihre Einkaufsm\u00f6glichkeiten auszuloten und zuverl\u00e4ssige, wettbewerbsf\u00e4hige Angebote von unserem Team in Deutschland zu erhalten.<\/p><\/div><div data-etch-element=\"flex-div\" class=\"cta-section__cta-wrapper\"><a href=\"\/de\/kontaktieren-sie-uns\/\" class=\"btn--primary cta-section__cta\">Kontakt Ektennsa<\/a><\/div><\/div><\/section>","protected":false},"excerpt":{"rendered":"","protected":false},"author":3,"featured_media":0,"parent":0,"menu_order":0,"comment_status":"closed","ping_status":"closed","template":"","meta":{"_acf_changed":false,"footnotes":""},"class_list":["post-899","page","type-page","status-publish","hentry"],"acf":[],"_links":{"self":[{"href":"https:\/\/ektennsa.net\/de\/wp-json\/wp\/v2\/pages\/899","targetHints":{"allow":["GET"]}}],"collection":[{"href":"https:\/\/ektennsa.net\/de\/wp-json\/wp\/v2\/pages"}],"about":[{"href":"https:\/\/ektennsa.net\/de\/wp-json\/wp\/v2\/types\/page"}],"author":[{"embeddable":true,"href":"https:\/\/ektennsa.net\/de\/wp-json\/wp\/v2\/users\/3"}],"replies":[{"embeddable":true,"href":"https:\/\/ektennsa.net\/de\/wp-json\/wp\/v2\/comments?post=899"}],"version-history":[{"count":38,"href":"https:\/\/ektennsa.net\/de\/wp-json\/wp\/v2\/pages\/899\/revisions"}],"predecessor-version":[{"id":3110,"href":"https:\/\/ektennsa.net\/de\/wp-json\/wp\/v2\/pages\/899\/revisions\/3110"}],"wp:attachment":[{"href":"https:\/\/ektennsa.net\/de\/wp-json\/wp\/v2\/media?parent=899"}],"curies":[{"name":"wp","href":"https:\/\/api.w.org\/{rel}","templated":true}]}}