{"id":901,"date":"2015-07-12T18:02:33","date_gmt":"2015-07-12T16:02:33","guid":{"rendered":"http:\/\/ektennsa.net\/?page_id=616"},"modified":"2015-09-08T19:54:10","modified_gmt":"2015-09-08T17:54:10","slug":"ersatzteile-von-raedlinger","status":"publish","type":"page","link":"https:\/\/ektennsa.net\/de\/ersatzteile-von-raedlinger\/","title":{"rendered":"Ersatzteile von R\u00e4dlinger"},"content":{"rendered":"<\/div><\/div><\/div><!-- close content main div --><\/div><\/div><div id='av_section_1' class='avia-section main_color avia-section-large avia-no-border-styling avia-bg-style-scroll   container_wrap fullsize'   ><div class='container' ><div class='template-page content  av-content-full alpha units'><div class='post-entry post-entry-type-page post-entry-901'><div class='entry-content-wrapper clearfix'>\n<div class=\"flex_column av_two_third  flex_column_div av-zero-column-padding first  \" style='border-radius:0px; '><p><div style='padding-bottom:10px;' class='av-special-heading av-special-heading-h2  blockquote modern-quote  '><h2 class='av-special-heading-tag'  itemprop=\"headline\"  >JR Raedlinger Germany<\/h2><div class='special-heading-border'><div class='special-heading-inner-border' ><\/div><\/div><\/div><br \/>\n<div style=' margin-top:0px; margin-bottom:50px;'  class='hr hr-custom hr-left hr-icon-no  '><span class='hr-inner   inner-border-av-border-thin' style=' width:50px;' ><span class='hr-inner-style'><\/span><\/span><\/div><br \/>\n<section class=\"av_textblock_section\"  itemscope=\"itemscope\" itemtype=\"https:\/\/schema.org\/CreativeWork\" ><div class='avia_textblock '   itemprop=\"text\" ><p>Ektensa GmbH vertreibt L\u00f6ffeln, Schaufeln und Zubeh\u00f6r hoher technischer Standards, von JR Raedlinger Deutschland, f\u00fcr Baumaschinen aller Hersteller. JR Raedlinger ist einer der meist gesch\u00e4tzten Anbieter von baldes, Schaufeln und Zubeh\u00f6r f\u00fcr Maschinen von CNH Construction und O&amp;K Terex Mining.<\/p>\n<\/div><\/section><br \/>\n\t<div  class='av_promobox avia-button-yes  '>\t\t<div class='avia-promocontent'><p>\nLieferprogramm<\/p>\n<\/div><div class='avia-button-wrap avia-button-right '><a href='http:\/\/ektennsa.net\/wp-content\/uploads\/catalogo_raedlinger_ger.pdf' class='avia-button  avia-icon_select-no avia-color-theme-color avia-size-large avia-position-right '  target=\"_blank\"   ><span class='avia_iconbox_title' >Download<\/span><\/a><\/div>\t<\/div><br \/>\n<div style='height:20px' class='hr hr-invisible  '><span class='hr-inner ' ><span class='hr-inner-style'><\/span><\/span><\/div><br \/>\n<div class='avia-gallery avia-gallery-1 avia_lazyload avia_animate_when_visible  '  itemscope=\"itemscope\" itemtype=\"https:\/\/schema.org\/ImageObject\" ><div class='avia-gallery-thumb'> <a href='https:\/\/ektennsa.net\/de\/wp-content\/uploads\/sites\/4\/2015\/09\/ektennsa_plano-schema-el\u00e9ctrico-de-motor-de-giro-1030x850.png' data-rel='gallery-1' data-prev-img='https:\/\/ektennsa.net\/de\/wp-content\/uploads\/sites\/4\/2015\/09\/ektennsa_plano-schema-el\u00e9ctrico-de-motor-de-giro-495x400.png' class='first_thumb lightbox ' data-onclick='1' title=''  itemprop=\"contentURL\" ><img  src='https:\/\/ektennsa.net\/de\/wp-content\/uploads\/sites\/4\/2015\/09\/ektennsa_plano-schema-el\u00e9ctrico-de-motor-de-giro-495x400.png' width='495' height='400'  title='ektennsa_plano-schema-el\u00e9ctrico-de-motor-de-giro' alt='' \/><\/a> <a href='https:\/\/ektennsa.net\/de\/wp-content\/uploads\/sites\/4\/2015\/09\/ektennsa_motor-de-giro-con-toma-adaptada-a-cada-marca-de-cuchara.jpg' data-rel='gallery-1' data-prev-img='https:\/\/ektennsa.net\/de\/wp-content\/uploads\/sites\/4\/2015\/09\/ektennsa_motor-de-giro-con-toma-adaptada-a-cada-marca-de-cuchara-495x400.jpg' class='lightbox ' data-onclick='2' title=''  itemprop=\"contentURL\" ><img  src='https:\/\/ektennsa.net\/de\/wp-content\/uploads\/sites\/4\/2015\/09\/ektennsa_motor-de-giro-con-toma-adaptada-a-cada-marca-de-cuchara-495x400.jpg' width='495' height='400'  title='ektennsa_motor-de-giro-con-toma-adaptada-a-cada-marca-de-cuchara' alt='' \/><\/a> <a href='https:\/\/ektennsa.net\/de\/wp-content\/uploads\/sites\/4\/2015\/09\/ektennsa_fabricados-a-la-medida-original-o-como-el-cliente-lo-desee-fabricados-con-los-mejores-aceros-suecos-Hardox-de-su-elecci\u00f3n.jpg' data-rel='gallery-1' data-prev-img='https:\/\/ektennsa.net\/de\/wp-content\/uploads\/sites\/4\/2015\/09\/ektennsa_fabricados-a-la-medida-original-o-como-el-cliente-lo-desee-fabricados-con-los-mejores-aceros-suecos-Hardox-de-su-elecci\u00f3n-495x400.jpg' class='lightbox ' data-onclick='3' title=''  itemprop=\"contentURL\" ><img  src='https:\/\/ektennsa.net\/de\/wp-content\/uploads\/sites\/4\/2015\/09\/ektennsa_fabricados-a-la-medida-original-o-como-el-cliente-lo-desee-fabricados-con-los-mejores-aceros-suecos-Hardox-de-su-elecci\u00f3n-495x400.jpg' width='495' height='400'  title='ektennsa_fabricados-a-la-medida-original-o-como-el-cliente-lo-desee---fabricados-con-los-mejores-aceros-suecos-Hardox-de-su-elecci\u00f3n' alt='' \/><\/a> <a href='https:\/\/ektennsa.net\/de\/wp-content\/uploads\/sites\/4\/2015\/09\/ektennsa_baldes-para-toda-marca-de-maquinaria-de-movimiento-de-tierra.jpg' data-rel='gallery-1' data-prev-img='https:\/\/ektennsa.net\/de\/wp-content\/uploads\/sites\/4\/2015\/09\/ektennsa_baldes-para-toda-marca-de-maquinaria-de-movimiento-de-tierra-495x400.jpg' class='lightbox ' data-onclick='4' title=''  itemprop=\"contentURL\" ><img  src='https:\/\/ektennsa.net\/de\/wp-content\/uploads\/sites\/4\/2015\/09\/ektennsa_baldes-para-toda-marca-de-maquinaria-de-movimiento-de-tierra-495x400.jpg' width='495' height='400'  title='ektennsa_baldes-para-toda-marca-de-maquinaria-de-movimiento-de-tierra' alt='' \/><\/a><\/div><\/div><br \/>\n<div style='height:50px' class='hr hr-invisible  '><span class='hr-inner ' ><span class='hr-inner-style'><\/span><\/span><\/div><\/p><\/div><div class=\"flex_column av_one_third  flex_column_div av-zero-column-padding   \" style='border-radius:0px; '><p><div style='height:10px' class='hr hr-invisible  '><span class='hr-inner ' ><span class='hr-inner-style'><\/span><\/span><\/div><br \/>\n<section class=\"av_textblock_section\"  itemscope=\"itemscope\" itemtype=\"https:\/\/schema.org\/CreativeWork\" ><div class='avia_textblock '   itemprop=\"text\" ><h3 style=\"text-align: center;\">Videos R\u00e4dlinger<\/h3>\n<\/div><\/section><br \/>\n<div class=\"togglecontainer toggle_close_all  \">\n<section class=\"av_toggle_section\"  itemscope=\"itemscope\" itemtype=\"https:\/\/schema.org\/CreativeWork\" >    <div class=\"single_toggle\" data-tags=\"{Alle} \" >        <p data-fake-id=\"#toggle-id-1\" class=\"toggler \"  itemprop=\"headline\" >Drehmotor<span class=\"toggle_icon\">        <span class=\"vert_icon\"><\/span><span class=\"hor_icon\"><\/span><\/span><\/p>        <div id=\"toggle-id-1-container\" class=\"toggle_wrap \" >            <div class=\"toggle_content invers-color\"  itemprop=\"text\" ><p><iframe loading=\"lazy\" src=\"https:\/\/www.youtube.com\/embed\/MG5oXcz3wLY?rel=0&amp;controls=0&amp;showinfo=0\" width=\"100%\" height=\"300\" frameborder=\"0\" allowfullscreen=\"allowfullscreen\"><\/iframe><\/p>\n            <\/div>        <\/div>    <\/div><\/section>\n<section class=\"av_toggle_section\"  itemscope=\"itemscope\" itemtype=\"https:\/\/schema.org\/CreativeWork\" >    <div class=\"single_toggle\" data-tags=\"{Alle} \" >        <p data-fake-id=\"#toggle-id-2\" class=\"toggler \"  itemprop=\"headline\" >Mechanische Kupplung<span class=\"toggle_icon\">        <span class=\"vert_icon\"><\/span><span class=\"hor_icon\"><\/span><\/span><\/p>        <div id=\"toggle-id-2-container\" class=\"toggle_wrap \" >            <div class=\"toggle_content invers-color\"  itemprop=\"text\" ><p><iframe loading=\"lazy\" src=\"https:\/\/www.youtube.com\/embed\/yCC6v7_S8Dk?rel=0&amp;controls=0&amp;showinfo=0\" width=\"100%\" height=\"300\" frameborder=\"0\" allowfullscreen=\"allowfullscreen\"><\/iframe><\/p>\n            <\/div>        <\/div>    <\/div><\/section>\n<section class=\"av_toggle_section\"  itemscope=\"itemscope\" itemtype=\"https:\/\/schema.org\/CreativeWork\" >    <div class=\"single_toggle\" data-tags=\"{Alle} \" >        <p data-fake-id=\"#toggle-id-3\" class=\"toggler \"  itemprop=\"headline\" >Erweiterungen<span class=\"toggle_icon\">        <span class=\"vert_icon\"><\/span><span class=\"hor_icon\"><\/span><\/span><\/p>        <div id=\"toggle-id-3-container\" class=\"toggle_wrap \" >            <div class=\"toggle_content invers-color\"  itemprop=\"text\" ><p><iframe loading=\"lazy\" src=\"https:\/\/www.youtube.com\/embed\/UyDHzKrY6w8?rel=0&amp;controls=0&amp;showinfo=0\" width=\"100%\" height=\"300\" frameborder=\"0\" allowfullscreen=\"allowfullscreen\"><\/iframe><\/p>\n            <\/div>        <\/div>    <\/div><\/section>\n<section class=\"av_toggle_section\"  itemscope=\"itemscope\" itemtype=\"https:\/\/schema.org\/CreativeWork\" >    <div class=\"single_toggle\" data-tags=\"{Alle} \" >        <p data-fake-id=\"#toggle-id-4\" class=\"toggler \"  itemprop=\"headline\" >Schaufeln<span class=\"toggle_icon\">        <span class=\"vert_icon\"><\/span><span class=\"hor_icon\"><\/span><\/span><\/p>        <div id=\"toggle-id-4-container\" class=\"toggle_wrap \" >            <div class=\"toggle_content invers-color\"  itemprop=\"text\" ><p><iframe loading=\"lazy\" src=\"https:\/\/www.youtube.com\/embed\/tBjc9RcVX88?rel=0&amp;controls=0&amp;showinfo=0\" width=\"100%\" height=\"300\" frameborder=\"0\" allowfullscreen=\"allowfullscreen\"><\/iframe><\/p>\n            <\/div>        <\/div>    <\/div><\/section>\n<\/div><\/p><\/div>\n","protected":false},"excerpt":{"rendered":"","protected":false},"author":1,"featured_media":0,"parent":0,"menu_order":0,"comment_status":"open","ping_status":"open","template":"","meta":[],"_links":{"self":[{"href":"https:\/\/ektennsa.net\/de\/wp-json\/wp\/v2\/pages\/901"}],"collection":[{"href":"https:\/\/ektennsa.net\/de\/wp-json\/wp\/v2\/pages"}],"about":[{"href":"https:\/\/ektennsa.net\/de\/wp-json\/wp\/v2\/types\/page"}],"author":[{"embeddable":true,"href":"https:\/\/ektennsa.net\/de\/wp-json\/wp\/v2\/users\/1"}],"replies":[{"embeddable":true,"href":"https:\/\/ektennsa.net\/de\/wp-json\/wp\/v2\/comments?post=901"}],"version-history":[{"count":4,"href":"https:\/\/ektennsa.net\/de\/wp-json\/wp\/v2\/pages\/901\/revisions"}],"predecessor-version":[{"id":948,"href":"https:\/\/ektennsa.net\/de\/wp-json\/wp\/v2\/pages\/901\/revisions\/948"}],"wp:attachment":[{"href":"https:\/\/ektennsa.net\/de\/wp-json\/wp\/v2\/media?parent=901"}],"curies":[{"name":"wp","href":"https:\/\/api.w.org\/{rel}","templated":true}]}}