{"id":99,"date":"2025-10-23T11:25:11","date_gmt":"2025-10-23T09:25:11","guid":{"rendered":"https:\/\/khaki-mantis-131414.hostingersite.com\/cookie-richtlinie\/"},"modified":"2026-03-06T22:44:22","modified_gmt":"2026-03-06T21:44:22","slug":"cookie-richtlinie","status":"publish","type":"page","link":"https:\/\/ektennsa.net\/de\/cookie-policy\/","title":{"rendered":"Cookie-Richtlinie"},"content":{"rendered":"<section data-etch-element=\"section\" class=\"legal-page\"><div data-etch-element=\"container\" class=\"legal-page__container\"><h1 class=\"legal-page__title\">Cookie-Richtlinie<\/h1><p>Mit dieser Cookie-Richtlinie m\u00f6chten wir erkl\u00e4ren, was Cookies und Cookie-\u00e4hnliche Technologien sind, wie wir und andere Service Provider sie auf dieser Website verwenden, welche Informationen sie sammeln, wie lange und f\u00fcr welche Zwecke wir sie nutzen.<\/p><h2>Inhaltsverzeichnis<\/h2><ul><li><a href=\"#controller-of-the-website\">Verantwortlicher der Website<\/a><\/li><li><a href=\"#diff-to-privacy-policy\">Erg\u00e4nzung der Datenschutz-Richtlinie<\/a><\/li><li><a href=\"#cookie-technology\">Was sind Cookies und \u00e4hnliche Technologien?<\/a><\/li><li><a href=\"#legal-basis\">Was ist die Rechtsgrundlage f\u00fcr das Setzen\/Lesen von Cookies?<\/a><\/li><li><a href=\"#rights-of-visitor\">Welche Rechte hat der Website-Besucher?<\/a><\/li><li><a href=\"#manage-cookies\">Wie verwalte ich Cookies in einem Browser?<\/a><\/li><li><a href=\"#types-of-cookies\">Welche Arten von Cookies gibt es?<\/a><\/li><li><a href=\"#cookies-origin\">Wer kann auf dieser Website Cookies setzen?<\/a><\/li><li><a href=\"#list-of-services\">Welche Cookies werden auf dieser Website verwendet?<\/a><\/li><\/ul><h2 id=\"controller-of-the-website\">Verantwortlicher der Website<\/h2><ul><li><strong>Anbieter: <\/strong>EKTENNSA GMBH, Blumenthal Str. 36, 13156 Berlin, Deutschland<\/li><li><strong>E-Mail: <\/strong><a target=\"_blank\" href=\"mailto:info@ektennsa.net\">info@ektennsa.net<\/a><\/li><li><strong>Telefon: <\/strong><a target=\"_blank\" href=\"tel:0049 30 364 37 209\">0049 30 364 37 209<\/a><\/li><li><strong>Kontaktformular: <\/strong><a target=\"_blank\" href=\"https:\/\/ektennsa.net\/de\/contact-us\/\">ektennsa.net\/de\/contact-us\/<\/a><\/li><\/ul><h2 id=\"diff-to-privacy-policy\">Erg\u00e4nzung der Datenschutz-Richtlinie<\/h2><p>Diese Cookie-Richtlinie ist eine Erg\u00e4nzung zur <a href=\"https:\/\/ektennsa.net\/de\/privacy-policy\/\" target=\"_blank\">Datenschutzerkl\u00e4rung<\/a> dieser Website. Die Cookie-Richtlinie legt fest, wie eine Website Cookies verwendet und welche Daten sie damit sammelt, w\u00e4hrend die Datenschutzerkl\u00e4rung einen umfassenderen \u00dcberblick \u00fcber alle Datenverarbeitungsaktivit\u00e4ten auf der Website und dar\u00fcber hinaus bietet.<\/p><h2 id=\"cookie-technology\">Was sind Cookies und \u00e4hnliche Technologien?<\/h2><p>Cookies sind kleine Einheiten von Informationen, \u00e4hnlich wie Textdateien, die auf dem Endger\u00e4t gespeichert und gelesen werden k\u00f6nnen. Sie dienen verschiedenen Zwecken, u. a. der Aufrechterhaltung grundlegender Funktionen der Website, der Sicherheit und des Datenschutzes, der Bereitstellung optionaler Funktionen der Website, der Erfassung statistischer Daten \u00fcber Besucherstr\u00f6me und der Bereitstellung von Marketingsystemen. Praktische Beispiele daf\u00fcr, was in Cookies gespeichert werden kann, sind die Speicherung des Login-Status in Benutzerkonten, der Inhalt von Warenk\u00f6rben in E-Commerce-Plattformen oder eine Nutzer-ID zur Verfolgung des Verhaltens auf der Website.<br \/><br \/>Die Informationen k\u00f6nnen technisch auf verschiedene Arten gespeichert werden. Die bekanntesten Beispiele daf\u00fcr sind HTTP-Cookies und Cookie-\u00e4hnliche Technologien wie der lokale Speicher, der Sitzungsspeicher oder IndexedDB. Jede Art der Speicherung hat unterschiedliche Eigenschaften, welche die technische Handhabung, die Zug\u00e4nglichkeit und die zum Zugriff auf die Informationen berechtigten Verantwortlichen bestimmen. Alle diese Arten der Speicherung werden in der Regel unter dem Begriff \u201eCookies\u201c zusammengefasst und daher in dieser Cookie-Richtlinie auch so genannt.<\/p><h2 id=\"legal-basis\">Was ist die Rechtsgrundlage f\u00fcr das Setzen\/Lesen von Cookies?<\/h2><p>Das Setzen und Auslesen von Cookies ist in der Europ\u00e4ischen Union (EU) und dem Europ\u00e4ischen Wirtschaftsraum (EWR) gem\u00e4\u00df \u00a7 25 TDDDG (Deutschland) und \u00a7 165 TKG (\u00d6sterreich) nur dann zul\u00e4ssig, wenn ein Nutzer seine Einwilligung auf der Grundlage umfassender Informationen \u00fcber die Zwecke der Verarbeitung gegeben hat. Der Website-Betreiber kann auch Cookies setzen, wenn sie unbedingt notwendig sind, um dir als Nutzer den ausdr\u00fccklich angeforderten Service zur Verf\u00fcgung zu stellen, z. B. die grundlegenden Inhalte dieser Website oder andere unbedingt notwendige Cookies f\u00fcr grundlegende Funktionen der Website, die dir ohne deine Einwilligung angezeigt werden.<\/p><h2 id=\"rights-of-visitor\">Welche Rechte hat der Website-Besucher?<\/h2><p>Dienste und deren Cookies k\u00f6nnen auf der Rechtsgrundlage Ihrer Einwilligung oder eines berechtigten Interesses gesetzt und gelesen werden. Bei Ihrem ersten Besuch dieser Website wurden Sie um Ihre Zustimmung gebeten und hatten die M\u00f6glichkeit, der Nutzung bestimmter Dienste zu widersprechen. Welche Rechtsgrundlage f\u00fcr welchen Dienst verwendet wird, haben wir in unserem Einwilligungsdialog erl\u00e4utert.<br \/><br \/>Sie haben das Recht, die Historie Ihrer Entscheidungen einzusehen, Ihre Datenschutzeinstellungen zu \u00e4ndern, der Nutzung von Diensten zu widersprechen und Ihre Einwilligung jederzeit zu widerrufen. Nachstehend finden Sie M\u00f6glichkeiten zur Aus\u00fcbung Ihrer Rechte:<br \/><ul><li><a  href=\"#consent-change\" role=\"button\" id=\"rcb-sc-link-change\" data-success-message=\"\" class=\"rcb-sc-link rcb-sc-link-change\">Privatsph\u00e4re-Einstellungen \u00e4ndern<\/a><\/li><li><a  href=\"#consent-history\" role=\"button\" id=\"rcb-sc-link-history\" data-success-message=\"\" class=\"rcb-sc-link rcb-sc-link-history\">Historie der Privatsph\u00e4re-Einstellungen<\/a><\/li><li><a  href=\"#consent-revoke\" role=\"button\" id=\"rcb-sc-link-revoke\" data-success-message=\"Du hast die Einwilligung f\u00fcr Services mit dessen Cookies und Verarbeitung personenbezogener Daten erfolgreich widerrufen. Die Seite wird jetzt neu geladen!\" class=\"rcb-sc-link rcb-sc-link-revoke\">Einwilligungen widerrufen<\/a><\/li><\/ul><\/p><h2 id=\"manage-cookies\">Wie verwalte ich Cookies in einem Browser?<\/h2><p><ul><li><strong>Wie man Cookies in einem Browser entfernt:<\/strong> Um Cookies von Ihrem Ger\u00e4t zu entfernen, k\u00f6nnen Sie die Browsing-Daten in den Einstellungen Ihres Browsers l\u00f6schen. Dadurch werden alle Cookies von allen Websites, die Sie besucht haben, gel\u00f6scht, m\u00f6glicherweise auch die gespeicherten Anmeldedaten und Website-Einstellungen. In einigen Browsern k\u00f6nnen Sie nur die Cookies und \u00e4hnliche Daten l\u00f6schen, ohne den gesamten Browserverlauf zu l\u00f6schen.<\/li><li><strong>Wie man Cookies in einem Browser kontrolliert:<\/strong> Wenn Sie eine genauere Kontrolle \u00fcber die Cookies bestimmter Websites w\u00fcnschen, gehen Sie zu den Datenschutz- und Cookie-Einstellungen Ihres Browsers. Hier k\u00f6nnen Sie die Einstellungen f\u00fcr die Verwendung von Cookies auf einzelnen Websites anpassen.<\/li><li><strong>Wie man Cookies in einem Browser blockiert:<\/strong> Bei den meisten modernen Browsern k\u00f6nnen Sie in den Einstellungen festlegen, dass keine Cookies auf Ihrem Ger\u00e4t gespeichert werden sollen. Das Blockieren von Cookies kann jedoch dazu f\u00fchren, dass bestimmte Dienste und Funktionen nicht richtig funktionieren, z. B. die Anmeldung als Nutzer. Sie k\u00f6nnen auch Erweiterungen f\u00fcr viele Browser verwenden, die das Setzen von Cookies auf Websites blockieren k\u00f6nnen.<\/li><li><strong>Wie Sie Cookies auf dieser Website verwalten k\u00f6nnen:<\/strong> Um Ihre Pr\u00e4ferenzen in Bezug auf Cookies auf dieser Website anzupassen, k\u00f6nnen Sie Ihre Einstellungen jederzeit \u00e4ndern, indem Sie auf den Link im Abschnitt \u201cRechte des Website-Besuchers\u201d klicken.<\/li><\/li><\/ul><p>Weitere Informationen \u00fcber den Umgang mit Cookies finden Sie hier <a href=\"https:\/\/devowl.io\/rcb\/cookie-handling\/\" target=\"_blank\" rel=\"noopener\">devowl.io\/rcb\/cookie-handling\/<\/a>.<\/p><\/p><h2 id=\"types-of-cookies\">Welche Arten von Cookies gibt es?<\/h2><p><ul><li><strong>Wesentliche Cookies<\/strong> sind f\u00fcr die Grundfunktionen einer Website unverzichtbar und erm\u00f6glichen Funktionen wie die Speicherung von Anmeldeinformationen oder den Zugang zu sicheren Bereichen der Website. Dazu geh\u00f6ren z. B. Sicherheits-Cookies, die einen Bot, der auf der Website nicht erw\u00fcnscht ist, identifizieren k\u00f6nnen, indem sie einen Authentifizierungsschl\u00fcssel in einem Cookie speichern.<\/li><li><strong>Funktionale Cookies<\/strong> Verbesserung der Nutzererfahrung durch Speicherung von Informationen und Pr\u00e4ferenzen wie Spracheinstellungen oder Einstellungen f\u00fcr das Erscheinungsbild der Website, um eine personalisierte Darstellung zu erm\u00f6glichen. Dazu geh\u00f6ren beispielsweise Pr\u00e4ferenz-Cookies, die die bevorzugte Videoqualit\u00e4t des Nutzers auf einer Website speichern.<\/li><li><strong>Statistik-Kekse<\/strong> Daten \u00fcber die Nutzung einer Website sammeln, um Erkenntnisse \u00fcber das Nutzerverhalten zu gewinnen und die Leistung der Website zu optimieren. Dazu geh\u00f6rt z. B. eine zuf\u00e4llig zugewiesene Benutzer-ID, mit der sich zuordnen l\u00e4sst, ob Sie eine Unterseite der Website besucht haben.<\/li><li><strong>Marketing-Kekse<\/strong> werden verwendet, um das Nutzerverhalten \u00fcber verschiedene Websites hinweg zu verfolgen und um personalisierte Werbung auf der Grundlage der Interessen und des Surfverhaltens der Nutzer anzuzeigen. Dazu geh\u00f6ren z. B. Werbe-Cookies, die eine Interaktion mit einer Werbung auf der Website speichern und an Werbetreibende weitergeben, oder ein Chat-System f\u00fcr Fragen vor dem Kauf und den Kundendienst.<\/li><\/li><\/ul><\/p><h2 id=\"cookies-origin\">Wer kann auf dieser Website Cookies setzen?<\/h2><p>Auf dieser Website k\u00f6nnen sowohl der Betreiber der Website als auch Dienste Dritter, die auf dieser Website genutzt werden, Cookies setzen und auf deren Inhalte zugreifen. Wer auf welche Cookies und deren Inhalte zugreifen kann, unterscheidet sich zwischen First-Party- und Third-Party-Cookies. First-Party-Cookies werden von der besuchten Website erstellt und k\u00f6nnen nur vom Betreiber der Website und den integrierten Diensten Dritter auf dieser Website gelesen werden. Third-Party-Cookies werden in der Regel von Drittanbieter-Diensten auf anderen Domains gesetzt, k\u00f6nnen auf allen Websites gelesen werden, auf denen der Service, der die Domain steuert, eingebettet ist, und werden z. B. von Werbenetzwerken verwendet, um das Nutzerverhalten \u00fcber verschiedene Websites hinweg zu verfolgen und personalisierte Werbung anzubieten.<\/p><h2 id=\"list-of-services\">Welche Cookies werden auf dieser Website verwendet?<\/h2><script type=\"application\/json\">{\"search\":{\"placeholder\":\"Suche...\"},\"sort\":{\"sortAsc\":\"Spalte aufsteigend sortieren\",\"sortDesc\":\"Spalte absteigend sortieren\"},\"pagination\":{\"previous\":\"Vorherige\",\"next\":\"N\\u00e4chste\",\"navigate\":\"Seite %1$d von %2$d\",\"page\":\"Seite %d\",\"showing\":\"Anzeigen\",\"of\":\"von\",\"to\":\"zu\",\"results\":\"Ergebnisse\"},\"noRecordsFound\":\"Keine passenden Eintr\\u00e4ge gefunden\"}<\/script><table  class=\"devowl-wp-react-cookie-banner-cookie-policy\"><thead><tr><th width=\"200px\" scope=\"col\">Kategorie<\/th><th width=\"400px\" scope=\"col\">Technischer Cookie Name<\/th><th width=\"400px\" scope=\"col\">Technischer Cookie Host<\/th><th width=\"400px\" scope=\"col\">Service<\/th><th width=\"250px\" scope=\"col\">Dauer<\/th><th width=\"200px\" scope=\"col\">Typ<\/th><th width=\"550px\" scope=\"col\">Zweck<\/th><\/tr><\/thead><tbody><tr><td>Essenziell<\/td><td>real_cookie_banner*<\/td><td>.hostingersite.com<\/td><td>Banner f\u00fcr echte Kekse<\/td><td>365 Tage<\/td><td>HTTP-Cookie<\/td><td>Eindeutiger Identifikator f\u00fcr die Einwilligung, aber nicht f\u00fcr den Website-Besucher. Revisionshash f\u00fcr die Einstellungen des Cookie-Banners (Texte, Farben, Funktionen, Servicegruppen, Dienste, Content Blocker usw.). IDs f\u00fcr eingewilligte Dienste und Service-Gruppen.<\/td><\/tr><tr><td>Essenziell<\/td><td>real_cookie_banner*-tcf<\/td><td>.hostingersite.com<\/td><td>Banner f\u00fcr echte Kekse<\/td><td>365 Tage<\/td><td>HTTP-Cookie<\/td><td>Im Rahmen von TCF gesammelte Einwilligungen, die im TC-String-Format gespeichert werden, einschlie\u00dflich TCF-Vendoren, -Zwecke, -Sonderzwecke, -Funktionen und -Sonderfunktionen.<\/td><\/tr><tr><td>Essenziell<\/td><td>real_cookie_banner*-gcm<\/td><td>.hostingersite.com<\/td><td>Banner f\u00fcr echte Kekse<\/td><td>365 Tage<\/td><td>HTTP-Cookie<\/td><td>Die im Google Consent Mode gesammelten Einwilligungen in die verschiedenen Einwilligungstypen (Zwecke) werden f\u00fcr alle mit dem Google Consent Mode kompatiblen Services gespeichert.<\/td><\/tr><tr><td>Essenziell<\/td><td>real_cookie_banner-test<\/td><td>.hostingersite.com<\/td><td>Banner f\u00fcr echte Kekse<\/td><td>365 Tage<\/td><td>HTTP-Cookie<\/td><td>Cookie, der gesetzt wurde, um die Funktionalit\u00e4t von HTTP-Cookies zu testen. Wird sofort nach dem Test gel\u00f6scht.<\/td><\/tr><tr><td>Essenziell<\/td><td>real_cookie_banner*<\/td><td>https:\/\/ektennsa.net<\/td><td>Banner f\u00fcr echte Kekse<\/td><td>-<\/td><td>Lokale Lagerung<\/td><td>Eindeutiger Identifikator f\u00fcr die Einwilligung, aber nicht f\u00fcr den Website-Besucher. Revisionshash f\u00fcr die Einstellungen des Cookie-Banners (Texte, Farben, Funktionen, Service-Gruppen, Services, Content Blocker usw.). IDs f\u00fcr eingewilligte Dienste und Service-Gruppen. Wird nur solange gespeichert, bis die Einwilligung auf dem Website-Server dokumentiert ist.<\/td><\/tr><tr><td>Essenziell<\/td><td>real_cookie_banner*-tcf<\/td><td>https:\/\/ektennsa.net<\/td><td>Banner f\u00fcr echte Kekse<\/td><td>-<\/td><td>Lokale Lagerung<\/td><td>Im Rahmen von TCF gesammelte Einwilligungen werden im TC-String-Format gespeichert, einschlie\u00dflich TCF Vendoren, Zwecke, besondere Zwecke, Funktionen und besondere Funktionen. Wird nur solange gespeichert, bis die Einwilligung auf dem Website-Server dokumentiert ist.<\/td><\/tr><tr><td>Essenziell<\/td><td>real_cookie_banner*-gcm<\/td><td>https:\/\/ektennsa.net<\/td><td>Banner f\u00fcr echte Kekse<\/td><td>-<\/td><td>Lokale Lagerung<\/td><td>Im Rahmen des Google Consent Mode erfasste Einwilligungen werden f\u00fcr alle mit dem Google Consent Mode kompatiblen Dienste in Einwilligungstypen (Zwecke) gespeichert. Wird nur solange gespeichert, bis die Einwilligung auf dem Website-Server dokumentiert ist.<\/td><\/tr><tr><td>Essenziell<\/td><td>real_cookie_banner-consent-queue*<\/td><td>https:\/\/ektennsa.net<\/td><td>Banner f\u00fcr echte Kekse<\/td><td>-<\/td><td>Lokale Lagerung<\/td><td>Lokale Zwischenspeicherung (Caching) der Auswahl im Cookie-Banner, bis der Server die Einwilligung dokumentiert; Dokumentation periodisch oder bei Seitenwechseln versucht, wenn der Server nicht verf\u00fcgbar oder \u00fcberlastet ist.<\/td><\/tr><tr><td>Funktional<\/td><td>trp_Sprache<\/td><td>ektennsa.net<\/td><td>\u00dcbersetzenPresse<\/td><td>30 Tage<\/td><td>HTTP-Cookie<\/td><td>-<\/td><\/tr><tr><td>Statistik<\/td><td>_ga<\/td><td>.ektennsa.net<\/td><td>Google Analytics<\/td><td>24 Monate<\/td><td>HTTP-Cookie<\/td><td>Benutzer-ID zur Analyse des allgemeinen Benutzerverhaltens auf verschiedenen Websites<\/td><\/tr><tr><td>Statistik<\/td><td>_ga_*<\/td><td>.ektennsa.net<\/td><td>Google Analytics<\/td><td>24 Monate<\/td><td>HTTP-Cookie<\/td><td>Benutzer-ID zur Analyse des Benutzerverhaltens auf dieser Website f\u00fcr Berichte \u00fcber die Nutzung der Website<\/td><\/tr><\/tbody><\/table><p>Die Cookie-Richtlinie wurde zuletzt am 26.02.2026 aktualisiert.<\/p>\n\n<\/div><\/section>","protected":false},"excerpt":{"rendered":"","protected":false},"author":3,"featured_media":0,"parent":0,"menu_order":0,"comment_status":"closed","ping_status":"closed","template":"","meta":{"_acf_changed":false,"footnotes":""},"class_list":["post-99","page","type-page","status-publish","hentry"],"acf":[],"_links":{"self":[{"href":"https:\/\/ektennsa.net\/de\/wp-json\/wp\/v2\/pages\/99","targetHints":{"allow":["GET"]}}],"collection":[{"href":"https:\/\/ektennsa.net\/de\/wp-json\/wp\/v2\/pages"}],"about":[{"href":"https:\/\/ektennsa.net\/de\/wp-json\/wp\/v2\/types\/page"}],"author":[{"embeddable":true,"href":"https:\/\/ektennsa.net\/de\/wp-json\/wp\/v2\/users\/3"}],"replies":[{"embeddable":true,"href":"https:\/\/ektennsa.net\/de\/wp-json\/wp\/v2\/comments?post=99"}],"version-history":[{"count":5,"href":"https:\/\/ektennsa.net\/de\/wp-json\/wp\/v2\/pages\/99\/revisions"}],"predecessor-version":[{"id":3040,"href":"https:\/\/ektennsa.net\/de\/wp-json\/wp\/v2\/pages\/99\/revisions\/3040"}],"wp:attachment":[{"href":"https:\/\/ektennsa.net\/de\/wp-json\/wp\/v2\/media?parent=99"}],"curies":[{"name":"wp","href":"https:\/\/api.w.org\/{rel}","templated":true}]}}