{"id":102,"date":"2025-10-23T11:37:06","date_gmt":"2025-10-23T09:37:06","guid":{"rendered":"https:\/\/khaki-mantis-131414.hostingersite.com\/?page_id=102"},"modified":"2026-03-06T22:44:23","modified_gmt":"2026-03-06T21:44:23","slug":"legal-notice","status":"publish","type":"page","link":"https:\/\/ektennsa.net\/es\/legal-terms\/","title":{"rendered":"Aviso legal"},"content":{"rendered":"<section data-etch-element=\"section\" class=\"legal-page\"><div data-etch-element=\"container\" class=\"legal-page__container\"><article class=\"legal-content\"><h1 class=\"legal-page__title\">Aviso legal<\/h1><h2>Informaci\u00f3n de la empresa<\/h2><p> Ektennsa S.A.<br \/> Calle Blumenthal, 36<br \/> 13156 Berl\u00edn<br \/> Alemania <\/p><h2>N\u00famero de identificaci\u00f3n fiscal<\/h2><p>N\u00famero de identificaci\u00f3n fiscal seg\u00fan el art\u00edculo 27 a de la Ley alemana del Impuesto sobre el Valor Agregado: DE262802030<\/p><h2>Contacto<\/h2><p> Correo electr\u00f3nico: <a href=\"mailto:info@ektennsa.net\">info@ektennsa.net<\/a><br \/> Sitio web: <a href=\"https:\/\/ektennsa.net\/es\/\">www.ektennsa.net<\/a><\/p><h2>Tel\u00e9fono<\/h2><ul><li>+49 30 364 37 209<\/li><li>+49 163 458 53 17 (celular)<\/li><li>+49 151 258 48 599 (celular)<\/li><\/ul><h2>Fax<\/h2><p>+49 30 364 371 \u2013 53<\/p><h2>Responsabilidad por el contenido<\/h2><p> El contenido de nuestras p\u00e1ginas ha sido creado con el mayor cuidado. Sin embargo, no podemos garantizar la exactitud, integridad o actualidad de los contenidos. De acuerdo con las disposiciones legales, somos responsables de nuestro propio contenido en estas p\u00e1ginas web. En este contexto, tenga en cuenta que no estamos obligados a supervisar la informaci\u00f3n transmitida o almacenada por terceros, ni a investigar circunstancias que apunten a actividades ilegales. Nuestras obligaciones de eliminar o bloquear el uso de la informaci\u00f3n en virtud de las leyes de aplicaci\u00f3n general no se ven afectadas por ello, de conformidad con los art\u00edculos 8 a 10 de la Ley de Telemedia (TMG). <\/p><h2>Responsabilidad por los enlaces<\/h2><p> La responsabilidad por el contenido de los enlaces externos (a p\u00e1ginas web de terceros) recae exclusivamente en los operadores de las p\u00e1ginas enlazadas. En el momento de establecer los enlaces no se observ\u00f3 ninguna infracci\u00f3n. Si tuvi\u00e9ramos conocimiento de alguna infracci\u00f3n legal, eliminar\u00edamos inmediatamente el enlace correspondiente. <\/p><h2>Derechos de autor<\/h2><p> Nuestras p\u00e1ginas web y sus contenidos est\u00e1n sujetos a la ley alemana de derechos de autor. Salvo que la ley lo permita expresamente, cualquier forma de utilizaci\u00f3n, reproducci\u00f3n o procesamiento de obras protegidas por derechos de autor en nuestras p\u00e1ginas web requiere el consentimiento previo del titular de los derechos correspondiente. Las reproducciones individuales de una obra solo est\u00e1n permitidas para uso privado. Los materiales de estas p\u00e1ginas est\u00e1n protegidos por derechos de autor y cualquier uso no autorizado puede infringir las leyes de derechos de autor. <\/p><h2>Dise\u00f1o web<\/h2><p>Este sitio web ha sido realizado por <a href=\"https:\/\/apollo-webdesign.de\" taget=\"_blank\" target=\"_blank\" rel=\"noopener\">Apollo Dise\u00f1o web<\/a>.<\/p><\/article><\/div><\/section>","protected":false},"excerpt":{"rendered":"","protected":false},"author":3,"featured_media":0,"parent":0,"menu_order":0,"comment_status":"closed","ping_status":"closed","template":"","meta":{"_acf_changed":false,"footnotes":""},"class_list":["post-102","page","type-page","status-publish","hentry"],"acf":[],"_links":{"self":[{"href":"https:\/\/ektennsa.net\/es\/wp-json\/wp\/v2\/pages\/102","targetHints":{"allow":["GET"]}}],"collection":[{"href":"https:\/\/ektennsa.net\/es\/wp-json\/wp\/v2\/pages"}],"about":[{"href":"https:\/\/ektennsa.net\/es\/wp-json\/wp\/v2\/types\/page"}],"author":[{"embeddable":true,"href":"https:\/\/ektennsa.net\/es\/wp-json\/wp\/v2\/users\/3"}],"replies":[{"embeddable":true,"href":"https:\/\/ektennsa.net\/es\/wp-json\/wp\/v2\/comments?post=102"}],"version-history":[{"count":11,"href":"https:\/\/ektennsa.net\/es\/wp-json\/wp\/v2\/pages\/102\/revisions"}],"predecessor-version":[{"id":2972,"href":"https:\/\/ektennsa.net\/es\/wp-json\/wp\/v2\/pages\/102\/revisions\/2972"}],"wp:attachment":[{"href":"https:\/\/ektennsa.net\/es\/wp-json\/wp\/v2\/media?parent=102"}],"curies":[{"name":"wp","href":"https:\/\/api.w.org\/{rel}","templated":true}]}}