{"id":104,"date":"2025-10-23T11:39:08","date_gmt":"2025-10-23T09:39:08","guid":{"rendered":"https:\/\/khaki-mantis-131414.hostingersite.com\/datenschutzerklaerung\/"},"modified":"2026-03-06T22:44:24","modified_gmt":"2026-03-06T21:44:24","slug":"politica-de-privacidad","status":"publish","type":"page","link":"https:\/\/ektennsa.net\/es\/privacy-policy\/","title":{"rendered":"Pol\u00edtica de privacidad"},"content":{"rendered":"<section data-etch-element=\"section\" class=\"legal-page\"><div data-etch-element=\"container\" class=\"legal-page__container\"><article class=\"legal-content smart-spacing\"><h1 class=\"legal-page__title\">Pol\u00edtica de privacidad<\/h1><h2>Pol\u00edtica de privacidad de datos<\/h2><p>Nuestro sitio web puede utilizarse sin introducir datos personales. No obstante, pueden aplicarse normas diferentes a determinados servicios de nuestro sitio, que se explican por separado a continuaci\u00f3n. Recopilamos datos personales sobre usted (por ejemplo, nombre, direcci\u00f3n, direcci\u00f3n de correo electr\u00f3nico, n\u00famero de tel\u00e9fono, etc.) de conformidad con las disposiciones de las leyes alemanas de protecci\u00f3n de datos. Se considera que la informaci\u00f3n es personal si puede asociarse exclusivamente a una persona f\u00edsica espec\u00edfica. El marco legal para la protecci\u00f3n de datos se encuentra en la Ley Federal de Protecci\u00f3n de Datos (BDSG) y la Ley de Telemedia (TMG) de Alemania. Las disposiciones que figuran a continuaci\u00f3n sirven para proporcionar informaci\u00f3n sobre la forma, el alcance y la finalidad de la recopilaci\u00f3n, el uso y el tratamiento de la informaci\u00f3n personal por parte del proveedor.<\/p><p><strong> EKTENNSA S.A.<br \/> Calle Blumenthal, 36<br \/> 13156 Berl\u00edn<br \/> ALEMANIA <\/strong><\/p><p><strong> Tel\u00e9fono: 0049 30 364 37 209<br \/> Correo electr\u00f3nico: info@ektennsa.net <\/strong><\/p><p>Tenga en cuenta que la transferencia de datos a trav\u00e9s de Internet est\u00e1 sujeta a riesgos de seguridad y, por lo tanto, no se puede garantizar una protecci\u00f3n completa contra el acceso de terceros a los datos transferidos.<\/p><h2>Cookies<\/h2><p>Nuestro sitio web utiliza las denominadas cookies para reconocer el uso repetido de nuestro sitio web por parte del mismo usuario\/suscriptor de conexi\u00f3n a Internet. Las cookies son peque\u00f1os archivos de texto que su navegador de Internet descarga y almacena en su computadora.<\/p><p>Puede impedir la instalaci\u00f3n de cookies ajustando la configuraci\u00f3n de su navegador. Sin embargo, debe tener en cuenta que, al hacerlo, es posible que no pueda utilizar todas las funciones de nuestro sitio web.<\/p><h2>Datos del servidor<\/h2><p>Por razones t\u00e9cnicas, se recopilan datos como los siguientes:<\/p><ul><li>Tipo y versi\u00f3n del navegador<\/li><li>Sistema operativo<\/li><li>URL de referencia<\/li><li>P\u00e1ginas visitadas<\/li><li>Fecha y hora de la visita<\/li><li>Direcci\u00f3n IP<\/li><\/ul><p>Estos datos an\u00f3nimos se almacenan separadamente de los datos personales y se utilizan con fines estad\u00edsticos.<\/p><h2>C\u00f3mo ponerse en contacto con nosotros<\/h2><p>Si se pone en contacto con nosotros por correo electr\u00f3nico o mediante el formulario de contacto, la informaci\u00f3n que nos proporcione se almacenar\u00e1 para procesar la solicitud. No se transfieren datos a terceros.<\/p><h2>Uso de fuentes web de Google<\/h2><p>Este sitio web utiliza fuentes web proporcionadas por Google para garantizar una visualizaci\u00f3n uniforme de las fuentes. Cuando usted accede a una p\u00e1gina, su navegador carga las fuentes web necesarias en su cach\u00e9.<\/p><p> M\u00e1s informaci\u00f3n:<br \/><a href=\"https:\/\/developers.google.com\/fonts\/faq\" target=\"_blank\" rel=\"noopener\">Preguntas frecuentes sobre Google Fonts<\/a><br \/><a href=\"https:\/\/www.google.com\/policies\/privacy\/\" target=\"_blank\" rel=\"noopener\">Pol\u00edtica de privacidad de Google<\/a><\/p><h2>Uso de Google Maps<\/h2><p>Utilizamos el servicio Google Maps proporcionado por Google Inc., 1600 Amphitheatre Parkway, Mountain View, CA 94043, EE. UU.<\/p><p> Condiciones de uso:<br \/><a href=\"http:\/\/www.google.de\/intl\/de\/policies\/terms\/regional.html\" target=\"_blank\" rel=\"nofollow noopener\">T\u00e9rminos de Google<\/a><br \/><a href=\"https:\/\/www.google.com\/intl\/de_de\/help\/terms_maps.html\" target=\"_blank\" rel=\"nofollow noopener\">T\u00e9rminos de Google Maps<\/a><\/p><h2>Uso de YouTube<\/h2><p>Este sitio web integra componentes de YouTube (YouTube, LLC, 901 Cherry Ave., San Bruno, CA 94066, EE. UU.).<\/p><p> Informaci\u00f3n sobre privacidad:<br \/><a href=\"https:\/\/www.google.com\/intl\/en\/policies\/privacy\/\" target=\"_blank\" rel=\"noopener\">Pol\u00edtica de privacidad de YouTube\/Google<\/a><\/p><h2>Informaci\u00f3n \/ Cancelaci\u00f3n \/ Eliminaci\u00f3n<\/h2><p>Puede ponerse en contacto con nosotros en cualquier momento en relaci\u00f3n con la recopilaci\u00f3n, el procesamiento o el uso de sus datos personales, la correcci\u00f3n, el bloqueo o la eliminaci\u00f3n de datos, o la revocaci\u00f3n del consentimiento.<\/p><p><a href=\"https:\/\/www.ratgeberrecht.eu\/leistungen\/muster-datenschutzerklaerung.html\" target=\"_blank\" rel=\"noopener\"> Ejemplo de declaraci\u00f3n de pol\u00edtica de privacidad de datos <\/a> proporcionado por <a href=\"https:\/\/www.ratgeberrecht.eu\/\" target=\"_blank\" rel=\"noopener\"> Despacho de abogados Wei\u00df &amp; Partner <\/a><\/p><\/article><\/div><\/section>","protected":false},"excerpt":{"rendered":"","protected":false},"author":3,"featured_media":0,"parent":0,"menu_order":0,"comment_status":"closed","ping_status":"closed","template":"","meta":{"_acf_changed":false,"footnotes":""},"class_list":["post-104","page","type-page","status-publish","hentry"],"acf":[],"_links":{"self":[{"href":"https:\/\/ektennsa.net\/es\/wp-json\/wp\/v2\/pages\/104","targetHints":{"allow":["GET"]}}],"collection":[{"href":"https:\/\/ektennsa.net\/es\/wp-json\/wp\/v2\/pages"}],"about":[{"href":"https:\/\/ektennsa.net\/es\/wp-json\/wp\/v2\/types\/page"}],"author":[{"embeddable":true,"href":"https:\/\/ektennsa.net\/es\/wp-json\/wp\/v2\/users\/3"}],"replies":[{"embeddable":true,"href":"https:\/\/ektennsa.net\/es\/wp-json\/wp\/v2\/comments?post=104"}],"version-history":[{"count":10,"href":"https:\/\/ektennsa.net\/es\/wp-json\/wp\/v2\/pages\/104\/revisions"}],"predecessor-version":[{"id":2963,"href":"https:\/\/ektennsa.net\/es\/wp-json\/wp\/v2\/pages\/104\/revisions\/2963"}],"wp:attachment":[{"href":"https:\/\/ektennsa.net\/es\/wp-json\/wp\/v2\/media?parent=104"}],"curies":[{"name":"wp","href":"https:\/\/api.w.org\/{rel}","templated":true}]}}