{"id":1499,"date":"2025-12-02T14:02:09","date_gmt":"2025-12-02T13:02:09","guid":{"rendered":"https:\/\/darkcyan-ape-107410.hostingersite.com\/services\/"},"modified":"2026-03-06T22:44:24","modified_gmt":"2026-03-06T21:44:24","slug":"servicios","status":"publish","type":"page","link":"https:\/\/ektennsa.net\/es\/services\/","title":{"rendered":"Servicios"},"content":{"rendered":"<section data-etch-element=\"section\" class=\"page-title\"><div data-etch-element=\"container\" class=\"page-title__container\"><div data-etch-element=\"flex-div\" class=\"page-title__heading-wrapper\"><h1 class=\"page-title__heading\">Servicios<\/h1><\/div><div data-etch-element=\"flex-div\" class=\"page-title__breadcrumb-wrapper\"><nav aria-label=\"Ruta de navegaci\u00f3n\" class=\"breadcrumb-alpha\"><ol><li><a href=\"\/es\/\">Inicio<\/a><\/li><li aria-current=\"page\">Servicios<\/li><\/ol><\/nav><\/div><\/div><\/section><section data-etch-element=\"section\" class=\"services-list-section\"><ul class=\"services-section-list\"><li><article data-etch-element=\"section\" class=\"services-section\" data-bg-reverse=\"false\" id=\"\"><div data-etch-element=\"container\" class=\"services-section__container\"><div data-etch-element=\"flex-div\" class=\"services-section__content-wrapper\"><div data-etch-element=\"flex-div\" data-intro-style=\"Left\" data-show-divider=\"true\" class=\"section-intro\"><div class=\"section-intro__heading-wrapper\"><h2 class=\"section-intro__heading\">Piezas de repuesto y componentes<\/h2><\/div><div class=\"intro-section__body\"><p class=\"section-intro__lede\">Nuestra cartera de repuestos es compatible con maquinaria de miner\u00eda y construcci\u00f3n de las principales marcas internacionales de equipos. Suministramos componentes OEM y de repuesto de alta calidad, incluidas piezas dif\u00edciles de encontrar para plataformas antiguas y descatalogadas. Gracias a la combinaci\u00f3n de disponibilidad directa de existencias y un abastecimiento internacional estructurado, garantizamos un acceso fiable a los componentes cr\u00edticos necesarios para el mantenimiento, la renovaci\u00f3n y la continuidad operativa.<\/p><div class=\"section-intro__cta-wrapper\"><a href=\"https:\/\/ektennsa.net\/es\/services\/spare-parts-and-components\/\" class=\"section-intro__cta-primary btn--primary\">M\u00e1s informaci\u00f3n<\/a><\/div><\/div><\/div><\/div><div data-etch-element=\"flex-div\" class=\"services-section__media-wrapper\"><figure data-etch-element=\"flex-div\" class=\"services-section__image-wrapper\"><img loading=\"lazy\" decoding=\"async\"  sizes=\"auto, (max-width: 768px) 100vw, 768px\" srcset=\"https:\/\/ektennsa.net\/wp-content\/uploads\/PIN-OK-Part-number-2417805-for-OK-RH-170-\u2013-Cat-6040-720x960.jpeg 720w, https:\/\/ektennsa.net\/wp-content\/uploads\/PIN-OK-Part-number-2417805-for-OK-RH-170-\u2013-Cat-6040-480x480.jpeg 480w, https:\/\/ektennsa.net\/wp-content\/uploads\/PIN-OK-Part-number-2417805-for-OK-RH-170-\u2013-Cat-6040-768x1024.jpeg 768w\" src=\"https:\/\/ektennsa.net\/wp-content\/uploads\/PIN-OK-Part-number-2417805-for-OK-RH-170-\u2013-Cat-6040-768x1024.jpeg\" alt=\"PIN-OK-Part-number-2417805-for-OK-RH-170-\u2013-Cat-6040\" width=\"768\" height=\"1024\" class=\"services-section__image\" \/><\/figure><figure data-etch-element=\"flex-div\" class=\"services-section__image-wrapper\"><img loading=\"lazy\" decoding=\"async\"  sizes=\"auto, (max-width: 768px) 100vw, 768px\" srcset=\"https:\/\/ektennsa.net\/wp-content\/uploads\/ektennsa_mining-480x175.jpg 480w, https:\/\/ektennsa.net\/wp-content\/uploads\/ektennsa_mining-768x280.jpg 768w\" src=\"https:\/\/ektennsa.net\/wp-content\/uploads\/ektennsa_mining-768x280.jpg\" alt=\"Piezas de repuesto y componentes para maquinaria pesada de miner\u00eda.\" width=\"768\" height=\"280\" class=\"services-section__image\" \/><\/figure><figure data-etch-element=\"flex-div\" class=\"services-section__image-wrapper\"><img loading=\"lazy\" decoding=\"async\"  sizes=\"auto, (max-width: 768px) 100vw, 768px\" srcset=\"https:\/\/ektennsa.net\/wp-content\/uploads\/ektennsa-dumper-480x480.jpg 480w, https:\/\/ektennsa.net\/wp-content\/uploads\/ektennsa-dumper-768x308.jpg 768w\" src=\"https:\/\/ektennsa.net\/wp-content\/uploads\/ektennsa-dumper-768x308.jpg\" alt=\"Excavadora amarilla con ruedas grandes y barandillas de seguridad en una obra.\" width=\"768\" height=\"308\" class=\"services-section__image\" \/><\/figure><\/div><\/div><\/article><\/li><li><article data-etch-element=\"section\" class=\"services-section\" data-bg-reverse=\"false\" id=\"\"><div data-etch-element=\"container\" class=\"services-section__container\"><div data-etch-element=\"flex-div\" class=\"services-section__content-wrapper\"><div data-etch-element=\"flex-div\" data-intro-style=\"Left\" data-show-divider=\"true\" class=\"section-intro\"><div class=\"section-intro__heading-wrapper\"><h2 class=\"section-intro__heading\">Sistemas hidr\u00e1ulicos y de potencia<\/h2><\/div><div class=\"intro-section__body\"><p class=\"section-intro__lede\">Los sistemas hidr\u00e1ulicos son fundamentales para el rendimiento de la maquinaria pesada. Suministramos bombas y motores Bosch Rexroth y ofrecemos servicios de reparaci\u00f3n profesionales para garantizar la estabilidad operativa en aplicaciones mineras, de construcci\u00f3n e industriales.<\/p><div class=\"section-intro__cta-wrapper\"><a href=\"https:\/\/ektennsa.net\/es\/services\/hydraulics-power-systems\/\" class=\"section-intro__cta-primary btn--primary\">M\u00e1s informaci\u00f3n<\/a><\/div><\/div><\/div><\/div><div data-etch-element=\"flex-div\" class=\"services-section__media-wrapper\"><figure data-etch-element=\"flex-div\" class=\"services-section__image-wrapper\"><img loading=\"lazy\" decoding=\"async\"  sizes=\"auto, (max-width: 768px) 100vw, 768px\" srcset=\"https:\/\/ektennsa.net\/wp-content\/uploads\/ektennsa-boschrexroth-pumps-and-motors-480x480.jpg 480w, https:\/\/ektennsa.net\/wp-content\/uploads\/ektennsa-boschrexroth-pumps-and-motors-768x434.jpg 768w\" src=\"https:\/\/ektennsa.net\/wp-content\/uploads\/ektennsa-boschrexroth-pumps-and-motors-768x434.jpg\" alt=\"Motores y componentes de transmisi\u00f3n en paletas en un entorno de taller.\" width=\"768\" height=\"434\" class=\"services-section__image\" \/><\/figure><figure data-etch-element=\"flex-div\" class=\"services-section__image-wrapper\"><img loading=\"lazy\" decoding=\"async\"  sizes=\"auto, (max-width: 768px) 100vw, 768px\" srcset=\"https:\/\/ektennsa.net\/wp-content\/uploads\/ektennsa-dumper-480x480.jpg 480w, https:\/\/ektennsa.net\/wp-content\/uploads\/ektennsa-dumper-768x308.jpg 768w\" src=\"https:\/\/ektennsa.net\/wp-content\/uploads\/ektennsa-dumper-768x308.jpg\" alt=\"Excavadora amarilla con ruedas grandes y barandillas de seguridad en una obra.\" width=\"768\" height=\"308\" class=\"services-section__image\" \/><\/figure><figure data-etch-element=\"flex-div\" class=\"services-section__image-wrapper\"><img loading=\"lazy\" decoding=\"async\"  sizes=\"auto, (max-width: 768px) 100vw, 768px\" srcset=\"https:\/\/ektennsa.net\/wp-content\/uploads\/ektennsa-valves-e1770294783774-480x480.jpg 480w, https:\/\/ektennsa.net\/wp-content\/uploads\/ektennsa-valves-e1770294783774-768x502.jpg 768w\" src=\"https:\/\/ektennsa.net\/wp-content\/uploads\/ektennsa-valves-e1770294783774-768x502.jpg\" alt=\"Componente de control con impresi\u00f3n t\u00e9cnica, primer plano de una v\u00e1lvula neum\u00e1tica o hidr\u00e1ulica.\" width=\"768\" height=\"502\" class=\"services-section__image\" \/><\/figure><\/div><\/div><\/article><\/li><li><article data-etch-element=\"section\" class=\"services-section\" data-bg-reverse=\"false\" id=\"\"><div data-etch-element=\"container\" class=\"services-section__container\"><div data-etch-element=\"flex-div\" class=\"services-section__content-wrapper\"><div data-etch-element=\"flex-div\" data-intro-style=\"Left\" data-show-divider=\"true\" class=\"section-intro\"><div class=\"section-intro__heading-wrapper\"><h2 class=\"section-intro__heading\">Accesorios y fabricaci\u00f3n personalizada<\/h2><\/div><div class=\"intro-section__body\"><p class=\"section-intro__lede\">Ektennsa GmbH suministra accesorios de alta resistencia y componentes estructurales para maquinaria minera y de construcci\u00f3n. La cartera incluye cucharas, conjuntos de tren de rodaje y componentes relacionados con el sistema dise\u00f1ados para entornos operativos exigentes. Adem\u00e1s de soluciones estandarizadas, ofrecemos fabricaci\u00f3n espec\u00edfica para cada marca y soluciones de componentes a la medida cuando es necesario. Todos los sistemas se seleccionan y entregan con un enfoque en la durabilidad, la compatibilidad y el rendimiento operativo a largo plazo.<\/p><div class=\"section-intro__cta-wrapper\"><a href=\"https:\/\/ektennsa.net\/es\/services\/attachments-custom-manufacturing\/\" class=\"section-intro__cta-primary btn--primary\">M\u00e1s informaci\u00f3n<\/a><\/div><\/div><\/div><\/div><div data-etch-element=\"flex-div\" class=\"services-section__media-wrapper\"><figure data-etch-element=\"flex-div\" class=\"services-section__image-wrapper\"><img loading=\"lazy\" decoding=\"async\"  sizes=\"auto, (max-width: 768px) 100vw, 768px\" srcset=\"https:\/\/ektennsa.net\/wp-content\/uploads\/ektennsa-radling-bucket-480x480.jpg 480w, https:\/\/ektennsa.net\/wp-content\/uploads\/ektennsa-radling-bucket-768x634.jpg 768w\" src=\"https:\/\/ektennsa.net\/wp-content\/uploads\/ektennsa-radling-bucket-768x634.jpg\" alt=\"Dispositivo para el control de plagas con tapa met\u00e1lica y base verde, detalles t\u00e9cnicos en el diagrama.\" width=\"768\" height=\"634\" class=\"services-section__image\" \/><\/figure><figure data-etch-element=\"flex-div\" class=\"services-section__image-wrapper\"><img loading=\"lazy\" decoding=\"async\"  sizes=\"auto, (max-width: 600px) 100vw, 600px\" srcset=\"https:\/\/ektennsa.net\/wp-content\/uploads\/Bucket-for-an-OK-RH-90-excavator.jpeg 600w, https:\/\/ektennsa.net\/wp-content\/uploads\/Bucket-for-an-OK-RH-90-excavator-480x480.jpeg 480w\" src=\"https:\/\/ektennsa.net\/wp-content\/uploads\/Bucket-for-an-OK-RH-90-excavator.jpeg\" alt=\"Cuchara excavadora de servicio con borde cortante y placas de desgaste.\" width=\"600\" height=\"495\" class=\"services-section__image\" \/><\/figure><figure data-etch-element=\"flex-div\" class=\"services-section__image-wrapper\"><img loading=\"lazy\" decoding=\"async\"  sizes=\"auto, (max-width: 200px) 100vw, 200px\" srcset=\"https:\/\/ektennsa.net\/wp-content\/uploads\/ektennsa_Shovel-for-a-OK-RH-90.jpg.jpeg 200w\" src=\"https:\/\/ektennsa.net\/wp-content\/uploads\/ektennsa_Shovel-for-a-OK-RH-90.jpg.jpeg\" alt=\"Gran cubeta industrial con tres hombres delante para apreciar su tama\u00f1o.\" width=\"200\" height=\"200\" class=\"services-section__image\" \/><\/figure><\/div><\/div><\/article><\/li><li><article data-etch-element=\"section\" class=\"services-section\" data-bg-reverse=\"false\" id=\"\"><div data-etch-element=\"container\" class=\"services-section__container\"><div data-etch-element=\"flex-div\" class=\"services-section__content-wrapper\"><div data-etch-element=\"flex-div\" data-intro-style=\"Left\" data-show-divider=\"true\" class=\"section-intro\"><div class=\"section-intro__heading-wrapper\"><h2 class=\"section-intro__heading\">Soluciones para activos industriales<\/h2><\/div><div class=\"intro-section__body\"><p class=\"section-intro__lede\">Comercio internacional y colocaci\u00f3n estructurada de componentes industriales excedentes para los sectores minero, de la construcci\u00f3n y de maquinaria pesada. Conectamos el inventario sin utilizar con compradores cualificados en los mercados mundiales y ofrecemos apoyo en materia de valoraci\u00f3n, coordinaci\u00f3n y log\u00edstica.<\/p><div class=\"section-intro__cta-wrapper\"><a href=\"https:\/\/ektennsa.net\/es\/services\/industrial-asset-solutions\/\" class=\"section-intro__cta-primary btn--primary\">M\u00e1s informaci\u00f3n<\/a><\/div><\/div><\/div><\/div><div data-etch-element=\"flex-div\" class=\"services-section__media-wrapper\"><figure data-etch-element=\"flex-div\" class=\"services-section__image-wrapper\"><img loading=\"lazy\" decoding=\"async\"  sizes=\"auto, (max-width: 768px) 100vw, 768px\" srcset=\"https:\/\/ektennsa.net\/wp-content\/uploads\/industry-trading-540x960.jpg 540w, https:\/\/ektennsa.net\/wp-content\/uploads\/industry-trading-270x480.jpg 270w, https:\/\/ektennsa.net\/wp-content\/uploads\/industry-trading-768x1365.jpg 768w\" src=\"https:\/\/ektennsa.net\/wp-content\/uploads\/industry-trading-768x1365.jpg\" alt=\"Buque de carga atracado en el puerto con contenedores apilados y gr\u00faas de carga.\" width=\"768\" height=\"1365\" class=\"services-section__image\" \/><\/figure><\/div><\/div><\/article><\/li><li><article data-etch-element=\"section\" class=\"services-section\" data-bg-reverse=\"false\" id=\"\"><div data-etch-element=\"container\" class=\"services-section__container\"><div data-etch-element=\"flex-div\" class=\"services-section__content-wrapper\"><div data-etch-element=\"flex-div\" data-intro-style=\"Left\" data-show-divider=\"true\" class=\"section-intro\"><div class=\"section-intro__heading-wrapper\"><h2 class=\"section-intro__heading\">Log\u00edstica y representaci\u00f3n<\/h2><\/div><div class=\"intro-section__body\"><p class=\"section-intro__lede\">Un suministro confiable tambi\u00e9n depende de una entrega r\u00e1pida y segura. Organizamos el transporte a\u00e9reo y mar\u00edtimo directamente desde Alemania a clientes de todo el mundo, garantizando que incluso los env\u00edos grandes o urgentes lleguen a tiempo. Adem\u00e1s, actuamos como representantes de confianza para empresas internacionales del sector de la maquinaria alemana.<\/p><div class=\"section-intro__cta-wrapper\"><a href=\"https:\/\/ektennsa.net\/es\/services\/logistics-representation\/\" class=\"section-intro__cta-primary btn--primary\">M\u00e1s informaci\u00f3n<\/a><\/div><\/div><\/div><\/div><div data-etch-element=\"flex-div\" class=\"services-section__media-wrapper\"><figure data-etch-element=\"flex-div\" class=\"services-section__image-wrapper\"><img loading=\"lazy\" decoding=\"async\"  sizes=\"auto, (max-width: 768px) 100vw, 768px\" srcset=\"https:\/\/ektennsa.net\/wp-content\/uploads\/ektennsa-logistics-480x480.jpg 480w, https:\/\/ektennsa.net\/wp-content\/uploads\/ektennsa-logistics-768x403.jpg 768w\" src=\"https:\/\/ektennsa.net\/wp-content\/uploads\/ektennsa-logistics-768x403.jpg\" alt=\"Ala de un avi\u00f3n de pasajeros sobre un cielo nublado, viaje en avi\u00f3n, cielo, aviaci\u00f3n, nubes blancas.\" width=\"768\" height=\"403\" class=\"services-section__image\" \/><\/figure><\/div><\/div><\/article><\/li><\/ul><\/section><section data-etch-element=\"section\" class=\"cta-section bg--white\"><div data-etch-element=\"container\" class=\"cta-section__container\"><div data-etch-element=\"flex-div\" class=\"cta-section__content-wrapper\"><h2 class=\"cta-section__heading\">Asistencia confiable y ofertas competitivas<\/h2><p class=\"cta-section__text\">P\u00f3ngase en contacto con Ektennsa GmbH para explorar sus opciones de compra y recibir ofertas fiables y competitivas de nuestro equipo en Alemania.<\/p><\/div><div data-etch-element=\"flex-div\" class=\"cta-section__cta-wrapper\"><a href=\"\/es\/contactenos\/\" class=\"btn--primary cta-section__cta\">Contactar con Ektennsa<\/a><\/div><\/div><\/section>","protected":false},"excerpt":{"rendered":"","protected":false},"author":3,"featured_media":0,"parent":0,"menu_order":0,"comment_status":"closed","ping_status":"closed","template":"","meta":{"_acf_changed":false,"footnotes":""},"class_list":["post-1499","page","type-page","status-publish","hentry"],"acf":[],"_links":{"self":[{"href":"https:\/\/ektennsa.net\/es\/wp-json\/wp\/v2\/pages\/1499","targetHints":{"allow":["GET"]}}],"collection":[{"href":"https:\/\/ektennsa.net\/es\/wp-json\/wp\/v2\/pages"}],"about":[{"href":"https:\/\/ektennsa.net\/es\/wp-json\/wp\/v2\/types\/page"}],"author":[{"embeddable":true,"href":"https:\/\/ektennsa.net\/es\/wp-json\/wp\/v2\/users\/3"}],"replies":[{"embeddable":true,"href":"https:\/\/ektennsa.net\/es\/wp-json\/wp\/v2\/comments?post=1499"}],"version-history":[{"count":5,"href":"https:\/\/ektennsa.net\/es\/wp-json\/wp\/v2\/pages\/1499\/revisions"}],"predecessor-version":[{"id":1753,"href":"https:\/\/ektennsa.net\/es\/wp-json\/wp\/v2\/pages\/1499\/revisions\/1753"}],"wp:attachment":[{"href":"https:\/\/ektennsa.net\/es\/wp-json\/wp\/v2\/media?parent=1499"}],"curies":[{"name":"wp","href":"https:\/\/api.w.org\/{rel}","templated":true}]}}