{"id":899,"date":"2025-11-13T11:28:42","date_gmt":"2025-11-13T10:28:42","guid":{"rendered":"https:\/\/darkcyan-ape-107410.hostingersite.com\/about\/"},"modified":"2026-03-06T22:44:21","modified_gmt":"2026-03-06T21:44:21","slug":"acerca-de","status":"publish","type":"page","link":"https:\/\/ektennsa.net\/es\/about\/","title":{"rendered":"Acerca de"},"content":{"rendered":"<section data-etch-element=\"section\" class=\"page-title\"><div data-etch-element=\"container\" class=\"page-title__container\"><div data-etch-element=\"flex-div\" class=\"page-title__heading-wrapper\"><h1 class=\"page-title__heading\">Qui\u00e9nes somos<\/h1><\/div><div data-etch-element=\"flex-div\" class=\"page-title__breadcrumb-wrapper\"><nav aria-label=\"Ruta de navegaci\u00f3n\" class=\"breadcrumb-alpha\"><ol><li><a href=\"\/es\/\">Inicio<\/a><\/li><li aria-current=\"page\">Acerca de<\/li><\/ol><\/nav><\/div><\/div><\/section><section data-etch-element=\"section\" class=\"content-section bg--white\" data-order-desktop=\"false\" data-order-mobile=\"false\" data-layout=\"3-2\"><div data-etch-element=\"container\" class=\"content-section__container\"><div data-etch-element=\"flex-div\" class=\"content-section__content-wrapper\"><div data-etch-element=\"flex-div\" data-intro-style=\"Left\" data-show-divider=\"true\" class=\"section-intro\"><div class=\"section-intro__heading-wrapper\"><h2 class=\"section-intro__heading\">Ektennsa S.A.<\/h2><\/div><\/div><p>Ektennsa GmbH es una empresa alemana con sede en Berl\u00edn, especializada en el suministro de componentes OEM y de repuesto para maquinaria pesada. Proporcionamos piezas de alta calidad para los sectores de la miner\u00eda, la construcci\u00f3n y el movimiento de tierras, con un fuerte enfoque en la ingenier\u00eda europea de confianza.<\/p><h2 class=\"content-heading\">Miner\u00eda, construcci\u00f3n y maquinaria pesada<\/h2><p>Suministramos repuestos y componentes OEM para volquetes, camiones, excavadoras, cargadoras y flotas antiguas. Nuestra red abarca una amplia gama de marcas alemanas y europeas, lo que nos permite obtener componentes cr\u00edticos, art\u00edculos descatalogados y equivalentes t\u00e9cnicos directamente de fabricantes de confianza.<\/p><h2 class=\"content-heading\">Equipos industriales y experiencia en ingenier\u00eda<\/h2><p>Ektennsa tambi\u00e9n ofrece acceso a una amplia cartera de maquinaria industrial y productos de ingenier\u00eda del sector manufacturero alem\u00e1n. En colaboraci\u00f3n con socios de ingenier\u00eda de larga trayectoria, muchos de ellos con m\u00e1s de 50 a\u00f1os de experiencia, apoyamos proyectos de dise\u00f1o, instalaci\u00f3n y mantenimiento de sistemas de trituraci\u00f3n y cribado para el procesamiento de piedra, roca y minerales. Tambi\u00e9n suministramos piezas de desgaste alternativas de alta calidad fabricadas en Alemania, entre las que se incluyen:<\/p><ul class=\"content-list\"><li>Mand\u00edbulas fijas y m\u00f3viles<\/li><li>Mantos fijos y m\u00f3viles<\/li><li>Bujes y componentes de desgaste para diversas marcas de trituradoras.<\/li><\/ul><\/div><div data-etch-element=\"flex-div\" class=\"content-section__media-wrapper\"><div data-etch-element=\"flex-div\" class=\"image-group\"><figure data-etch-element=\"flex-div\" class=\"image-group__image-wrapper\"><img loading=\"lazy\" decoding=\"async\"  sizes=\"auto, (max-width: 768px) 100vw, 768px\" srcset=\"https:\/\/ektennsa.net\/wp-content\/uploads\/ektennsa-dumper-480x480.jpg 480w, https:\/\/ektennsa.net\/wp-content\/uploads\/ektennsa-dumper-768x308.jpg 768w\" src=\"https:\/\/ektennsa.net\/wp-content\/uploads\/ektennsa-dumper-768x308.jpg\" alt=\"Excavadora amarilla con ruedas grandes y barandillas de seguridad en una obra.\" width=\"768\" height=\"308\" class=\"image-group__image\" \/><\/figure><figure data-etch-element=\"flex-div\" class=\"image-group__image-wrapper\"><img loading=\"lazy\" decoding=\"async\"  sizes=\"auto, (max-width: 768px) 100vw, 768px\" srcset=\"https:\/\/ektennsa.net\/wp-content\/uploads\/ektennsa-Slewing-gear-for-OK-RH340-and-RH-170-480x480.jpg 480w, https:\/\/ektennsa.net\/wp-content\/uploads\/ektennsa-Slewing-gear-for-OK-RH340-and-RH-170-768x391.jpg 768w\" src=\"https:\/\/ektennsa.net\/wp-content\/uploads\/ektennsa-Slewing-gear-for-OK-RH340-and-RH-170-768x391.jpg\" alt=\"Pieza de m\u00e1quina de alta precisi\u00f3n, componente industrial, almacenada en paleta de madera.\" width=\"768\" height=\"391\" class=\"image-group__image\" \/><\/figure><figure data-etch-element=\"flex-div\" class=\"image-group__image-wrapper\"><img loading=\"lazy\" decoding=\"async\"  sizes=\"auto, (max-width: 300px) 100vw, 300px\" srcset=\"https:\/\/ektennsa.net\/wp-content\/uploads\/Flange-Bushing-for-Industrial-Equipment-Engineering-Expertise.jpeg 300w\" src=\"https:\/\/ektennsa.net\/wp-content\/uploads\/Flange-Bushing-for-Industrial-Equipment-Engineering-Expertise.jpeg\" alt=\"Piezas met\u00e1licas industriales sobre un banco de trabajo en una planta de fabricaci\u00f3n.\" width=\"300\" height=\"225\" class=\"image-group__image\" \/><\/figure><\/div><\/div><\/div><\/section><section data-etch-element=\"section\" class=\"content-section bg--ultra-light\" data-order-desktop=\"true\" data-order-mobile=\"false\" data-layout=\"2-3\"><div data-etch-element=\"container\" class=\"content-section__container\"><div data-etch-element=\"flex-div\" class=\"content-section__content-wrapper\"><div data-etch-element=\"flex-div\" data-intro-style=\"Left\" data-show-divider=\"true\" class=\"section-intro\"><div class=\"section-intro__heading-wrapper\"><h2 class=\"section-intro__heading\">Activo en todo el mundo<\/h2><\/div><\/div><h2 class=\"content-heading\">Red de suministro global<\/h2><p>Desde Berl\u00edn, suministramos componentes a clientes de Am\u00e9rica del Sur, \u00c1frica, Asia, Polinesia, Europa y otros lugares. Proporcionamos piezas OEM, alternativas, nuevas y reacondicionadas, lo que garantiza que los operadores puedan mantener los equipos antiguos con la misma fiabilidad que las flotas modernas. Ektennsa act\u00faa como puente entre Alemania, Europa y los mercados internacionales, ofreciendo acceso directo a los fabricantes y a las \u00faltimas soluciones de ingenier\u00eda.<\/p><h2 class=\"content-heading\">Asociaci\u00f3n y representaci\u00f3n<\/h2><p>A trav\u00e9s de nuestra red de socios europeos, ofrecemos a los clientes una amplia gama de repuestos, componentes, accesorios y equipos. Tambi\u00e9n proporcionamos informaci\u00f3n sobre los avances en sistemas de ingenier\u00eda mec\u00e1nica, electr\u00f3nica y ecol\u00f3gica para maquinaria de construcci\u00f3n, miner\u00eda y procesamiento de materiales.<\/p><\/div><div data-etch-element=\"flex-div\" class=\"content-section__media-wrapper\"><div data-etch-element=\"flex-div\" class=\"image-group\"><figure data-etch-element=\"flex-div\" class=\"image-group__image-wrapper\"><img loading=\"lazy\" decoding=\"async\"  sizes=\"auto, (max-width: 768px) 100vw, 768px\" srcset=\"https:\/\/ektennsa.net\/wp-content\/uploads\/ektennsa-slew-ring-480x480.jpg 480w, https:\/\/ektennsa.net\/wp-content\/uploads\/ektennsa-slew-ring-768x434.jpg 768w\" src=\"https:\/\/ektennsa.net\/wp-content\/uploads\/ektennsa-slew-ring-768x434.jpg\" alt=\"Engranaje industrial de alta precisi\u00f3n con dientes preinstalados para maquinaria pesada.\" width=\"768\" height=\"434\" class=\"image-group__image\" \/><\/figure><figure data-etch-element=\"flex-div\" class=\"image-group__image-wrapper\"><img loading=\"lazy\" decoding=\"async\"  sizes=\"auto, (max-width: 768px) 100vw, 768px\" srcset=\"https:\/\/ektennsa.net\/wp-content\/uploads\/ektennsa-valves-e1770294783774-480x480.jpg 480w, https:\/\/ektennsa.net\/wp-content\/uploads\/ektennsa-valves-e1770294783774-768x502.jpg 768w\" src=\"https:\/\/ektennsa.net\/wp-content\/uploads\/ektennsa-valves-e1770294783774-768x502.jpg\" alt=\"Componente de control con impresi\u00f3n t\u00e9cnica, primer plano de una v\u00e1lvula neum\u00e1tica o hidr\u00e1ulica.\" width=\"768\" height=\"502\" class=\"image-group__image\" \/><\/figure><figure data-etch-element=\"flex-div\" class=\"image-group__image-wrapper\"><img loading=\"lazy\" decoding=\"async\"  sizes=\"auto, (max-width: 768px) 100vw, 768px\" srcset=\"https:\/\/ektennsa.net\/wp-content\/uploads\/ektennsa-seats-for-mining-and-construction-machines-480x480.jpg 480w, https:\/\/ektennsa.net\/wp-content\/uploads\/ektennsa-seats-for-mining-and-construction-machines-768x692.jpg 768w\" src=\"https:\/\/ektennsa.net\/wp-content\/uploads\/ektennsa-seats-for-mining-and-construction-machines-768x692.jpg\" alt=\"Asiento c\u00f3modo con respaldo y soporte lumbar ajustables, dise\u00f1o ergon\u00f3mico para una comodidad \u00f3ptima.\" width=\"768\" height=\"692\" class=\"image-group__image\" \/><\/figure><\/div><\/div><\/div><\/section><section data-etch-element=\"section\" class=\"cta-section bg--white\"><div data-etch-element=\"container\" class=\"cta-section__container\"><div data-etch-element=\"flex-div\" class=\"cta-section__content-wrapper\"><h2 class=\"cta-section__heading\">Asistencia confiable y ofertas competitivas<\/h2><p class=\"cta-section__text\">P\u00f3ngase en contacto con Ektennsa GmbH para explorar sus opciones de compra y recibir ofertas fiables y competitivas de nuestro equipo en Alemania.<\/p><\/div><div data-etch-element=\"flex-div\" class=\"cta-section__cta-wrapper\"><a href=\"\/es\/contactenos\/\" class=\"btn--primary cta-section__cta\">Contactar con Ektennsa<\/a><\/div><\/div><\/section>","protected":false},"excerpt":{"rendered":"","protected":false},"author":3,"featured_media":0,"parent":0,"menu_order":0,"comment_status":"closed","ping_status":"closed","template":"","meta":{"_acf_changed":false,"footnotes":""},"class_list":["post-899","page","type-page","status-publish","hentry"],"acf":[],"_links":{"self":[{"href":"https:\/\/ektennsa.net\/es\/wp-json\/wp\/v2\/pages\/899","targetHints":{"allow":["GET"]}}],"collection":[{"href":"https:\/\/ektennsa.net\/es\/wp-json\/wp\/v2\/pages"}],"about":[{"href":"https:\/\/ektennsa.net\/es\/wp-json\/wp\/v2\/types\/page"}],"author":[{"embeddable":true,"href":"https:\/\/ektennsa.net\/es\/wp-json\/wp\/v2\/users\/3"}],"replies":[{"embeddable":true,"href":"https:\/\/ektennsa.net\/es\/wp-json\/wp\/v2\/comments?post=899"}],"version-history":[{"count":38,"href":"https:\/\/ektennsa.net\/es\/wp-json\/wp\/v2\/pages\/899\/revisions"}],"predecessor-version":[{"id":3110,"href":"https:\/\/ektennsa.net\/es\/wp-json\/wp\/v2\/pages\/899\/revisions\/3110"}],"wp:attachment":[{"href":"https:\/\/ektennsa.net\/es\/wp-json\/wp\/v2\/media?parent=899"}],"curies":[{"name":"wp","href":"https:\/\/api.w.org\/{rel}","templated":true}]}}