{"id":99,"date":"2025-10-23T11:25:11","date_gmt":"2025-10-23T09:25:11","guid":{"rendered":"https:\/\/khaki-mantis-131414.hostingersite.com\/cookie-richtlinie\/"},"modified":"2026-03-06T22:44:22","modified_gmt":"2026-03-06T21:44:22","slug":"politica-de-cookies","status":"publish","type":"page","link":"https:\/\/ektennsa.net\/es\/cookie-policy\/","title":{"rendered":"Pol\u00edtica de cookies"},"content":{"rendered":"<section data-etch-element=\"section\" class=\"legal-page\"><div data-etch-element=\"container\" class=\"legal-page__container\"><h1 class=\"legal-page__title\">Pol\u00edtica de cookies<\/h1><p>Con esta pol\u00edtica de cookies, queremos explicar qu\u00e9 son las cookies y las tecnolog\u00edas similares, c\u00f3mo las utilizamos nosotros y otros proveedores de servicios en este sitio web, qu\u00e9 informaci\u00f3n recopilan, durante cu\u00e1nto tiempo y con qu\u00e9 fines las utilizamos.<\/p><h2>\u00cdndice<\/h2><ul><li><a href=\"#controller-of-the-website\">Responsable del sitio web<\/a><\/li><li><a href=\"#diff-to-privacy-policy\">Anexo a la pol\u00edtica de privacidad<\/a><\/li><li><a href=\"#cookie-technology\">\u00bfQu\u00e9 son las cookies y tecnolog\u00edas similares?<\/a><\/li><li><a href=\"#legal-basis\">\u00bfCu\u00e1l es la base legal para establecer\/leer cookies?<\/a><\/li><li><a href=\"#rights-of-visitor\">\u00bfQu\u00e9 derechos tiene el visitante del sitio web?<\/a><\/li><li><a href=\"#manage-cookies\">\u00bfC\u00f3mo administrar las cookies en un navegador?<\/a><\/li><li><a href=\"#types-of-cookies\">\u00bfQu\u00e9 tipos de cookies existen?<\/a><\/li><li><a href=\"#cookies-origin\">\u00bfQui\u00e9n puede establecer cookies en este sitio web?<\/a><\/li><li><a href=\"#list-of-services\">\u00bfQu\u00e9 cookies se utilizan en este sitio web?<\/a><\/li><\/ul><h2 id=\"controller-of-the-website\">Responsable del sitio web<\/h2><ul><li><strong>Proveedor: <\/strong>EKTENNSA GMBH, Blumenthal Str. 36, 13156 Berlin, Alemania<\/li><li><strong>Correo electr\u00f3nico: <\/strong><a target=\"_blank\" href=\"mailto:info@ektennsa.net\">info@ektennsa.net<\/a><\/li><li><strong>Tel\u00e9fono: <\/strong><a target=\"_blank\" href=\"tel:0049 30 364 37 209\">0049 30 364 37 209<\/a><\/li><li><strong>Formulario de contacto: <\/strong><a target=\"_blank\" href=\"https:\/\/ektennsa.net\/es\/contact-us\/\">ektennsa.net\/es\/contact-us\/<\/a><\/li><\/ul><h2 id=\"diff-to-privacy-policy\">Anexo a la pol\u00edtica de privacidad<\/h2><p>Esta pol\u00edtica de cookies es un complemento de la pol\u00edtica de privacidad de este sitio web. La pol\u00edtica de cookies especifica c\u00f3mo utiliza un sitio web las cookies y qu\u00e9 datos recopila a trav\u00e9s de ellas, mientras que la pol\u00edtica de privacidad es una descripci\u00f3n m\u00e1s completa de todas las actividades de procesamiento de datos en el sitio web y fuera de \u00e9l.<\/p><h2 id=\"cookie-technology\">\u00bfQu\u00e9 son las cookies y tecnolog\u00edas similares?<\/h2><p>Las cookies son peque\u00f1os fragmentos de informaci\u00f3n similares a archivos de texto que se pueden almacenar y leer en el dispositivo final. Tienen diversos fines, entre ellos mantener las funcionalidades b\u00e1sicas del sitio web, la seguridad y la privacidad, proporcionar funciones opcionales del sitio web, recopilar datos estad\u00edsticos sobre los flujos de visitantes y proporcionar sistemas de mercadotecnia. Algunos ejemplos pr\u00e1cticos de lo que se puede almacenar en las cookies son el estado de inicio de sesi\u00f3n en las cuentas de usuario, el contenido de las cestas de la compra en las plataformas de comercio electr\u00f3nico o un ID de usuario para rastrear el comportamiento en el sitio web.<br \/><br \/>T\u00e9cnicamente, la informaci\u00f3n se puede almacenar de diversas formas. Los ejemplos m\u00e1s conocidos son las cookies HTTP y tecnolog\u00edas similares a las cookies, como el almacenamiento local, el almacenamiento de sesi\u00f3n o IndexedDB. Cada tipo de almacenamiento tiene propiedades diferentes, que determinan el manejo t\u00e9cnico, la accesibilidad y los controladores autorizados para acceder a la informaci\u00f3n. Todos estos tipos de almacenamiento se suelen resumir bajo el t\u00e9rmino \u201ccookies\u201d y, por lo tanto, se denominan as\u00ed en esta pol\u00edtica de cookies.<\/p><h2 id=\"legal-basis\">\u00bfCu\u00e1l es la base legal para establecer\/leer cookies?<\/h2><p>La configuraci\u00f3n y lectura de cookies en la Uni\u00f3n Europea (UE) y el Espacio Econ\u00f3mico Europeo (EEE) solo est\u00e1 permitida de conformidad con Art\u00edculo 22 (2) de la Ley de Servicios de la Sociedad de la Informaci\u00f3n y de Comercio Electr\u00f3nico (LSSI) si el usuario ha dado su consentimiento bas\u00e1ndose en informaci\u00f3n exhaustiva sobre los fines del tratamiento. El operador del sitio web tambi\u00e9n puede establecer cookies si son estrictamente necesarias para proporcionarle a usted, como usuario, el servicio expresamente solicitado, por ejemplo, el contenido b\u00e1sico de este sitio web u otras cookies estrictamente necesarias para que se le muestre la funcionalidad b\u00e1sica del sitio web sin su consentimiento.<\/p><h2 id=\"rights-of-visitor\">\u00bfQu\u00e9 derechos tiene el visitante del sitio web?<\/h2><p>Los servicios y sus cookies pueden configurarse y leerse sobre la base legal de su consentimiento o de un inter\u00e9s leg\u00edtimo. Cuando visit\u00f3 este sitio web por primera vez, se le solicit\u00f3 su consentimiento y tuvo la oportunidad de oponerse al uso de determinados servicios. En nuestro cuadro de di\u00e1logo de consentimiento le explicamos qu\u00e9 base legal se utiliza para cada servicio.<br \/><br \/>Tienes derecho a consultar el historial de tus decisiones, modificar tu configuraci\u00f3n de privacidad, oponerte al uso de los servicios y revocar tu consentimiento en cualquier momento. A continuaci\u00f3n encontrar\u00e1s las posibilidades para ejercer tus derechos:<br \/><ul><li><a  href=\"#consent-change\" role=\"button\" id=\"rcb-sc-link-change\" data-success-message=\"\" class=\"rcb-sc-link rcb-sc-link-change\">Cambiar configuraci\u00f3n de privacidad<\/a><\/li><li><a  href=\"#consent-history\" role=\"button\" id=\"rcb-sc-link-history\" data-success-message=\"\" class=\"rcb-sc-link rcb-sc-link-history\">Historial de configuraci\u00f3n de privacidad<\/a><\/li><li><a  href=\"#consent-revoke\" role=\"button\" id=\"rcb-sc-link-revoke\" data-success-message=\"Ha revocado correctamente el consentimiento para los servicios con sus cookies y el procesamiento de datos personales. \u00a1La p\u00e1gina se recargar\u00e1 ahora!\" class=\"rcb-sc-link rcb-sc-link-revoke\">Revocar consentimientos<\/a><\/li><\/ul><\/p><h2 id=\"manage-cookies\">\u00bfC\u00f3mo administrar las cookies en un navegador?<\/h2><p><ul><li><strong>C\u00f3mo eliminar las cookies en un navegador:<\/strong> Para eliminar las cookies de su dispositivo, puede borrar los datos de navegaci\u00f3n en la configuraci\u00f3n de su navegador. Esta acci\u00f3n eliminar\u00e1 todas las cookies de todos los sitios web que haya visitado, lo que podr\u00eda incluir los datos de inicio de sesi\u00f3n guardados y las preferencias del sitio. En algunos navegadores, puede eliminar las cookies y datos similares sin borrar todo el historial de navegaci\u00f3n.<\/li><li><strong>C\u00f3mo controlar las cookies en un navegador:<\/strong> Para un control m\u00e1s detallado de las cookies espec\u00edficas de determinados sitios web, acceda a la configuraci\u00f3n de privacidad y cookies de su navegador. Aqu\u00ed podr\u00e1 ajustar las preferencias relacionadas con el uso de cookies de cada sitio web.<\/li><li><strong>C\u00f3mo bloquear las cookies en un navegador:<\/strong> Es posible configurar la mayor\u00eda de los navegadores modernos en sus ajustes para bloquear todas las cookies que se instalan en su dispositivo. Sin embargo, bloquear las cookies podr\u00eda provocar que ciertos servicios y funcionalidades no funcionen correctamente, por ejemplo, el inicio de sesi\u00f3n como usuario. Tambi\u00e9n puede utilizar extensiones para muchos navegadores que bloquean la instalaci\u00f3n de cookies en los sitios web.<\/li><li><strong>C\u00f3mo administrar las cookies en este sitio web:<\/strong> Para personalizar sus preferencias con respecto a las cookies en este sitio web, puede cambiar sus preferencias en cualquier momento haciendo clic en el enlace de la secci\u00f3n \u201cDerechos del visitante del sitio web\u201d.<\/li><\/li><\/ul><p>Puede encontrar m\u00e1s informaci\u00f3n sobre el manejo de cookies <a href=\"https:\/\/devowl.io\/rcb\/cookie-handling\/\" target=\"_blank\" rel=\"noopener\">devowl.io\/rcb\/manejo-de-cookies\/<\/a>.<\/p><\/p><h2 id=\"types-of-cookies\">\u00bfQu\u00e9 tipos de cookies existen?<\/h2><p><ul><li><strong>Cookies esenciales<\/strong> Son indispensables para el funcionamiento b\u00e1sico de un sitio web y permiten funciones como guardar la informaci\u00f3n de inicio de sesi\u00f3n o acceder a \u00e1reas seguras del sitio. Entre ellas se incluyen, por ejemplo, las cookies de seguridad, que pueden identificar un bot no deseado en el sitio web almacenando una clave de autenticaci\u00f3n en una cookie.<\/li><li><strong>Cookies funcionales<\/strong> Mejoran la experiencia del usuario al almacenar informaci\u00f3n y preferencias, como la configuraci\u00f3n del idioma o la apariencia del sitio web, para ofrecer una experiencia personalizada. Esto incluye, por ejemplo, las cookies de preferencias que almacenan la calidad de video preferida por el usuario en un sitio web.<\/li><li><strong>Cookies de estad\u00edsticas<\/strong> Recopilar datos sobre el uso de un sitio web para obtener informaci\u00f3n sobre el comportamiento de los usuarios y optimizar el rendimiento del sitio. Esto incluye, por ejemplo, un ID de usuario asignado aleatoriamente que permite atribuir si ha visitado una subp\u00e1gina del sitio web.<\/li><li><strong>Cookies de marketing<\/strong> Se utilizan para rastrear el comportamiento de los usuarios en diferentes sitios web y para mostrar publicidad personalizada basada en los intereses y el comportamiento de navegaci\u00f3n de los usuarios. Esto incluye, por ejemplo, cookies publicitarias que almacenan una interacci\u00f3n con un anuncio en el sitio web y la transmiten a los anunciantes, o un sistema de chat para preguntas previas a la venta y atenci\u00f3n al cliente.<\/li><\/li><\/ul><\/p><h2 id=\"cookies-origin\">\u00bfQui\u00e9n puede establecer cookies en este sitio web?<\/h2><p>En este sitio web, tanto el operador del sitio web como los servicios de terceros que se utilizan en este sitio web pueden establecer cookies y acceder a su contenido. Qui\u00e9n puede acceder a qu\u00e9 cookies y a su contenido difiere entre las cookies propias y las de terceros. Las cookies propias son creadas por el sitio web visitado y solo pueden ser le\u00eddas por el operador del sitio web y los servicios de terceros integrados en este sitio web. Las cookies de terceros suelen ser establecidas por servicios de terceros en otros dominios, pueden ser le\u00eddas en todos los sitios web en los que est\u00e1 integrado el servicio que controla el dominio y, por ejemplo, son utilizadas por redes publicitarias para rastrear el comportamiento de los usuarios en diferentes sitios web y ofrecer publicidad personalizada.<\/p><h2 id=\"list-of-services\">\u00bfQu\u00e9 cookies se utilizan en este sitio web?<\/h2><script type=\"application\/json\">{\"search\":{\"placeholder\":\"Buscar...\"},\"sort\":{\"sortAsc\":\"Ordenar columna de menor a mayor\",\"sortDesc\":\"Ordenar columna de mayor a menor\"},\"pagination\":{\"previous\":\"Anterior\",\"next\":\"Siguiente\",\"navigate\":\"P\\u00e1gina %1$d de %2$d\",\"page\":\"P\\u00e1gina %d\",\"showing\":\"Mostrando\",\"of\":\"de\",\"to\":\"a\",\"results\":\"resultados\"},\"noRecordsFound\":\"No se han encontrado registros que coincidan\"}<\/script><table  class=\"devowl-wp-react-cookie-banner-cookie-policy\"><thead><tr><th width=\"200px\" scope=\"col\">Categor\u00eda<\/th><th width=\"400px\" scope=\"col\">Nombre de la cookie t\u00e9cnica<\/th><th width=\"400px\" scope=\"col\">Servidor de cookies t\u00e9cnicas<\/th><th width=\"400px\" scope=\"col\">Servicio<\/th><th width=\"250px\" scope=\"col\">Duraci\u00f3n<\/th><th width=\"200px\" scope=\"col\">Tipo<\/th><th width=\"550px\" scope=\"col\">Prop\u00f3sito<\/th><\/tr><\/thead><tbody><tr><td>Esencial<\/td><td>real_cookie_banner*<\/td><td>.hostingersite.com<\/td><td>Banner de galletas reales<\/td><td>365 d\u00edas<\/td><td>Cookie HTTP<\/td><td>Identificador \u00fanico para el consentimiento, pero no para el visitante del sitio web. Hash de revisi\u00f3n para la configuraci\u00f3n del banner de cookies (textos, colores, funciones, grupos de servicios, servicios, bloqueadores de contenido, etc.). Identificadores para los servicios y grupos de servicios consentidos.<\/td><\/tr><tr><td>Esencial<\/td><td>real_cookie_banner*-tcf<\/td><td>.hostingersite.com<\/td><td>Banner de galletas reales<\/td><td>365 d\u00edas<\/td><td>Cookie HTTP<\/td><td>Consentimientos recopilados en el marco del TCF, almacenados en formato de cadena TC, incluidos los proveedores, fines, fines especiales, funciones y funciones especiales del TCF.<\/td><\/tr><tr><td>Esencial<\/td><td>real_cookie_banner*-gcm<\/td><td>.hostingersite.com<\/td><td>Banner de galletas reales<\/td><td>365 d\u00edas<\/td><td>Cookie HTTP<\/td><td>Los consentimientos recopilados en el Modo de consentimiento de Google para los distintos tipos de consentimiento (fines) se almacenan para todos los servicios compatibles con el Modo de consentimiento de Google.<\/td><\/tr><tr><td>Esencial<\/td><td>real_cookie_banner-prueba<\/td><td>.hostingersite.com<\/td><td>Banner de galletas reales<\/td><td>365 d\u00edas<\/td><td>Cookie HTTP<\/td><td>Cookie creada para probar la funcionalidad de las cookies HTTP. Se elimina inmediatamente despu\u00e9s de la prueba.<\/td><\/tr><tr><td>Esencial<\/td><td>real_cookie_banner*<\/td><td>https:\/\/ektennsa.net<\/td><td>Banner de galletas reales<\/td><td>-<\/td><td>Almacenamiento local<\/td><td>Identificador \u00fanico para el consentimiento, pero no para el visitante del sitio web. Hash de revisi\u00f3n para la configuraci\u00f3n del banner de cookies (textos, colores, funciones, grupos de servicios, servicios, bloqueadores de contenido, etc.). ID para los servicios y grupos de servicios consentidos. Solo se almacena hasta que el consentimiento queda documentado en el servidor del sitio web.<\/td><\/tr><tr><td>Esencial<\/td><td>real_cookie_banner*-tcf<\/td><td>https:\/\/ektennsa.net<\/td><td>Banner de galletas reales<\/td><td>-<\/td><td>Almacenamiento local<\/td><td>Los consentimientos recopilados en el marco del TCF se almacenan en formato TC-String, incluyendo los proveedores del TCF, los fines, los fines espec\u00edficos, las funciones y las funciones espec\u00edficas. Solo se almacenan hasta que el consentimiento queda documentado en el servidor del sitio web.<\/td><\/tr><tr><td>Esencial<\/td><td>real_cookie_banner*-gcm<\/td><td>https:\/\/ektennsa.net<\/td><td>Banner de galletas reales<\/td><td>-<\/td><td>Almacenamiento local<\/td><td>Los consentimientos recopilados en el marco del Modo de consentimiento de Google se almacenan en tipos de consentimiento (finalidades) para todos los servicios compatibles con el Modo de consentimiento de Google. Solo se almacenan hasta que el consentimiento se documenta en el servidor del sitio web.<\/td><\/tr><tr><td>Esencial<\/td><td>real_cookie_banner-consentimiento-cola*<\/td><td>https:\/\/ektennsa.net<\/td><td>Banner de galletas reales<\/td><td>-<\/td><td>Almacenamiento local<\/td><td>Almacenamiento local temporal (cach\u00e9) de la selecci\u00f3n en el banner de cookies hasta que el servidor documente el consentimiento; documentaci\u00f3n peri\u00f3dica o intentada al cambiar de p\u00e1gina si el servidor no est\u00e1 disponible o est\u00e1 sobrecargado.<\/td><\/tr><tr><td>Funkcional<\/td><td>trp_idioma<\/td><td>ektennsa.net<\/td><td>TranslatePress<\/td><td>30 d\u00edas<\/td><td>Cookie HTTP<\/td><td>-<\/td><\/tr><tr><td>Estad\u00edsticas<\/td><td>_ga<\/td><td>.ektennsa.net<\/td><td>Google Analytics<\/td><td>24 Meses<\/td><td>Cookie HTTP<\/td><td>Identificaci\u00f3n de usuario para analizar el comportamiento general de los usuarios en diferentes sitios web.<\/td><\/tr><tr><td>Estad\u00edsticas<\/td><td>_ga_*<\/td><td>.ektennsa.net<\/td><td>Google Analytics<\/td><td>24 Meses<\/td><td>Cookie HTTP<\/td><td>ID de usuario para analizar el comportamiento de los usuarios en este sitio web con el fin de elaborar informes sobre el uso del sitio web.<\/td><\/tr><\/tbody><\/table><p>La pol\u00edtica de cookies se actualiz\u00f3 por \u00faltima vez el 26 de febrero de 2026.<\/p>\n\n<\/div><\/section>","protected":false},"excerpt":{"rendered":"","protected":false},"author":3,"featured_media":0,"parent":0,"menu_order":0,"comment_status":"closed","ping_status":"closed","template":"","meta":{"_acf_changed":false,"footnotes":""},"class_list":["post-99","page","type-page","status-publish","hentry"],"acf":[],"_links":{"self":[{"href":"https:\/\/ektennsa.net\/es\/wp-json\/wp\/v2\/pages\/99","targetHints":{"allow":["GET"]}}],"collection":[{"href":"https:\/\/ektennsa.net\/es\/wp-json\/wp\/v2\/pages"}],"about":[{"href":"https:\/\/ektennsa.net\/es\/wp-json\/wp\/v2\/types\/page"}],"author":[{"embeddable":true,"href":"https:\/\/ektennsa.net\/es\/wp-json\/wp\/v2\/users\/3"}],"replies":[{"embeddable":true,"href":"https:\/\/ektennsa.net\/es\/wp-json\/wp\/v2\/comments?post=99"}],"version-history":[{"count":5,"href":"https:\/\/ektennsa.net\/es\/wp-json\/wp\/v2\/pages\/99\/revisions"}],"predecessor-version":[{"id":3040,"href":"https:\/\/ektennsa.net\/es\/wp-json\/wp\/v2\/pages\/99\/revisions\/3040"}],"wp:attachment":[{"href":"https:\/\/ektennsa.net\/es\/wp-json\/wp\/v2\/media?parent=99"}],"curies":[{"name":"wp","href":"https:\/\/api.w.org\/{rel}","templated":true}]}}