{"id":102,"date":"2025-10-23T11:37:06","date_gmt":"2025-10-23T09:37:06","guid":{"rendered":"https:\/\/khaki-mantis-131414.hostingersite.com\/?page_id=102"},"modified":"2026-03-06T22:44:23","modified_gmt":"2026-03-06T21:44:23","slug":"legal-notice","status":"publish","type":"page","link":"https:\/\/ektennsa.net\/fr\/legal-terms\/","title":{"rendered":"Avis juridique"},"content":{"rendered":"<section data-etch-element=\"section\" class=\"legal-page\"><div data-etch-element=\"container\" class=\"legal-page__container\"><article class=\"legal-content\"><h1 class=\"legal-page__title\">Avis juridique<\/h1><h2>Informations sur l'entreprise<\/h2><p> Ektennsa GmbH<br \/> Blumenthal Str. 36<br \/> 13156 Berlin<br \/> Allemagne <\/p><h2>Num\u00e9ro d'identification TVA<\/h2><p>Num\u00e9ro d'identification TVA conform\u00e9ment au \u00a727 a de la loi allemande sur la taxe sur la valeur ajout\u00e9e : DE262802030<\/p><h2>Contact<\/h2><p> Courriel : <a href=\"mailto:info@ektennsa.net\">info@ektennsa.net<\/a><br \/> Site web : <a href=\"https:\/\/ektennsa.net\/fr\/\">www.ektennsa.net<\/a><\/p><h2>T\u00e9l\u00e9phone<\/h2><ul><li>+49 30 364 37 209<\/li><li>+49 163 458 53 17 (mobile)<\/li><li>+49 151 258 48 599 (mobile)<\/li><\/ul><h2>Fax<\/h2><p>+49 30 364 371 - 53<\/p><h2>Responsabilit\u00e9 du contenu<\/h2><p> Le contenu de nos pages a \u00e9t\u00e9 cr\u00e9\u00e9 avec le plus grand soin. Nous ne pouvons toutefois pas garantir l'exactitude, l'exhaustivit\u00e9 ou l'actualit\u00e9 du contenu. Conform\u00e9ment aux dispositions l\u00e9gales, nous sommes en outre responsables de notre propre contenu sur ces pages web. Dans ce contexte, veuillez noter que nous ne sommes pas tenus de surveiller uniquement les informations transmises ou sauvegard\u00e9es par des tiers, ni d'enqu\u00eater sur des circonstances indiquant une activit\u00e9 ill\u00e9gale. Nos obligations de supprimer ou de bloquer l'utilisation d'informations en vertu des lois g\u00e9n\u00e9ralement applicables n'en sont pas affect\u00e9es, conform\u00e9ment aux articles 8 \u00e0 10 de la loi sur les t\u00e9l\u00e9m\u00e9dias (TMG). <\/p><h2>Responsabilit\u00e9 des liens<\/h2><p> La responsabilit\u00e9 du contenu des liens externes (vers des pages web de tiers) incombe exclusivement aux exploitants des pages li\u00e9es. Nous n'avons constat\u00e9 aucune infraction au moment de la cr\u00e9ation des liens. Si nous avons connaissance d'une violation du droit, nous supprimerons imm\u00e9diatement le lien en question. <\/p><h2>Droit d'auteur<\/h2><p> Nos pages web et leur contenu sont soumis \u00e0 la loi allemande sur les droits d'auteur. Sauf autorisation l\u00e9gale expresse, toute forme d'utilisation, de reproduction ou de traitement d'\u0153uvres prot\u00e9g\u00e9es par le droit d'auteur sur nos pages web n\u00e9cessite l'accord pr\u00e9alable du titulaire des droits. Les reproductions individuelles d'une \u0153uvre ne sont autoris\u00e9es que pour un usage priv\u00e9. Le mat\u00e9riel contenu dans ces pages est prot\u00e9g\u00e9 par des droits d'auteur et toute utilisation non autoris\u00e9e peut constituer une violation des lois sur les droits d'auteur. <\/p><h2>WEbdesign<\/h2><p>Ce site a \u00e9t\u00e9 r\u00e9alis\u00e9 par <a href=\"https:\/\/apollo-webdesign.de\" taget=\"_blank\" target=\"_blank\" rel=\"noopener\">Apollo Webdesign<\/a>.<\/p><\/article><\/div><\/section>","protected":false},"excerpt":{"rendered":"","protected":false},"author":3,"featured_media":0,"parent":0,"menu_order":0,"comment_status":"closed","ping_status":"closed","template":"","meta":{"_acf_changed":false,"footnotes":""},"class_list":["post-102","page","type-page","status-publish","hentry"],"acf":[],"_links":{"self":[{"href":"https:\/\/ektennsa.net\/fr\/wp-json\/wp\/v2\/pages\/102","targetHints":{"allow":["GET"]}}],"collection":[{"href":"https:\/\/ektennsa.net\/fr\/wp-json\/wp\/v2\/pages"}],"about":[{"href":"https:\/\/ektennsa.net\/fr\/wp-json\/wp\/v2\/types\/page"}],"author":[{"embeddable":true,"href":"https:\/\/ektennsa.net\/fr\/wp-json\/wp\/v2\/users\/3"}],"replies":[{"embeddable":true,"href":"https:\/\/ektennsa.net\/fr\/wp-json\/wp\/v2\/comments?post=102"}],"version-history":[{"count":11,"href":"https:\/\/ektennsa.net\/fr\/wp-json\/wp\/v2\/pages\/102\/revisions"}],"predecessor-version":[{"id":2972,"href":"https:\/\/ektennsa.net\/fr\/wp-json\/wp\/v2\/pages\/102\/revisions\/2972"}],"wp:attachment":[{"href":"https:\/\/ektennsa.net\/fr\/wp-json\/wp\/v2\/media?parent=102"}],"curies":[{"name":"wp","href":"https:\/\/api.w.org\/{rel}","templated":true}]}}