{"id":104,"date":"2025-10-23T11:39:08","date_gmt":"2025-10-23T09:39:08","guid":{"rendered":"https:\/\/khaki-mantis-131414.hostingersite.com\/datenschutzerklaerung\/"},"modified":"2026-03-06T22:44:24","modified_gmt":"2026-03-06T21:44:24","slug":"politique-de-confidentialite-2","status":"publish","type":"page","link":"https:\/\/ektennsa.net\/fr\/privacy-policy\/","title":{"rendered":"Politique de confidentialit\u00e9"},"content":{"rendered":"<section data-etch-element=\"section\" class=\"legal-page\"><div data-etch-element=\"container\" class=\"legal-page__container\"><article class=\"legal-content smart-spacing\"><h1 class=\"legal-page__title\">Politique de confidentialit\u00e9<\/h1><h2>Politique de confidentialit\u00e9 des donn\u00e9es<\/h2><p>Notre site web peut \u00eatre utilis\u00e9 sans qu'il soit n\u00e9cessaire d'entrer des informations personnelles. Des r\u00e8gles diff\u00e9rentes peuvent toutefois s'appliquer \u00e0 certains services de notre site et sont expliqu\u00e9es s\u00e9par\u00e9ment ci-dessous. Nous recueillons vos informations personnelles (nom, adresse, adresse \u00e9lectronique, num\u00e9ro de t\u00e9l\u00e9phone, etc.) conform\u00e9ment aux dispositions de la loi allemande sur la protection des donn\u00e9es. Une information est consid\u00e9r\u00e9e comme personnelle si elle peut \u00eatre associ\u00e9e exclusivement \u00e0 une personne physique sp\u00e9cifique. Le cadre juridique de la protection des donn\u00e9es se trouve dans la loi f\u00e9d\u00e9rale allemande sur la protection des donn\u00e9es (BDSG) et la loi sur les t\u00e9l\u00e9m\u00e9dias (TMG). Les dispositions ci-dessous servent \u00e0 fournir des informations sur la mani\u00e8re, l'\u00e9tendue et le but de la collecte, de l'utilisation et du traitement des informations personnelles par le fournisseur.<\/p><p><strong> EKTENNSA GMBH<br \/> Blumenthal Str. 36<br \/> 13156 Berlin<br \/> ALLEMAGNE <\/strong><\/p><p><strong> T\u00e9l\u00e9phone : 0049 30 364 37 209<br \/> Courrier \u00e9lectronique : info@ektennsa.net <\/strong><\/p><p>Veuillez noter que le transfert de donn\u00e9es via l'internet est soumis \u00e0 des risques de s\u00e9curit\u00e9 et qu'il n'est donc pas possible de garantir une protection totale contre l'acc\u00e8s de tiers aux donn\u00e9es transf\u00e9r\u00e9es.<\/p><h2>Cookies<\/h2><p>Notre site web utilise ce que l'on appelle des \"cookies\" afin de reconna\u00eetre l'utilisation r\u00e9p\u00e9t\u00e9e de notre site web par le m\u00eame utilisateur\/abonn\u00e9 \u00e0 la connexion internet. Les cookies sont de petits fichiers texte que votre navigateur Internet t\u00e9l\u00e9charge et stocke sur votre ordinateur.<\/p><p>Vous pouvez emp\u00eacher l'installation de cookies en r\u00e9glant les param\u00e8tres de votre logiciel de navigation en cons\u00e9quence. Vous devez cependant savoir que, dans ce cas, il se peut que vous ne puissiez pas utiliser pleinement toutes les fonctions de notre site web.<\/p><h2>Donn\u00e9es du serveur<\/h2><p>Pour des raisons techniques, des donn\u00e9es telles que les suivantes sont collect\u00e9es :<\/p><ul><li>Type et version du navigateur<\/li><li>Syst\u00e8me d'exploitation<\/li><li>URL du r\u00e9f\u00e9rent<\/li><li>Pages visit\u00e9es<\/li><li>Date et heure de la visite<\/li><li>Adresse IP<\/li><\/ul><p>Ces donn\u00e9es anonymes sont stock\u00e9es s\u00e9par\u00e9ment des donn\u00e9es personnelles et utilis\u00e9es \u00e0 des fins statistiques.<\/p><h2>Nous contacter<\/h2><p>Si vous nous contactez par courrier \u00e9lectronique ou par le biais d'un formulaire de contact, les informations que vous fournissez seront stock\u00e9es pour traiter la demande. Aucune donn\u00e9e n'est transf\u00e9r\u00e9e \u00e0 des tiers.<\/p><h2>Utilisation de Google Web Fonts<\/h2><p>Ce site web utilise des polices de caract\u00e8res fournies par Google afin de garantir un affichage uniforme des polices. Lorsque vous acc\u00e9dez \u00e0 une page, votre navigateur charge les polices de caract\u00e8res requises dans votre m\u00e9moire cache.<\/p><p> Plus d'informations :<br \/><a href=\"https:\/\/developers.google.com\/fonts\/faq\" target=\"_blank\" rel=\"noopener\">FAQ sur les polices de Google<\/a><br \/><a href=\"https:\/\/www.google.com\/policies\/privacy\/\" target=\"_blank\" rel=\"noopener\">R\u00e8gles de confidentialit\u00e9 de Google<\/a><\/p><h2>Utilisation de Google Maps<\/h2><p>Nous utilisons le service Google Maps fourni par Google Inc. 1600 Amphitheatre Parkway, Mountain View, CA 94043, USA.<\/p><p> Conditions d'utilisation :<br \/><a href=\"http:\/\/www.google.de\/intl\/de\/policies\/terms\/regional.html\" target=\"_blank\" rel=\"nofollow noopener\">Conditions d'utilisation de Google<\/a><br \/><a href=\"https:\/\/www.google.com\/intl\/de_de\/help\/terms_maps.html\" target=\"_blank\" rel=\"nofollow noopener\">Conditions d'utilisation de Google Maps<\/a><\/p><h2>Utilisation de YouTube<\/h2><p>Ce site web int\u00e8gre des composants de YouTube (YouTube, LLC, 901 Cherry Ave., San Bruno, CA 94066, USA).<\/p><p> Informations sur la protection de la vie priv\u00e9e :<br \/><a href=\"https:\/\/www.google.com\/intl\/en\/policies\/privacy\/\" target=\"_blank\" rel=\"noopener\">R\u00e8gles de confidentialit\u00e9 de YouTube \/ Google<\/a><\/p><h2>Information \/ Annulation \/ Suppression<\/h2><p>Vous pouvez nous contacter \u00e0 tout moment concernant la collecte, le traitement ou l'utilisation de vos donn\u00e9es personnelles, la correction, le blocage ou la suppression des donn\u00e9es, ou la r\u00e9vocation du consentement.<\/p><p><a href=\"https:\/\/www.ratgeberrecht.eu\/leistungen\/muster-datenschutzerklaerung.html\" target=\"_blank\" rel=\"noopener\"> Exemple de d\u00e9claration de politique de confidentialit\u00e9 des donn\u00e9es <\/a> fourni par <a href=\"https:\/\/www.ratgeberrecht.eu\/\" target=\"_blank\" rel=\"noopener\"> Cabinet d'avocats Wei\u00df &amp; Partner <\/a><\/p><\/article><\/div><\/section>","protected":false},"excerpt":{"rendered":"","protected":false},"author":3,"featured_media":0,"parent":0,"menu_order":0,"comment_status":"closed","ping_status":"closed","template":"","meta":{"_acf_changed":false,"footnotes":""},"class_list":["post-104","page","type-page","status-publish","hentry"],"acf":[],"_links":{"self":[{"href":"https:\/\/ektennsa.net\/fr\/wp-json\/wp\/v2\/pages\/104","targetHints":{"allow":["GET"]}}],"collection":[{"href":"https:\/\/ektennsa.net\/fr\/wp-json\/wp\/v2\/pages"}],"about":[{"href":"https:\/\/ektennsa.net\/fr\/wp-json\/wp\/v2\/types\/page"}],"author":[{"embeddable":true,"href":"https:\/\/ektennsa.net\/fr\/wp-json\/wp\/v2\/users\/3"}],"replies":[{"embeddable":true,"href":"https:\/\/ektennsa.net\/fr\/wp-json\/wp\/v2\/comments?post=104"}],"version-history":[{"count":10,"href":"https:\/\/ektennsa.net\/fr\/wp-json\/wp\/v2\/pages\/104\/revisions"}],"predecessor-version":[{"id":2963,"href":"https:\/\/ektennsa.net\/fr\/wp-json\/wp\/v2\/pages\/104\/revisions\/2963"}],"wp:attachment":[{"href":"https:\/\/ektennsa.net\/fr\/wp-json\/wp\/v2\/media?parent=104"}],"curies":[{"name":"wp","href":"https:\/\/api.w.org\/{rel}","templated":true}]}}