{"id":1402,"date":"2025-11-17T13:39:44","date_gmt":"2025-11-17T12:39:44","guid":{"rendered":"https:\/\/darkcyan-ape-107410.hostingersite.com\/offer-of-the-month\/"},"modified":"2026-03-06T22:44:24","modified_gmt":"2026-03-06T21:44:24","slug":"offre-du-mois","status":"publish","type":"page","link":"https:\/\/ektennsa.net\/fr\/offer-of-the-month\/","title":{"rendered":"Offre du mois"},"content":{"rendered":"<section data-etch-element=\"section\" class=\"page-title\"><div data-etch-element=\"container\" class=\"page-title__container\"><div data-etch-element=\"flex-div\" class=\"page-title__heading-wrapper\"><h1 class=\"page-title__heading\">Offre du mois<\/h1><\/div><div data-etch-element=\"flex-div\" class=\"page-title__breadcrumb-wrapper\"><nav aria-label=\"Fil d&#039;Ariane\" class=\"breadcrumb-alpha\"><ol><li><a href=\"\/fr\/\">Accueil<\/a><\/li><li aria-current=\"page\">Offre du mois<\/li><\/ol><\/nav><\/div><\/div><\/section><section data-etch-element=\"section\" class=\"spare-part-section\"><ul data-etch-element=\"container\" class=\"spare-part-section__liste\"><li class=\"spare-part-section__list-item\"><article data-hintergrund=\"bg--white\" class=\"horizontal-card\"><div data-etch-element=\"flex-div\" class=\"horizontal-card__content-wrapper bg--white\"><h2 class=\"horizontal-card__heading\">Pompes hydrauliques Bosch Rexroth<\/h2><p class=\"horizontal-card__text\">Pompes hydrauliques Bosch Rexroth pour les grandes excavatrices mini\u00e8res. Disponibles sous forme d'unit\u00e9s remises \u00e0 neuf ou d'unit\u00e9s OEM neuves.<\/p><a href=\"\/fr\/spare-parts\/bosch-rexroth-hydraulic-pumps\/\" class=\"horizontal-card__cta\">Plus d'informations<\/a><div class=\"horizontal-card__badge-wrapper\"><div class=\"stock-badge\">En stock\n<\/div><\/div><\/div><figure data-etch-element=\"flex-div\" class=\"horizontal-card__image-wrapper\"><img loading=\"lazy\" decoding=\"async\"  sizes=\"auto, (max-width: 768px) 100vw, 768px\" srcset=\"https:\/\/ektennsa.net\/wp-content\/uploads\/Boschrexroth-Hydraulic-pump-Cat-468-8909-480x480.jpeg 480w, https:\/\/ektennsa.net\/wp-content\/uploads\/Boschrexroth-Hydraulic-pump-Cat-468-8909-768x432.jpeg 768w\" src=\"https:\/\/ektennsa.net\/wp-content\/uploads\/Boschrexroth-Hydraulic-pump-Cat-468-8909-768x432.jpeg\" alt=\"Pompe hydraulique Bosch Rexroth en emballage pour utilisation OEM.\" width=\"768\" height=\"432\" class=\"horizontal-card__image\" \/><\/figure><\/article><\/li><li class=\"spare-part-section__list-item\"><article data-hintergrund=\"bg--white\" class=\"horizontal-card\"><div data-etch-element=\"flex-div\" class=\"horizontal-card__content-wrapper bg--white\"><h2 class=\"horizontal-card__heading\">Palier d'orientation (joint tournant hydraulique)<\/h2><p class=\"horizontal-card__text\">Raccord hydraulique rotatif pour les \u00e9quipements miniers lourds. Con\u00e7u pour un transfert d'huile haute pression fiable entre les composants fixes et rotatifs.<\/p><a href=\"\/fr\/spare-parts\/slewing-bearing\/\" class=\"horizontal-card__cta\">Plus d'informations<\/a><div class=\"horizontal-card__badge-wrapper\"><div class=\"stock-badge\">En stock\n<\/div><\/div><\/div><figure data-etch-element=\"flex-div\" class=\"horizontal-card__image-wrapper\"><img loading=\"lazy\" decoding=\"async\"  sizes=\"auto, (max-width: 768px) 100vw, 768px\" srcset=\"https:\/\/ektennsa.net\/wp-content\/uploads\/ektennsa-slew-ring-480x480.jpg 480w, https:\/\/ektennsa.net\/wp-content\/uploads\/ektennsa-slew-ring-768x434.jpg 768w\" src=\"https:\/\/ektennsa.net\/wp-content\/uploads\/ektennsa-slew-ring-768x434.jpg\" alt=\"Produits industriels de haute qualit\u00e9 avec des pi\u00e8ces fabriqu\u00e9es sur place pour des machines de grande taille.\" width=\"768\" height=\"434\" class=\"horizontal-card__image\" \/><\/figure><\/article><\/li><li class=\"spare-part-section__list-item\"><article data-hintergrund=\"bg--white\" class=\"horizontal-card\"><div data-etch-element=\"flex-div\" class=\"horizontal-card__content-wrapper bg--white\"><h2 class=\"horizontal-card__heading\">Groupe de chenilles pour CAT D9T Bulldozer<\/h2><p class=\"horizontal-card__text\">Groupe de chenilles pour bulldozer CAT D9T, fabriqu\u00e9 par BERCO. Disponible en stock pour une livraison imm\u00e9diate.<\/p><a href=\"\/fr\/spare-parts\/track-group-for-cat-d9t-bulldozer\/\" class=\"horizontal-card__cta\">Plus d'informations<\/a><div class=\"horizontal-card__badge-wrapper\"><div class=\"stock-badge\">En stock\n<\/div><\/div><\/div><figure data-etch-element=\"flex-div\" class=\"horizontal-card__image-wrapper\"><img loading=\"lazy\" decoding=\"async\"  sizes=\"auto, (max-width: 768px) 100vw, 768px\" srcset=\"https:\/\/ektennsa.net\/wp-content\/uploads\/BERCO-Track-Group-480x360.jpeg 480w, https:\/\/ektennsa.net\/wp-content\/uploads\/BERCO-Track-Group-768x576.jpeg 768w\" src=\"https:\/\/ektennsa.net\/wp-content\/uploads\/BERCO-Track-Group-768x576.jpeg\" alt=\"Cha\u00eenes de chenilles enroul\u00e9es pour bulldozer CAT D9T, pr\u00eates \u00e0 \u00eatre assembl\u00e9es ou r\u00e9par\u00e9es.\" width=\"768\" height=\"576\" class=\"horizontal-card__image\" \/><\/figure><\/article><\/li><li class=\"spare-part-section__list-item\"><article data-hintergrund=\"bg--white\" class=\"horizontal-card\"><div data-etch-element=\"flex-div\" class=\"horizontal-card__content-wrapper bg--white\"><h2 class=\"horizontal-card__heading\">Pignons - O&amp;K RH40 - PN 2102521<\/h2><p class=\"horizontal-card__text\">6 pignons disponibles en stock pour les pelles mini\u00e8res O&amp;K RH40. Convient aux num\u00e9ros de pi\u00e8ces O&amp;K 2102521 \/ 1456682 et \u00e0 la r\u00e9f\u00e9rence CAT 443-5942.<\/p><a href=\"\/fr\/spare-parts\/sprockets-ok-rh40-pn-2102521\/\" class=\"horizontal-card__cta\">Plus d'informations<\/a><div class=\"horizontal-card__badge-wrapper\"><div class=\"stock-badge\">En stock\n<\/div><\/div><\/div><figure data-etch-element=\"flex-div\" class=\"horizontal-card__image-wrapper\"><img loading=\"lazy\" decoding=\"async\"  sizes=\"auto, (max-width: 768px) 100vw, 768px\" srcset=\"https:\/\/ektennsa.net\/wp-content\/uploads\/6-sprockets-480x270.jpeg 480w, https:\/\/ektennsa.net\/wp-content\/uploads\/6-sprockets-768x432.jpeg 768w\" src=\"https:\/\/ektennsa.net\/wp-content\/uploads\/6-sprockets-768x432.jpeg\" alt=\"Six pignons pour l&#039;excavateur O&amp;K RH40, mont\u00e9s sur des palettes en bois.\" width=\"768\" height=\"432\" class=\"horizontal-card__image\" \/><\/figure><\/article><\/li><li class=\"spare-part-section__list-item\"><article data-hintergrund=\"bg--white\" class=\"horizontal-card\"><div data-etch-element=\"flex-div\" class=\"horizontal-card__content-wrapper bg--white\"><h2 class=\"horizontal-card__heading\">Broche - O&amp;K 1929537<\/h2><p class=\"horizontal-card__text\">4 unit\u00e9s disponibles en stock - Pin O&amp;K 1929537 convient aux pelles mini\u00e8res Terex RH200, O&amp;K RH340, Caterpillar 6050 et 6060.<\/p><a href=\"\/fr\/spare-parts\/pin-ok-1929537\/\" class=\"horizontal-card__cta\">Plus d'informations<\/a><div class=\"horizontal-card__badge-wrapper\"><div class=\"stock-badge\">En stock\n<\/div><\/div><\/div><figure data-etch-element=\"flex-div\" class=\"horizontal-card__image-wrapper\"><img loading=\"lazy\" decoding=\"async\"  sizes=\"auto, (max-width: 768px) 100vw, 768px\" srcset=\"https:\/\/ektennsa.net\/wp-content\/uploads\/pin-close-720x960.jpeg 720w, https:\/\/ektennsa.net\/wp-content\/uploads\/pin-close-360x480.jpeg 360w, https:\/\/ektennsa.net\/wp-content\/uploads\/pin-close-768x1024.jpeg 768w\" src=\"https:\/\/ektennsa.net\/wp-content\/uploads\/pin-close-768x1024.jpeg\" alt=\"Cylindre hydraulique de qualit\u00e9 pour les engins de chantier.\" width=\"768\" height=\"1024\" class=\"horizontal-card__image\" \/><\/figure><\/article><\/li><li class=\"spare-part-section__list-item\"><article data-hintergrund=\"bg--white\" class=\"horizontal-card\"><div data-etch-element=\"flex-div\" class=\"horizontal-card__content-wrapper bg--white\"><h2 class=\"horizontal-card__heading\">B\u00e2ton - O&amp;K RH90<\/h2><p class=\"horizontal-card__text\">Assemblage de bras remis \u00e0 neuf pour les excavatrices mini\u00e8res O&amp;K RH90, num\u00e9ro de pi\u00e8ce 2270894.<\/p><a href=\"\/fr\/spare-parts\/stick-ok-rh90\/\" class=\"horizontal-card__cta\">Plus d'informations<\/a><div class=\"horizontal-card__badge-wrapper\"><div class=\"stock-badge\">En stock\n<\/div><\/div><\/div><figure data-etch-element=\"flex-div\" class=\"horizontal-card__image-wrapper\"><img loading=\"lazy\" decoding=\"async\"  sizes=\"auto, (max-width: 768px) 100vw, 768px\" srcset=\"https:\/\/ektennsa.net\/wp-content\/uploads\/stick-ok-rh90-480x222.jpeg 480w, https:\/\/ektennsa.net\/wp-content\/uploads\/stick-ok-rh90-768x355.jpeg 768w\" src=\"https:\/\/ektennsa.net\/wp-content\/uploads\/stick-ok-rh90-768x355.jpeg\" alt=\"Composant de l&#039;excavatrice O&amp;K RH90 sur un chantier de construction.\" width=\"768\" height=\"355\" class=\"horizontal-card__image\" \/><\/figure><\/article><\/li><\/ul><\/section><section data-etch-element=\"section\" class=\"form-section\" id=\"offer-of-the-month-form\"><div data-etch-element=\"container\" class=\"form-section__container\"><h2 class=\"form-section__heading\">Prendre contact<\/h2><form action=\"https:\/\/ektennsa.net\/fr\/wp-json\/ws-form\/v1\/submit\" class=\"wsf-form wsf-form-canvas\" id=\"ws-form-1\" data-id=\"5\" method=\"POST\" data-instance-id=\"1\" data-wsf-style-id=\"1\" data-trp-original-action=\"https:\/\/ektennsa.net\/fr\/wp-json\/ws-form\/v1\/submit\"><input type=\"hidden\" name=\"trp-form-language\" value=\"fr\"\/><\/form><\/div><\/section>","protected":false},"excerpt":{"rendered":"","protected":false},"author":3,"featured_media":0,"parent":0,"menu_order":0,"comment_status":"closed","ping_status":"closed","template":"","meta":{"_acf_changed":false,"footnotes":""},"class_list":["post-1402","page","type-page","status-publish","hentry"],"acf":[],"_links":{"self":[{"href":"https:\/\/ektennsa.net\/fr\/wp-json\/wp\/v2\/pages\/1402","targetHints":{"allow":["GET"]}}],"collection":[{"href":"https:\/\/ektennsa.net\/fr\/wp-json\/wp\/v2\/pages"}],"about":[{"href":"https:\/\/ektennsa.net\/fr\/wp-json\/wp\/v2\/types\/page"}],"author":[{"embeddable":true,"href":"https:\/\/ektennsa.net\/fr\/wp-json\/wp\/v2\/users\/3"}],"replies":[{"embeddable":true,"href":"https:\/\/ektennsa.net\/fr\/wp-json\/wp\/v2\/comments?post=1402"}],"version-history":[{"count":31,"href":"https:\/\/ektennsa.net\/fr\/wp-json\/wp\/v2\/pages\/1402\/revisions"}],"predecessor-version":[{"id":2692,"href":"https:\/\/ektennsa.net\/fr\/wp-json\/wp\/v2\/pages\/1402\/revisions\/2692"}],"wp:attachment":[{"href":"https:\/\/ektennsa.net\/fr\/wp-json\/wp\/v2\/media?parent=1402"}],"curies":[{"name":"wp","href":"https:\/\/api.w.org\/{rel}","templated":true}]}}