{"id":1499,"date":"2025-12-02T14:02:09","date_gmt":"2025-12-02T13:02:09","guid":{"rendered":"https:\/\/darkcyan-ape-107410.hostingersite.com\/services\/"},"modified":"2026-03-06T22:44:24","modified_gmt":"2026-03-06T21:44:24","slug":"services","status":"publish","type":"page","link":"https:\/\/ektennsa.net\/fr\/services\/","title":{"rendered":"Services"},"content":{"rendered":"<section data-etch-element=\"section\" class=\"page-title\"><div data-etch-element=\"container\" class=\"page-title__container\"><div data-etch-element=\"flex-div\" class=\"page-title__heading-wrapper\"><h1 class=\"page-title__heading\">Services<\/h1><\/div><div data-etch-element=\"flex-div\" class=\"page-title__breadcrumb-wrapper\"><nav aria-label=\"Fil d&#039;Ariane\" class=\"breadcrumb-alpha\"><ol><li><a href=\"\/fr\/\">Accueil<\/a><\/li><li aria-current=\"page\">Services<\/li><\/ol><\/nav><\/div><\/div><\/section><section data-etch-element=\"section\" class=\"services-list-section\"><ul class=\"services-section-list\"><li><article data-etch-element=\"section\" class=\"services-section\" data-bg-reverse=\"false\" id=\"\"><div data-etch-element=\"container\" class=\"services-section__container\"><div data-etch-element=\"flex-div\" class=\"services-section__content-wrapper\"><div data-etch-element=\"flex-div\" data-intro-style=\"Left\" data-show-divider=\"true\" class=\"section-intro\"><div class=\"section-intro__heading-wrapper\"><h2 class=\"section-intro__heading\">Pi\u00e8ces d\u00e9tach\u00e9es et composants<\/h2><\/div><div class=\"intro-section__body\"><p class=\"section-intro__lede\">Notre portefeuille de pi\u00e8ces d\u00e9tach\u00e9es couvre les machines d'exploitation mini\u00e8re et de construction des principales marques internationales d'\u00e9quipement. Nous fournissons des composants d'origine et des composants de remplacement de haute qualit\u00e9, y compris des pi\u00e8ces difficiles \u00e0 trouver pour les plates-formes anciennes et abandonn\u00e9es.\r\n\r\nGr\u00e2ce \u00e0 une combinaison de disponibilit\u00e9 directe des stocks et d'approvisionnement international structur\u00e9, nous assurons un acc\u00e8s fiable aux composants critiques n\u00e9cessaires \u00e0 la maintenance, \u00e0 la remise \u00e0 neuf et \u00e0 la continuit\u00e9 op\u00e9rationnelle.<\/p><div class=\"section-intro__cta-wrapper\"><a href=\"https:\/\/ektennsa.net\/fr\/services\/spare-parts-and-components\/\" class=\"section-intro__cta-primary btn--primary\">Plus d'informations<\/a><\/div><\/div><\/div><\/div><div data-etch-element=\"flex-div\" class=\"services-section__media-wrapper\"><figure data-etch-element=\"flex-div\" class=\"services-section__image-wrapper\"><img loading=\"lazy\" decoding=\"async\"  sizes=\"auto, (max-width: 768px) 100vw, 768px\" srcset=\"https:\/\/ektennsa.net\/wp-content\/uploads\/PIN-OK-Part-number-2417805-for-OK-RH-170-\u2013-Cat-6040-720x960.jpeg 720w, https:\/\/ektennsa.net\/wp-content\/uploads\/PIN-OK-Part-number-2417805-for-OK-RH-170-\u2013-Cat-6040-480x480.jpeg 480w, https:\/\/ektennsa.net\/wp-content\/uploads\/PIN-OK-Part-number-2417805-for-OK-RH-170-\u2013-Cat-6040-768x1024.jpeg 768w\" src=\"https:\/\/ektennsa.net\/wp-content\/uploads\/PIN-OK-Part-number-2417805-for-OK-RH-170-\u2013-Cat-6040-768x1024.jpeg\" alt=\"PIN-OK-Part-number-2417805-for-OK-RH-170-\u2013-Cat-6040\" width=\"768\" height=\"1024\" class=\"services-section__image\" \/><\/figure><figure data-etch-element=\"flex-div\" class=\"services-section__image-wrapper\"><img loading=\"lazy\" decoding=\"async\"  sizes=\"auto, (max-width: 768px) 100vw, 768px\" srcset=\"https:\/\/ektennsa.net\/wp-content\/uploads\/ektennsa_mining-480x175.jpg 480w, https:\/\/ektennsa.net\/wp-content\/uploads\/ektennsa_mining-768x280.jpg 768w\" src=\"https:\/\/ektennsa.net\/wp-content\/uploads\/ektennsa_mining-768x280.jpg\" alt=\"Pi\u00e8ces d\u00e9tach\u00e9es pour \u00e9quipements miniers et composants pour machines lourdes.\" width=\"768\" height=\"280\" class=\"services-section__image\" \/><\/figure><figure data-etch-element=\"flex-div\" class=\"services-section__image-wrapper\"><img loading=\"lazy\" decoding=\"async\"  sizes=\"auto, (max-width: 768px) 100vw, 768px\" srcset=\"https:\/\/ektennsa.net\/wp-content\/uploads\/ektennsa-dumper-480x480.jpg 480w, https:\/\/ektennsa.net\/wp-content\/uploads\/ektennsa-dumper-768x308.jpg 768w\" src=\"https:\/\/ektennsa.net\/wp-content\/uploads\/ektennsa-dumper-768x308.jpg\" alt=\"Bagger en gel avec de grandes roues et des glissi\u00e8res de s\u00e9curit\u00e9 sur une cuvette.\" width=\"768\" height=\"308\" class=\"services-section__image\" \/><\/figure><\/div><\/div><\/article><\/li><li><article data-etch-element=\"section\" class=\"services-section\" data-bg-reverse=\"false\" id=\"\"><div data-etch-element=\"container\" class=\"services-section__container\"><div data-etch-element=\"flex-div\" class=\"services-section__content-wrapper\"><div data-etch-element=\"flex-div\" data-intro-style=\"Left\" data-show-divider=\"true\" class=\"section-intro\"><div class=\"section-intro__heading-wrapper\"><h2 class=\"section-intro__heading\">Syst\u00e8mes hydrauliques et de puissance<\/h2><\/div><div class=\"intro-section__body\"><p class=\"section-intro__lede\">Les syst\u00e8mes hydrauliques sont essentiels \u00e0 la performance des machines lourdes. Nous fournissons des pompes et des moteurs Bosch Rexroth et assurons des services de r\u00e9paration professionnels pour garantir la stabilit\u00e9 op\u00e9rationnelle dans les applications mini\u00e8res, de construction et industrielles.<\/p><div class=\"section-intro__cta-wrapper\"><a href=\"https:\/\/ektennsa.net\/fr\/services\/hydraulics-power-systems\/\" class=\"section-intro__cta-primary btn--primary\">Plus d'informations<\/a><\/div><\/div><\/div><\/div><div data-etch-element=\"flex-div\" class=\"services-section__media-wrapper\"><figure data-etch-element=\"flex-div\" class=\"services-section__image-wrapper\"><img loading=\"lazy\" decoding=\"async\"  sizes=\"auto, (max-width: 768px) 100vw, 768px\" srcset=\"https:\/\/ektennsa.net\/wp-content\/uploads\/ektennsa-boschrexroth-pumps-and-motors-480x480.jpg 480w, https:\/\/ektennsa.net\/wp-content\/uploads\/ektennsa-boschrexroth-pumps-and-motors-768x434.jpg 768w\" src=\"https:\/\/ektennsa.net\/wp-content\/uploads\/ektennsa-boschrexroth-pumps-and-motors-768x434.jpg\" alt=\"Moteurs et composants \u00e9lectriques sur palettes dans le cadre d&#039;un projet de construction.\" width=\"768\" height=\"434\" class=\"services-section__image\" \/><\/figure><figure data-etch-element=\"flex-div\" class=\"services-section__image-wrapper\"><img loading=\"lazy\" decoding=\"async\"  sizes=\"auto, (max-width: 768px) 100vw, 768px\" srcset=\"https:\/\/ektennsa.net\/wp-content\/uploads\/ektennsa-dumper-480x480.jpg 480w, https:\/\/ektennsa.net\/wp-content\/uploads\/ektennsa-dumper-768x308.jpg 768w\" src=\"https:\/\/ektennsa.net\/wp-content\/uploads\/ektennsa-dumper-768x308.jpg\" alt=\"Bagger en gel avec de grandes roues et des glissi\u00e8res de s\u00e9curit\u00e9 sur une cuvette.\" width=\"768\" height=\"308\" class=\"services-section__image\" \/><\/figure><figure data-etch-element=\"flex-div\" class=\"services-section__image-wrapper\"><img loading=\"lazy\" decoding=\"async\"  sizes=\"auto, (max-width: 768px) 100vw, 768px\" srcset=\"https:\/\/ektennsa.net\/wp-content\/uploads\/ektennsa-valves-e1770294783774-480x480.jpg 480w, https:\/\/ektennsa.net\/wp-content\/uploads\/ektennsa-valves-e1770294783774-768x502.jpg 768w\" src=\"https:\/\/ektennsa.net\/wp-content\/uploads\/ektennsa-valves-e1770294783774-768x502.jpg\" alt=\"Composantes de s\u00e9curit\u00e9 avec contr\u00f4le technique, utilisation d&#039;un syst\u00e8me pneumatique ou hydraulique.\" width=\"768\" height=\"502\" class=\"services-section__image\" \/><\/figure><\/div><\/div><\/article><\/li><li><article data-etch-element=\"section\" class=\"services-section\" data-bg-reverse=\"false\" id=\"\"><div data-etch-element=\"container\" class=\"services-section__container\"><div data-etch-element=\"flex-div\" class=\"services-section__content-wrapper\"><div data-etch-element=\"flex-div\" data-intro-style=\"Left\" data-show-divider=\"true\" class=\"section-intro\"><div class=\"section-intro__heading-wrapper\"><h2 class=\"section-intro__heading\">Accessoires et fabrication sur mesure<\/h2><\/div><div class=\"intro-section__body\"><p class=\"section-intro__lede\">Ektennsa GmbH fournit des accessoires et des composants structurels robustes pour les machines d'exploitation mini\u00e8re et de construction. La gamme comprend des godets, des ensembles de trains de roulement et des composants li\u00e9s aux syst\u00e8mes, con\u00e7us pour des environnements op\u00e9rationnels exigeants.\r\n\r\nOutre les solutions standardis\u00e9es, nous proposons une fabrication sp\u00e9cifique \u00e0 la marque et des solutions de composants sur mesure, le cas \u00e9ch\u00e9ant. Tous les syst\u00e8mes sont s\u00e9lectionn\u00e9s et livr\u00e9s en mettant l'accent sur la durabilit\u00e9, la compatibilit\u00e9 et les performances op\u00e9rationnelles \u00e0 long terme.<\/p><div class=\"section-intro__cta-wrapper\"><a href=\"https:\/\/ektennsa.net\/fr\/services\/attachments-custom-manufacturing\/\" class=\"section-intro__cta-primary btn--primary\">Plus d'informations<\/a><\/div><\/div><\/div><\/div><div data-etch-element=\"flex-div\" class=\"services-section__media-wrapper\"><figure data-etch-element=\"flex-div\" class=\"services-section__image-wrapper\"><img loading=\"lazy\" decoding=\"async\"  sizes=\"auto, (max-width: 768px) 100vw, 768px\" srcset=\"https:\/\/ektennsa.net\/wp-content\/uploads\/ektennsa-radling-bucket-480x480.jpg 480w, https:\/\/ektennsa.net\/wp-content\/uploads\/ektennsa-radling-bucket-768x634.jpg 768w\" src=\"https:\/\/ektennsa.net\/wp-content\/uploads\/ektennsa-radling-bucket-768x634.jpg\" alt=\"Sch\u00e4dlingsbek\u00e4mpfung Ger\u00e4t mit Metalldeckel und gr\u00fcner Basis, technische Details im Diagramm.\" width=\"768\" height=\"634\" class=\"services-section__image\" \/><\/figure><figure data-etch-element=\"flex-div\" class=\"services-section__image-wrapper\"><img loading=\"lazy\" decoding=\"async\"  sizes=\"auto, (max-width: 600px) 100vw, 600px\" srcset=\"https:\/\/ektennsa.net\/wp-content\/uploads\/Bucket-for-an-OK-RH-90-excavator.jpeg 600w, https:\/\/ektennsa.net\/wp-content\/uploads\/Bucket-for-an-OK-RH-90-excavator-480x480.jpeg 480w\" src=\"https:\/\/ektennsa.net\/wp-content\/uploads\/Bucket-for-an-OK-RH-90-excavator.jpeg\" alt=\"Godet d&#039;excavateur \u00e0 usage intensif avec bord tranchant et plaques d&#039;usure.\" width=\"600\" height=\"495\" class=\"services-section__image\" \/><\/figure><figure data-etch-element=\"flex-div\" class=\"services-section__image-wrapper\"><img loading=\"lazy\" decoding=\"async\"  sizes=\"auto, (max-width: 200px) 100vw, 200px\" srcset=\"https:\/\/ektennsa.net\/wp-content\/uploads\/ektennsa_Shovel-for-a-OK-RH-90.jpg.jpeg 200w\" src=\"https:\/\/ektennsa.net\/wp-content\/uploads\/ektennsa_Shovel-for-a-OK-RH-90.jpg.jpeg\" alt=\"Grande benne industrielle avec trois hommes \u00e0 l&#039;avant pour l&#039;\u00e9chelle.\" width=\"200\" height=\"200\" class=\"services-section__image\" \/><\/figure><\/div><\/div><\/article><\/li><li><article data-etch-element=\"section\" class=\"services-section\" data-bg-reverse=\"false\" id=\"\"><div data-etch-element=\"container\" class=\"services-section__container\"><div data-etch-element=\"flex-div\" class=\"services-section__content-wrapper\"><div data-etch-element=\"flex-div\" data-intro-style=\"Left\" data-show-divider=\"true\" class=\"section-intro\"><div class=\"section-intro__heading-wrapper\"><h2 class=\"section-intro__heading\">Solutions pour les actifs industriels<\/h2><\/div><div class=\"intro-section__body\"><p class=\"section-intro__lede\">Commerce international et placement structur\u00e9 de composants industriels exc\u00e9dentaires pour les secteurs de l'exploitation mini\u00e8re, de la construction et de l'\u00e9quipement lourd. Nous mettons en relation les stocks inutilis\u00e9s avec des acheteurs qualifi\u00e9s sur les march\u00e9s mondiaux et assurons l'\u00e9valuation, la coordination et la logistique.<\/p><div class=\"section-intro__cta-wrapper\"><a href=\"https:\/\/ektennsa.net\/fr\/services\/industrial-asset-solutions\/\" class=\"section-intro__cta-primary btn--primary\">Plus d'informations<\/a><\/div><\/div><\/div><\/div><div data-etch-element=\"flex-div\" class=\"services-section__media-wrapper\"><figure data-etch-element=\"flex-div\" class=\"services-section__image-wrapper\"><img loading=\"lazy\" decoding=\"async\"  sizes=\"auto, (max-width: 768px) 100vw, 768px\" srcset=\"https:\/\/ektennsa.net\/wp-content\/uploads\/industry-trading-540x960.jpg 540w, https:\/\/ektennsa.net\/wp-content\/uploads\/industry-trading-270x480.jpg 270w, https:\/\/ektennsa.net\/wp-content\/uploads\/industry-trading-768x1365.jpg 768w\" src=\"https:\/\/ektennsa.net\/wp-content\/uploads\/industry-trading-768x1365.jpg\" alt=\"Cargo amarr\u00e9 au port avec des conteneurs empil\u00e9s et des grues de chargement.\" width=\"768\" height=\"1365\" class=\"services-section__image\" \/><\/figure><\/div><\/div><\/article><\/li><li><article data-etch-element=\"section\" class=\"services-section\" data-bg-reverse=\"false\" id=\"\"><div data-etch-element=\"container\" class=\"services-section__container\"><div data-etch-element=\"flex-div\" class=\"services-section__content-wrapper\"><div data-etch-element=\"flex-div\" data-intro-style=\"Left\" data-show-divider=\"true\" class=\"section-intro\"><div class=\"section-intro__heading-wrapper\"><h2 class=\"section-intro__heading\">Logistique et repr\u00e9sentation<\/h2><\/div><div class=\"intro-section__body\"><p class=\"section-intro__lede\">La fiabilit\u00e9 de l'approvisionnement d\u00e9pend \u00e9galement de la rapidit\u00e9 et de la s\u00e9curit\u00e9 de la livraison. Nous organisons le fret a\u00e9rien et maritime directement depuis l'Allemagne vers des clients du monde entier, en veillant \u00e0 ce que m\u00eame les envois importants ou urgents arrivent \u00e0 temps. En outre, nous agissons en tant que repr\u00e9sentant de confiance pour les entreprises internationales dans le secteur des machines allemandes.<\/p><div class=\"section-intro__cta-wrapper\"><a href=\"https:\/\/ektennsa.net\/fr\/services\/logistics-representation\/\" class=\"section-intro__cta-primary btn--primary\">Plus d'informations<\/a><\/div><\/div><\/div><\/div><div data-etch-element=\"flex-div\" class=\"services-section__media-wrapper\"><figure data-etch-element=\"flex-div\" class=\"services-section__image-wrapper\"><img loading=\"lazy\" decoding=\"async\"  sizes=\"auto, (max-width: 768px) 100vw, 768px\" srcset=\"https:\/\/ektennsa.net\/wp-content\/uploads\/ektennsa-logistics-480x480.jpg 480w, https:\/\/ektennsa.net\/wp-content\/uploads\/ektennsa-logistics-768x403.jpg 768w\" src=\"https:\/\/ektennsa.net\/wp-content\/uploads\/ektennsa-logistics-768x403.jpg\" alt=\"Fl\u00fcgel einer Passagiermaschine \u00fcber Wolkenhimmel, Flugreise, Himmel, Luftfahrt, wei\u00dfe Wolken.\" width=\"768\" height=\"403\" class=\"services-section__image\" \/><\/figure><\/div><\/div><\/article><\/li><\/ul><\/section><section data-etch-element=\"section\" class=\"cta-section bg--white\"><div data-etch-element=\"container\" class=\"cta-section__container\"><div data-etch-element=\"flex-div\" class=\"cta-section__content-wrapper\"><h2 class=\"cta-section__heading\">Un soutien fiable et des offres comp\u00e9titives<\/h2><p class=\"cta-section__text\">Contactez Ektennsa GmbH pour explorer vos options d'achat et recevoir des offres fiables et comp\u00e9titives de la part de notre \u00e9quipe en Allemagne.<\/p><\/div><div data-etch-element=\"flex-div\" class=\"cta-section__cta-wrapper\"><a href=\"\/fr\/nous-contacter\/\" class=\"btn--primary cta-section__cta\">Contacter Ektennsa<\/a><\/div><\/div><\/section>","protected":false},"excerpt":{"rendered":"","protected":false},"author":3,"featured_media":0,"parent":0,"menu_order":0,"comment_status":"closed","ping_status":"closed","template":"","meta":{"_acf_changed":false,"footnotes":""},"class_list":["post-1499","page","type-page","status-publish","hentry"],"acf":[],"_links":{"self":[{"href":"https:\/\/ektennsa.net\/fr\/wp-json\/wp\/v2\/pages\/1499","targetHints":{"allow":["GET"]}}],"collection":[{"href":"https:\/\/ektennsa.net\/fr\/wp-json\/wp\/v2\/pages"}],"about":[{"href":"https:\/\/ektennsa.net\/fr\/wp-json\/wp\/v2\/types\/page"}],"author":[{"embeddable":true,"href":"https:\/\/ektennsa.net\/fr\/wp-json\/wp\/v2\/users\/3"}],"replies":[{"embeddable":true,"href":"https:\/\/ektennsa.net\/fr\/wp-json\/wp\/v2\/comments?post=1499"}],"version-history":[{"count":5,"href":"https:\/\/ektennsa.net\/fr\/wp-json\/wp\/v2\/pages\/1499\/revisions"}],"predecessor-version":[{"id":1753,"href":"https:\/\/ektennsa.net\/fr\/wp-json\/wp\/v2\/pages\/1499\/revisions\/1753"}],"wp:attachment":[{"href":"https:\/\/ektennsa.net\/fr\/wp-json\/wp\/v2\/media?parent=1499"}],"curies":[{"name":"wp","href":"https:\/\/api.w.org\/{rel}","templated":true}]}}