{"id":899,"date":"2025-11-13T11:28:42","date_gmt":"2025-11-13T10:28:42","guid":{"rendered":"https:\/\/darkcyan-ape-107410.hostingersite.com\/about\/"},"modified":"2026-03-06T22:44:21","modified_gmt":"2026-03-06T21:44:21","slug":"a-propos-de","status":"publish","type":"page","link":"https:\/\/ektennsa.net\/fr\/about\/","title":{"rendered":"A propos de"},"content":{"rendered":"<section data-etch-element=\"section\" class=\"page-title\"><div data-etch-element=\"container\" class=\"page-title__container\"><div data-etch-element=\"flex-div\" class=\"page-title__heading-wrapper\"><h1 class=\"page-title__heading\">A propos de nous<\/h1><\/div><div data-etch-element=\"flex-div\" class=\"page-title__breadcrumb-wrapper\"><nav aria-label=\"Fil d&#039;Ariane\" class=\"breadcrumb-alpha\"><ol><li><a href=\"\/fr\/\">Accueil<\/a><\/li><li aria-current=\"page\">A propos de<\/li><\/ol><\/nav><\/div><\/div><\/section><section data-etch-element=\"section\" class=\"content-section bg--white\" data-order-desktop=\"false\" data-order-mobile=\"false\" data-layout=\"3-2\"><div data-etch-element=\"container\" class=\"content-section__container\"><div data-etch-element=\"flex-div\" class=\"content-section__content-wrapper\"><div data-etch-element=\"flex-div\" data-intro-style=\"Left\" data-show-divider=\"true\" class=\"section-intro\"><div class=\"section-intro__heading-wrapper\"><h2 class=\"section-intro__heading\">Ektennsa GmbH<\/h2><\/div><\/div><p>Ektennsa GmbH est une entreprise allemande bas\u00e9e \u00e0 Berlin, sp\u00e9cialis\u00e9e dans la fourniture de composants OEM et de remplacement pour les machines lourdes. Nous fournissons des pi\u00e8ces de haute qualit\u00e9 pour les secteurs de l'exploitation mini\u00e8re, de la construction et du terrassement, en mettant l'accent sur la fiabilit\u00e9 de l'ing\u00e9nierie europ\u00e9enne.<\/p><h2 class=\"content-heading\">Exploitation mini\u00e8re, construction et \u00e9quipement lourd<\/h2><p>Nous fournissons des pi\u00e8ces d\u00e9tach\u00e9es et des composants d'origine pour les tombereaux, les camions, les excavateurs, les chargeurs et les anciens parcs de v\u00e9hicules.\nNotre r\u00e9seau couvre un large \u00e9ventail de marques allemandes et europ\u00e9ennes, ce qui nous permet de nous approvisionner en composants critiques, en articles en fin de s\u00e9rie et en \u00e9quivalents techniques directement aupr\u00e8s de fabricants de confiance.<\/p><h2 class=\"content-heading\">Expertise en mati\u00e8re d'\u00e9quipements industriels et d'ing\u00e9nierie<\/h2><p>Ektennsa donne \u00e9galement acc\u00e8s \u00e0 un vaste portefeuille de machines industrielles et de produits techniques provenant du secteur manufacturier allemand. En coop\u00e9ration avec des partenaires techniques de longue date - dont beaucoup ont plus de 50 ans d'exp\u00e9rience - nous soutenons des projets de conception, d'installation et de maintenance de syst\u00e8mes de concassage et de criblage pour le traitement des pierres, des roches et des minerais. Nous fournissons \u00e9galement des pi\u00e8ces d'usure alternatives de haute qualit\u00e9 fabriqu\u00e9es en Allemagne, notamment :<\/p><ul class=\"content-list\"><li>Mors fixes et mobiles<\/li><li>Manchons fixes et mobiles<\/li><li>Bagues et pi\u00e8ces d'usure pour diverses marques de concasseurs<\/li><\/ul><\/div><div data-etch-element=\"flex-div\" class=\"content-section__media-wrapper\"><div data-etch-element=\"flex-div\" class=\"image-group\"><figure data-etch-element=\"flex-div\" class=\"image-group__image-wrapper\"><img loading=\"lazy\" decoding=\"async\"  sizes=\"auto, (max-width: 768px) 100vw, 768px\" srcset=\"https:\/\/ektennsa.net\/wp-content\/uploads\/ektennsa-dumper-480x480.jpg 480w, https:\/\/ektennsa.net\/wp-content\/uploads\/ektennsa-dumper-768x308.jpg 768w\" src=\"https:\/\/ektennsa.net\/wp-content\/uploads\/ektennsa-dumper-768x308.jpg\" alt=\"Bagger en gel avec de grandes roues et des glissi\u00e8res de s\u00e9curit\u00e9 sur une cuvette.\" width=\"768\" height=\"308\" class=\"image-group__image\" \/><\/figure><figure data-etch-element=\"flex-div\" class=\"image-group__image-wrapper\"><img loading=\"lazy\" decoding=\"async\"  sizes=\"auto, (max-width: 768px) 100vw, 768px\" srcset=\"https:\/\/ektennsa.net\/wp-content\/uploads\/ektennsa-Slewing-gear-for-OK-RH340-and-RH-170-480x480.jpg 480w, https:\/\/ektennsa.net\/wp-content\/uploads\/ektennsa-Slewing-gear-for-OK-RH340-and-RH-170-768x391.jpg 768w\" src=\"https:\/\/ektennsa.net\/wp-content\/uploads\/ektennsa-Slewing-gear-for-OK-RH340-and-RH-170-768x391.jpg\" alt=\"Produits de haute qualit\u00e9, composants pour l&#039;industrie, en vente en magasin sur une palette de couleurs.\" width=\"768\" height=\"391\" class=\"image-group__image\" \/><\/figure><figure data-etch-element=\"flex-div\" class=\"image-group__image-wrapper\"><img loading=\"lazy\" decoding=\"async\"  sizes=\"auto, (max-width: 300px) 100vw, 300px\" srcset=\"https:\/\/ektennsa.net\/wp-content\/uploads\/Flange-Bushing-for-Industrial-Equipment-Engineering-Expertise.jpeg 300w\" src=\"https:\/\/ektennsa.net\/wp-content\/uploads\/Flange-Bushing-for-Industrial-Equipment-Engineering-Expertise.jpeg\" alt=\"Pi\u00e8ces m\u00e9talliques industrielles sur un \u00e9tabli dans une usine de fabrication.\" width=\"300\" height=\"225\" class=\"image-group__image\" \/><\/figure><\/div><\/div><\/div><\/section><section data-etch-element=\"section\" class=\"content-section bg--ultra-light\" data-order-desktop=\"true\" data-order-mobile=\"false\" data-layout=\"2-3\"><div data-etch-element=\"container\" class=\"content-section__container\"><div data-etch-element=\"flex-div\" class=\"content-section__content-wrapper\"><div data-etch-element=\"flex-div\" data-intro-style=\"Left\" data-show-divider=\"true\" class=\"section-intro\"><div class=\"section-intro__heading-wrapper\"><h2 class=\"section-intro__heading\">Actifs dans le monde entier<\/h2><\/div><\/div><h2 class=\"content-heading\">R\u00e9seau d'approvisionnement mondial<\/h2><p>Depuis Berlin, nous livrons des composants \u00e0 des clients en Am\u00e9rique du Sud, en Afrique, en Asie, en Polyn\u00e9sie, en Europe et au-del\u00e0. Nous fournissons des pi\u00e8ces d'origine, des pi\u00e8ces alternatives, des pi\u00e8ces neuves et des pi\u00e8ces remises \u00e0 neuf, ce qui permet aux op\u00e9rateurs d'entretenir les \u00e9quipements anciens de mani\u00e8re aussi fiable que les flottes modernes. Ektennsa fait office de pont entre l'Allemagne, l'Europe et les march\u00e9s internationaux, offrant un acc\u00e8s direct aux fabricants et aux derni\u00e8res solutions d'ing\u00e9nierie.<\/p><h2 class=\"content-heading\">Partenariat et repr\u00e9sentation<\/h2><p>Gr\u00e2ce \u00e0 notre r\u00e9seau de partenaires europ\u00e9ens, nous pr\u00e9sentons \u00e0 nos clients une large gamme de pi\u00e8ces d\u00e9tach\u00e9es, de composants, d'accessoires et d'\u00e9quipements. Nous donnons \u00e9galement un aper\u00e7u des progr\u00e8s r\u00e9alis\u00e9s dans les syst\u00e8mes d'ing\u00e9nierie m\u00e9canique, \u00e9lectronique et \u00e9cologique pour les machines de construction, d'exploitation mini\u00e8re et de traitement des mat\u00e9riaux.<\/p><\/div><div data-etch-element=\"flex-div\" class=\"content-section__media-wrapper\"><div data-etch-element=\"flex-div\" class=\"image-group\"><figure data-etch-element=\"flex-div\" class=\"image-group__image-wrapper\"><img loading=\"lazy\" decoding=\"async\"  sizes=\"auto, (max-width: 768px) 100vw, 768px\" srcset=\"https:\/\/ektennsa.net\/wp-content\/uploads\/ektennsa-slew-ring-480x480.jpg 480w, https:\/\/ektennsa.net\/wp-content\/uploads\/ektennsa-slew-ring-768x434.jpg 768w\" src=\"https:\/\/ektennsa.net\/wp-content\/uploads\/ektennsa-slew-ring-768x434.jpg\" alt=\"Produits industriels de haute qualit\u00e9 avec des pi\u00e8ces fabriqu\u00e9es sur place pour des machines de grande taille.\" width=\"768\" height=\"434\" class=\"image-group__image\" \/><\/figure><figure data-etch-element=\"flex-div\" class=\"image-group__image-wrapper\"><img loading=\"lazy\" decoding=\"async\"  sizes=\"auto, (max-width: 768px) 100vw, 768px\" srcset=\"https:\/\/ektennsa.net\/wp-content\/uploads\/ektennsa-valves-e1770294783774-480x480.jpg 480w, https:\/\/ektennsa.net\/wp-content\/uploads\/ektennsa-valves-e1770294783774-768x502.jpg 768w\" src=\"https:\/\/ektennsa.net\/wp-content\/uploads\/ektennsa-valves-e1770294783774-768x502.jpg\" alt=\"Composantes de s\u00e9curit\u00e9 avec contr\u00f4le technique, utilisation d&#039;un syst\u00e8me pneumatique ou hydraulique.\" width=\"768\" height=\"502\" class=\"image-group__image\" \/><\/figure><figure data-etch-element=\"flex-div\" class=\"image-group__image-wrapper\"><img loading=\"lazy\" decoding=\"async\"  sizes=\"auto, (max-width: 768px) 100vw, 768px\" srcset=\"https:\/\/ektennsa.net\/wp-content\/uploads\/ektennsa-seats-for-mining-and-construction-machines-480x480.jpg 480w, https:\/\/ektennsa.net\/wp-content\/uploads\/ektennsa-seats-for-mining-and-construction-machines-768x692.jpg 768w\" src=\"https:\/\/ektennsa.net\/wp-content\/uploads\/ektennsa-seats-for-mining-and-construction-machines-768x692.jpg\" alt=\"Assise confortable avec un pied de lit et un pied de lit verstell\u00e9s, design ergonomique pour un confort d&#039;assise optimal.\" width=\"768\" height=\"692\" class=\"image-group__image\" \/><\/figure><\/div><\/div><\/div><\/section><section data-etch-element=\"section\" class=\"cta-section bg--white\"><div data-etch-element=\"container\" class=\"cta-section__container\"><div data-etch-element=\"flex-div\" class=\"cta-section__content-wrapper\"><h2 class=\"cta-section__heading\">Un soutien fiable et des offres comp\u00e9titives<\/h2><p class=\"cta-section__text\">Contactez Ektennsa GmbH pour explorer vos options d'achat et recevoir des offres fiables et comp\u00e9titives de la part de notre \u00e9quipe en Allemagne.<\/p><\/div><div data-etch-element=\"flex-div\" class=\"cta-section__cta-wrapper\"><a href=\"\/fr\/nous-contacter\/\" class=\"btn--primary cta-section__cta\">Contacter Ektennsa<\/a><\/div><\/div><\/section>","protected":false},"excerpt":{"rendered":"","protected":false},"author":3,"featured_media":0,"parent":0,"menu_order":0,"comment_status":"closed","ping_status":"closed","template":"","meta":{"_acf_changed":false,"footnotes":""},"class_list":["post-899","page","type-page","status-publish","hentry"],"acf":[],"_links":{"self":[{"href":"https:\/\/ektennsa.net\/fr\/wp-json\/wp\/v2\/pages\/899","targetHints":{"allow":["GET"]}}],"collection":[{"href":"https:\/\/ektennsa.net\/fr\/wp-json\/wp\/v2\/pages"}],"about":[{"href":"https:\/\/ektennsa.net\/fr\/wp-json\/wp\/v2\/types\/page"}],"author":[{"embeddable":true,"href":"https:\/\/ektennsa.net\/fr\/wp-json\/wp\/v2\/users\/3"}],"replies":[{"embeddable":true,"href":"https:\/\/ektennsa.net\/fr\/wp-json\/wp\/v2\/comments?post=899"}],"version-history":[{"count":38,"href":"https:\/\/ektennsa.net\/fr\/wp-json\/wp\/v2\/pages\/899\/revisions"}],"predecessor-version":[{"id":3110,"href":"https:\/\/ektennsa.net\/fr\/wp-json\/wp\/v2\/pages\/899\/revisions\/3110"}],"wp:attachment":[{"href":"https:\/\/ektennsa.net\/fr\/wp-json\/wp\/v2\/media?parent=899"}],"curies":[{"name":"wp","href":"https:\/\/api.w.org\/{rel}","templated":true}]}}